{"id":3155,"date":"2022-11-16T10:03:17","date_gmt":"2022-11-16T10:03:17","guid":{"rendered":"https:\/\/www.colaiste.ie\/tearmai-coinniollacha\/"},"modified":"2024-09-02T15:37:50","modified_gmt":"2024-09-02T15:37:50","slug":"tearmai-coinniollacha","status":"publish","type":"page","link":"https:\/\/www.colaiste.ie\/ga\/tearmai-coinniollacha\/","title":{"rendered":"T\u00e9arma\u00ed &#038; Coinn\u00edollacha"},"content":{"rendered":"\n<p>Is iad seo a leanas na rialacha n\u00f3 na \u201cT\u00e9arma\u00ed\u201d a riala\u00edonn \u00e1irithint\u00ed agus oibr\u00edochta\u00ed ar fad Chol\u00e1ist\u00ed Chorca Dhuibhne. Tr\u00ed \u00fas\u00e1id a bhaint n\u00f3 cuairt a thabhairt ar an Su\u00edomh, aonta\u00edonn t\u00fa go sainr\u00e1ite a bheith faoi cheangal ag na T\u00e9arma\u00ed agus na T\u00e9arma\u00ed a lean\u00faint agus na dl\u00edthe agus na rialach\u00e1in is infheidhme a riala\u00edonn an l\u00e1ithre\u00e1n gr\u00e9as\u00e1in.<\/p>\n\n\n\n<p>Coime\u00e1dann Col\u00e1ist\u00ed Chorca Dhuibhne an ceart na T\u00e9arma\u00ed seo a athr\u00fa aon am, le h\u00e9ifeacht l\u00e1ithreach tar \u00e9is iad a phost\u00e1il ar an su\u00edomh Gr\u00e9as\u00e1in. Seice\u00e1il an leathanach seo den su\u00edomh Gr\u00e9as\u00e1in \u00f3 am go ch\u00e9ile.<\/p>\n\n\n\n<p>T\u00e1 l\u00f3ist\u00edn, bia, ranganna Gaeilge, gn\u00edomha\u00edochta\u00ed agus maoirseacht 24 uair an chloig san \u00e1ireamh sa phraghas. Tabhair faoi ndeara, le do thoil, go bhfuil gn\u00edomha\u00edochta\u00ed amuigh faoin aer ag brath ar an aimsir.<\/p>\n\n\n\n<h4>Covid 19<\/h4>\n\n\n\n<ol type=\"1\">\n<li>Tabhair faoi ndeara, le do thoil: Glacfar le dalta\u00ed go sealadach tr\u00e1th na h\u00e1irithinte. N\u00ed f\u00e9idir na c\u00e9imeanna deiridh den bpr\u00f3iseas \u00e1irithinte a chur i gcr\u00edch go hioml\u00e1n go dt\u00ed go mbeidh an m\u00e9id seo a leanas curtha i gcr\u00edch go s\u00e1s\u00fail:\n\u2022 Foirm Dhearbhaithe COVID 19\n\u2022 Foirm Mheas\u00fanaithe LG (m\u00e1s g\u00e1)<\/li>\n\n\n\n<li>N\u00ed m\u00f3r Dearbh\u00fa Covid 19 agus Foirmeacha Meas\u00fanaithe LG a sheoladh thar n-ais tr\u00e1th nach d\u00e9ana\u00ed n\u00e1 3 l\u00e1 roimh dh\u00e1ta tosaithe an ch\u00farsa. Tabhair faoi ndeara, le do thoil, nach nglacfar le foirmeacha a chuirfear ar ais n\u00edos d\u00e9ana\u00ed n\u00e1 3 l\u00e1 roimh dh\u00e1ta tosaithe an ch\u00farsa.<\/li>\n\n\n\n<li>Coime\u00e1dann Col\u00e1ist\u00ed Chorca Dhuibhne an ceart cl\u00e1r\u00fa a dhi\u00falt\u00fa d\u2019iarratas\u00f3ir\u00ed nach n-\u00e9ir\u00edonn leo c\u00e9imeanna 1 agus 2 a chomhl\u00edonadh.<\/li>\n\n\n\n<li>Coime\u00e1dann Col\u00e1ist\u00ed Chorca Dhuibhne an ceart chun di\u00falt\u00fa d\u2019iarratas\u00f3ir\u00ed a bhfuil tinneas tromch\u00faiseach orthu n\u00f3 riocht sl\u00e1inte tromch\u00faiseach lean\u00fanach orthu. T\u00e1 s\u00e9 seo ar mhaithe le leas agus s\u00e1bh\u00e1ilteacht an dalta agus na dalta\u00ed eile.<\/li>\n\n\n\n<li>Sa ch\u00e1s go gcuirfear an c\u00farsa ar ceal, seolfar an  t-ioml\u00e1n at\u00e1 \u00edochta thar n-ais, l\u00faide t\u00e1ille riarach\u00e1in de \u20ac90.<\/li>\n\n\n\n<li>Cuirtear \u00e1iteanna in \u00e1irithe ar bhonn an duine is t\u00faisce a thagann isteach agus sa ch\u00e1s go bhfuil orainn an l\u00edon ar ch\u00farsa a laghd\u00fa, is \u00e9 an duine is d\u00e9ana\u00ed isteach agus is t\u00faisce a bheidh i gceist. Beidh feidhm ag an n\u00f3s imeachta seo i gc\u00e1s ina laghda\u00edtear ACMHAINN CH\u00daRSA\u00cd DE DHEASCA L\u00d3IST\u00cdN GAN BHEITH AR F\u00c1IL.<\/li>\n\n\n\n<li>M\u00e1 chuirtear c\u00farsa ar ceal mar gheall ar COVID 19, n\u00f3 mar gheall ar ch\u00fains\u00ed eile nach bhfuil smacht ag Col\u00e1ist\u00ed Chorca Dhuibhne orthu, n\u00f3\/agus ar chomhairle an tr\u00ed\u00fa p\u00e1irt\u00ed n\u00f3 \u00fadar\u00e1is, seolfar gach t\u00e1ille thar n-ais seachas an costas riarach\u00e1in \u20ac90.<\/li>\n\n\n\n<li>M\u00e1s rud \u00e9 go gcaithfidh dalta \u00e9 a chur ar ceal de bharr comhartha\u00ed s\u00f3irt Covid 19 sara dtagann siad go dt\u00ed an gCol\u00e1iste, \u00edocfar ais\u00edoc ioml\u00e1n ar thaispe\u00e1int teastas docht\u00fara l\u00faide t\u00e1illle riarach\u00e1in \u20ac90. <\/li>\n\n\n\n<li>06\/08\/2022. M\u00e1 thagann athr\u00fa ar na treoirl\u00ednte seo, beidh s\u00e9 riachtanach na costais a bhaineann le feidhmi\u00fa an ch\u00farsa a mheas, agus m\u00e1 t\u00e1 na hathruithe suntasach, go gcaithf\u00ed l\u00edon na mac l\u00e9inn in aghaidh an ch\u00farsa a laghd\u00fa go suntasach n\u00f3 go mbeidh g\u00e1 le bearta suntasacha breise a chur i bhfeidhm. Chun clo\u00ed leis na treoirl\u00ednte ar chostas suntasach, coime\u00e1daimid \u00e1r seasamh maidir leis na t\u00e1ill\u00ed a leas\u00fa mar a leagadh amach roimhe seo n\u00f3 an c\u00farsa a chur ar ceal go hioml\u00e1n. Tabharfar f\u00f3gra scr\u00edofa do gach mac l\u00e9inn maidir le haon cheal\u00fa ioml\u00e1n ar an gc\u00farsa, n\u00f3 athr\u00fa ar na t\u00e1ill\u00ed at\u00e1 in\u00edoctha i leith an ch\u00farsa, a luaithe is f\u00e9idir.<\/li>\n\n\n\n<li>Mar gheall ar na forbairt\u00ed s\u00edor-athraitheach a bhaineann le Covid19, d\u00e9anfar meas\u00fan\u00fa ar chostais an ch\u00farsa, agus treoirl\u00ednte acmhainne c\u00farsa, n\u00edos gaire do dh\u00e1ta tosnaithe an ch\u00farsa.<\/li>\n<\/ol>\n\n\n\n<h4><strong>\u00c9arlais<\/strong><\/h4>\n\n\n\n<p>Beidh \u00e9arlais de \u20ac300 ag teast\u00e1il agus t\u00fa ag cuir d&#8217;fhoirm iarratais isteach.<\/p>\n\n\n\n<h4><strong>Deimhni\u00fa<\/strong><\/h4>\n\n\n\n<p>N\u00ed dheimhn\u00edtear \u00e1it ar ch\u00farsa ach amh\u00e1in nuair a fhaightear uimhir thagartha an ch\u00farsa. Gheobhaidh t\u00fa d&#8217;uimhir thagartha ar r\u00edomhphost nuair a bheidh t\u00fa ag d\u00e9anamh \u00e1irithinte. Luaigh an uimhir thagartha seo in aon chomhfhreagras le Col\u00e1ist\u00ed Chorca Dhuibhne.<\/p>\n\n\n\n<p>T\u00e9ir i dteagmhail linn le do thoil muna bhfaigheann t\u00fa d&#8217;uimhir thagartha. (via <a href=\"mailto:eolas@colaiste.ie\">eolas@colaiste.ie<\/a>)<\/p>\n\n\n\n<h4><strong>Iarmh\u00e9id<\/strong><\/h4>\n\n\n\n<p>N\u00ed m\u00f3r iarmh\u00e9id th\u00e1ille an ch\u00farsa a bheith d\u00edolta s\u00e9 seachtaine sara dtosna\u00edonn an c\u00farsa.&nbsp; Mara nd\u00edoltar an t-iarmh\u00e9id f\u00e9n nd\u00e1ta sin, t\u00e1 s\u00e9 de cheart ag Col\u00e1ist\u00ed Chorca Dhuibhne a dhearbh\u00fa go bhfuil an \u00e1irithint ar ceal, agus sa ch\u00e1s sin, caillfear an \u00e9arlais ioml\u00e1n a d\u00edoladh.<\/p>\n\n\n\n<h4><strong>Lascain\u00ed.<\/strong><\/h4>\n\n\n\n<p>T\u00e1 lascaine de \u20ac50 in aghaidh an dalta do theaghlaigh ar f\u00e1il do dhearth\u00e1ireacha agus deirfi\u00faracha at\u00e1 ag freastal ar Chol\u00e1ist\u00ed Chorca Dhuibne sa bhliain f\u00e9ilire ch\u00e9anna.<\/p>\n\n\n\n<p>N\u00ed bhaineann an lascaine seo len\u00e1r dTr\u00e9imhse Foghlama sa Ghaeltacht d&#8217;\u00e1bhair oid\u00ed.<\/p>\n\n\n\n<h4><strong>Scol\u00e1ireachta\u00ed&nbsp; &amp; P\u00e1irt-Scol\u00e1ireachta\u00ed<\/strong><\/h4>\n\n\n\n<p>N\u00ed bhaineann Scol\u00e1ireachta\u00ed &amp; P\u00e1irt-Scolaireachta\u00ed ach amh\u00e1in le c\u00farsa\u00ed na bliana reatha.<\/p>\n\n\n\n<p>Cuirfear luach an dearbh\u00e1in Scol\u00e1ireachta n\u00f3 P\u00e1irt-Scol\u00e1ireachta chun sochair an iarmh\u00e9id a bheidh dlite, a luaithe a gheobhaidh Col\u00e1ist\u00ed Chorca Dhuibhne deimhni\u00fa scr\u00edofa ar an scol\u00e1ireacht.<\/p>\n\n\n\n<p>T\u00e9ir i dteagmh\u00e1il linn m\u00e1 t\u00e1 scol\u00e1ireacht agat chun an tsl\u00ed a \u00edocfaidh t\u00fa an t-iarmh\u00e9id a phl\u00e9<\/p>\n\n\n\n<h4>Polasa\u00ed Cealaithe<\/h4>\n\n\n\n<ul>\n<li>I gc\u00e1s cealaithe i scr\u00edbhinn ag n\u00f3 thar ceann mac l\u00e9inn, suas go dt\u00ed deich seachtaine roimh dh\u00e1ta tosnaithe an ch\u00farsa, eiseofar ais\u00edoc ioml\u00e1n, l\u00faide costas riarach\u00e1in de \u20ac90.<\/li>\n<\/ul>\n\n\n\n<ul>\n<li>Leagfar costas riarach\u00e1in \u20ac90 ar gach ceal\u00fa a chaithfear deighle\u00e1il leis.<\/li>\n<\/ul>\n\n\n\n<p>Eiseofar ais\u00edoca\u00edocht ioml\u00e1n m\u00e1 chuireann t\u00fa ar ceal suas le 30 l\u00e1 roimh dh\u00e1ta tosnaithe an ch\u00farsa, l\u00faide t\u00e1ille riarach\u00e1in de \u20ac90.<\/p>\n\n\n\n<p>Forgh\u00e9illfidh t\u00fa d\u2019\u00e9arlais m\u00e1 cheala\u00edonn t\u00fa c\u00farsa idir 30 agus 7 l\u00e1 roimh dh\u00e1ta tosnaithe an ch\u00farsa.<\/p>\n\n\n\n<p>T\u00e1 t\u00fa freagrach as an T\u00c1ILLE IOML\u00c1N a \u00edoc linn m\u00e1 chuireann t\u00fa c\u00farsa ar ceal n\u00edos l\u00fa n\u00e1 7 l\u00e1 roimh dh\u00e1ta tosnaithe an ch\u00farsa.<\/p>\n\n\n\n<p><a href=\"https:\/\/www.colaiste.ie\/ga\/polasai-cealaithe\/\">F\u00e9ach ar an bPolasa\u00ed Cealaithe anseo&nbsp;<\/a><\/p>\n\n\n\n<p><strong>N\u00f3ta do dhalta\u00ed &amp; tuismitheoir\u00ed:<\/strong><\/p>\n\n\n\n<p>D\u00e9antar na t\u00e1ill\u00ed a \u00edoctar as an gc\u00farsa a mhiondeal\u00fa i gcostais ullmh\u00fach\u00e1in an chol\u00e1iste a tharla\u00edonn sula dtosna\u00edonn an c\u00farsa, agus i gcostais seachadta.<\/p>\n\n\n\n<p>Nuair a dh\u00e9antar \u00e1irithint, caitear cuid de na t\u00e1ill\u00ed a \u00edoctar ar chostais ullmh\u00fach\u00e1in an chol\u00e1iste agus an c\u00farsa \u00e1 phlean\u00e1il, is \u00e9 seo an t\u00e1ille riarach\u00e1in lena mbaineann, mar at\u00e1 luaite sa pholasa\u00ed ceal\u00fach\u00e1in thuas.<\/p>\n\n\n\n<p><strong>Briseadh s\u00edos ar chostais<\/strong><\/p>\n\n\n\n<ul>\n<li>T\u00e1ille ar ch\u00f3ras \u00e1irithinte: \u20ac4<\/li>\n\n\n\n<li>T\u00e1ille ar Ullmh\u00fach\u00e1in an Ch\u00farsa (t\u00e1ille riarach\u00e1in) \u20ac90<\/li>\n\n\n\n<li>T\u00e1ille seachadta an ch\u00farsa: Athra\u00edonn gach c\u00farsa<\/li>\n<\/ul>\n\n\n\n<p>N\u00ed \u00e1ir\u00edtear t\u00e1ill\u00ed: taisteal go\/\u00f3 Chol\u00e1ist\u00ed Chorca Dhuibhne, cochaill ch\u00farsa, siopa milse\u00e1n, agus turas le linn an ch\u00farsa.<\/p>\n\n\n\n<p>T\u00e1 t\u00e1ill\u00ed ar fad an ch\u00farsa bunaithe ar threoirl\u00ednte reatha a d\u2019eisigh Roinn Cult\u00fair, Oidhreachta agus Gaeltachta \u00f3n 19\/08\/2024.<\/p>\n\n\n\n<h4>&nbsp;<\/h4>\n\n\n\n<p><strong>Boilsci\u00fa<\/strong><\/p>\n\n\n\n<p>C\u00e9 go nd\u00e9antar gach iarracht an t\u00e1ille c\u00farsa at\u00e1 liostaithe ag an am \u00e1irithinte a chur i bhfeidhm, tabhair faoi ndeara le do thoil go bhf\u00e9adfa\u00ed formhuirear a ghearradh bunaithe ar chostais mh\u00e9adaithe an ch\u00farsa.<\/p>\n\n\n\n<p>Cuirfear custaim\u00e9ir\u00ed ar an eolas tr\u00ed r\u00edomhphost maidir le haon ard\u00fa ar th\u00e1ill\u00ed an ch\u00farsa.<\/p>\n\n\n\n<h4><strong>Rialacha<\/strong><\/h4>\n\n\n\n<p>N\u00ed chreideann an Coiste gur cheart go mbeadh liosta m\u00f3r fada rialacha le lean\u00faint. T\u00e1 c\u00fapla riail bhun\u00fasach ann agus iarrtar oraibh iadsan a lua leis an ndalta sara dtagann siad go dt\u00ed an nGaeltacht. M\u00e1 bhristear na rialacha seo, cuirfear an dalta abhaile \u00f3n gc\u00farsa agus caillfidh siad t\u00e1ille an ch\u00farsa.<\/p>\n\n\n\n<ol type=\"1\">\n<li><strong>Caithfidh dalta\u00ed Gaeilge a labhairt an t-am ar fad.<\/strong><\/li>\n\n\n\n<li>Caithfidh dalta\u00ed treoracha an Phr\u00edomhoide, M\u00fainteoir\u00ed, Ceannair\u00ed a lean\u00faint.<\/li>\n\n\n\n<li>Caithfidh dalta\u00ed filleadh ar a seomra\u00ed tar \u00e9is an ch\u00e9il\u00ed ag an am cu\u00ed agus n\u00edl cead imeacht ar\u00eds ina dhiaidh. Baineann s\u00e9 seo chomh maith le dalta\u00ed a t\u00f3gtar amach don l\u00e1 n\u00f3 cuid den l\u00e1 ag tuismitheoir\u00ed\/caomhn\u00f3ir\u00ed. <\/li>\n\n\n\n<li>N\u00ed cheada\u00edtear tabac, alc\u00f3l n\u00f3 substaint\u00ed and\u00faile a bheith i seilbh an dalta. N\u00ed cheada\u00edtear do dhalta\u00ed dul isteach in \u00e1itreabh cead\u00fanaithe.<\/li>\n\n\n\n<li>Caithfidh dalta\u00ed clo\u00ed le rialacha an bh\u00f3thair agus iad amuigh ag si\u00fal. D\u00e9an deimhin de go bhfuil saic\u00e9ad \u201chigh-vis\u201d ag do leanbh.<\/li>\n\n\n\n<li>Cuirfear srian ar \u00fas\u00e1id f\u00f3n p\u00f3ca le linn uaireanta an chol\u00e1iste. Beidh cead acu iad a \u00fas\u00e1id uair a chloig tar \u00e9is dinn\u00e9ir gach tr\u00e1thn\u00f3na.<\/li>\n\n\n\n<li>N\u00ed cheada\u00edtear d\u00edbhola\u00edoch sprae\u00e1la, n\u00f3 st\u00edleoir\u00ed gruaige t\u00e9ite.<\/li>\n\n\n\n<li>N\u00ed cheada\u00edtear t\u00e1irg\u00ed dath br\u00e9aga.<\/li>\n\n\n\n<li>Tabhair leat m\u00e1la n\u00edoch\u00e1in at\u00e1 neamhdh\u00edobh\u00e1lach don meais\u00edn.<\/li>\n<\/ol>\n\n\n\n<h4>&nbsp;<\/h4>\n\n\n\n<p><strong>Polasa\u00ed L\u00f3ist\u00edn<\/strong><\/p>\n\n\n\n<p>Deona\u00edtear l\u00f3ist\u00edn ar bhonn an ch\u00e9ad duine a thagann isteach. T\u00e1 iarratais phearsanta faoi r\u00e9ir infhaighteachta agus n\u00ed f\u00e9idir a chinnti\u00fa. Is f\u00e9idir uasmh\u00e9id de thri\u00far cairde a liost\u00fa agus caithfidh gach foirm comhfhreagrais teacht leis seo.<\/p>\n\n\n\n<h4><strong>An N\u00f3s Imeachta Smachta<\/strong><\/h4>\n\n\n\n<p>T\u00e1 s\u00e9 seo ar f\u00e1il ach \u00e9 a lorg i scr\u00edbhinn<\/p>\n","protected":false},"excerpt":{"rendered":"<p>Is iad seo a leanas na rialacha n\u00f3 na \u201cT\u00e9arma\u00ed\u201d a riala\u00edonn \u00e1irithint\u00ed agus oibr\u00edochta\u00ed ar fad Chol\u00e1ist\u00ed Chorca Dhuibhne. Tr\u00ed \u00fas\u00e1id a bhaint n\u00f3 cuairt a thabhairt ar an Su\u00edomh, aonta\u00edonn t\u00fa go sainr\u00e1ite a bheith faoi cheangal ag na T\u00e9arma\u00ed agus na T\u00e9arma\u00ed a lean\u00faint agus na dl\u00edthe agus na rialach\u00e1in is infheidhme [&hellip;]<\/p>\n","protected":false},"author":1,"featured_media":0,"parent":0,"menu_order":0,"comment_status":"closed","ping_status":"closed","template":"","meta":[],"acf":[],"yoast_head":"<!-- This site is optimized with the Yoast SEO plugin v21.0 - https:\/\/yoast.com\/wordpress\/plugins\/seo\/ -->\n<title>T\u00e9arma\u00ed &amp; Coinn\u00edollacha - Col\u00e1iste Gaeilge Chol\u00e1ist\u00ed Chorca Dhuibhne<\/title>\n<meta name=\"robots\" content=\"index, follow, max-snippet:-1, max-image-preview:large, max-video-preview:-1\" \/>\n<link rel=\"canonical\" href=\"https:\/\/www.colaiste.ie\/ga\/tearmai-coinniollacha\/\" \/>\n<meta property=\"og:locale\" content=\"en_US\" \/>\n<meta property=\"og:type\" content=\"article\" \/>\n<meta property=\"og:title\" content=\"T\u00e9arma\u00ed &amp; Coinn\u00edollacha - Col\u00e1iste Gaeilge Chol\u00e1ist\u00ed Chorca Dhuibhne\" \/>\n<meta property=\"og:description\" content=\"Is iad seo a leanas na rialacha n\u00f3 na \u201cT\u00e9arma\u00ed\u201d a riala\u00edonn \u00e1irithint\u00ed agus oibr\u00edochta\u00ed ar fad Chol\u00e1ist\u00ed Chorca Dhuibhne. Tr\u00ed \u00fas\u00e1id a bhaint n\u00f3 cuairt a thabhairt ar an Su\u00edomh, aonta\u00edonn t\u00fa go sainr\u00e1ite a bheith faoi cheangal ag na T\u00e9arma\u00ed agus na T\u00e9arma\u00ed a lean\u00faint agus na dl\u00edthe agus na rialach\u00e1in is infheidhme [&hellip;]\" \/>\n<meta property=\"og:url\" content=\"https:\/\/www.colaiste.ie\/ga\/tearmai-coinniollacha\/\" \/>\n<meta property=\"og:site_name\" content=\"Col\u00e1iste Gaeilge Chol\u00e1ist\u00ed Chorca Dhuibhne\" \/>\n<meta property=\"article:publisher\" content=\"https:\/\/www.facebook.com\/colaisteCD\/\" \/>\n<meta property=\"article:modified_time\" content=\"2024-09-02T15:37:50+00:00\" \/>\n<meta name=\"twitter:label1\" content=\"Est. reading time\" \/>\n\t<meta name=\"twitter:data1\" content=\"6 minutes\" \/>\n<script type=\"application\/ld+json\" class=\"yoast-schema-graph\">{\"@context\":\"https:\/\/schema.org\",\"@graph\":[{\"@type\":\"WebPage\",\"@id\":\"https:\/\/www.colaiste.ie\/ga\/tearmai-coinniollacha\/\",\"url\":\"https:\/\/www.colaiste.ie\/ga\/tearmai-coinniollacha\/\",\"name\":\"T\u00e9arma\u00ed & Coinn\u00edollacha - Col\u00e1iste Gaeilge Chol\u00e1ist\u00ed Chorca Dhuibhne\",\"isPartOf\":{\"@id\":\"https:\/\/www.colaiste.ie\/#website\"},\"datePublished\":\"2022-11-16T10:03:17+00:00\",\"dateModified\":\"2024-09-02T15:37:50+00:00\",\"breadcrumb\":{\"@id\":\"https:\/\/www.colaiste.ie\/ga\/tearmai-coinniollacha\/#breadcrumb\"},\"inLanguage\":\"ga\",\"potentialAction\":[{\"@type\":\"ReadAction\",\"target\":[\"https:\/\/www.colaiste.ie\/ga\/tearmai-coinniollacha\/\"]}]},{\"@type\":\"BreadcrumbList\",\"@id\":\"https:\/\/www.colaiste.ie\/ga\/tearmai-coinniollacha\/#breadcrumb\",\"itemListElement\":[{\"@type\":\"ListItem\",\"position\":1,\"name\":\"Baile\",\"item\":\"https:\/\/www.colaiste.ie\/ga\/\"},{\"@type\":\"ListItem\",\"position\":2,\"name\":\"T\u00e9arma\u00ed &#038; Coinn\u00edollacha\"}]},{\"@type\":\"WebSite\",\"@id\":\"https:\/\/www.colaiste.ie\/#website\",\"url\":\"https:\/\/www.colaiste.ie\/\",\"name\":\"Col\u00e1iste Gaeilge Chol\u00e1ist\u00ed Chorca Dhuibhne\",\"description\":\"C\u00farsa\u00ed Gaeilge i gCorca Dhuibhne\",\"publisher\":{\"@id\":\"https:\/\/www.colaiste.ie\/#organization\"},\"potentialAction\":[{\"@type\":\"SearchAction\",\"target\":{\"@type\":\"EntryPoint\",\"urlTemplate\":\"https:\/\/www.colaiste.ie\/?s={search_term_string}\"},\"query-input\":\"required name=search_term_string\"}],\"inLanguage\":\"ga\"},{\"@type\":\"Organization\",\"@id\":\"https:\/\/www.colaiste.ie\/#organization\",\"name\":\"Col\u00e1iste Gaeilge Chol\u00e1ist\u00ed Chorca Dhuibhne\",\"url\":\"https:\/\/www.colaiste.ie\/\",\"logo\":{\"@type\":\"ImageObject\",\"inLanguage\":\"ga\",\"@id\":\"https:\/\/www.colaiste.ie\/#\/schema\/logo\/image\/\",\"url\":\"https:\/\/www.colaiste.ie\/wp-content\/uploads\/2020\/08\/Logo-Transparent-With-Shadow_1000-X-1000px.png\",\"contentUrl\":\"https:\/\/www.colaiste.ie\/wp-content\/uploads\/2020\/08\/Logo-Transparent-With-Shadow_1000-X-1000px.png\",\"width\":1000,\"height\":1000,\"caption\":\"Col\u00e1iste Gaeilge Chol\u00e1ist\u00ed Chorca Dhuibhne\"},\"image\":{\"@id\":\"https:\/\/www.colaiste.ie\/#\/schema\/logo\/image\/\"},\"sameAs\":[\"https:\/\/www.facebook.com\/colaisteCD\/\",\"https:\/\/www.instagram.com\/colaistecd\/?hl=en\"]}]}<\/script>\n<!-- \/ Yoast SEO plugin. -->","yoast_head_json":{"title":"T\u00e9arma\u00ed & Coinn\u00edollacha - Col\u00e1iste Gaeilge Chol\u00e1ist\u00ed Chorca Dhuibhne","robots":{"index":"index","follow":"follow","max-snippet":"max-snippet:-1","max-image-preview":"max-image-preview:large","max-video-preview":"max-video-preview:-1"},"canonical":"https:\/\/www.colaiste.ie\/ga\/tearmai-coinniollacha\/","og_locale":"en_US","og_type":"article","og_title":"T\u00e9arma\u00ed & Coinn\u00edollacha - Col\u00e1iste Gaeilge Chol\u00e1ist\u00ed Chorca Dhuibhne","og_description":"Is iad seo a leanas na rialacha n\u00f3 na \u201cT\u00e9arma\u00ed\u201d a riala\u00edonn \u00e1irithint\u00ed agus oibr\u00edochta\u00ed ar fad Chol\u00e1ist\u00ed Chorca Dhuibhne. Tr\u00ed \u00fas\u00e1id a bhaint n\u00f3 cuairt a thabhairt ar an Su\u00edomh, aonta\u00edonn t\u00fa go sainr\u00e1ite a bheith faoi cheangal ag na T\u00e9arma\u00ed agus na T\u00e9arma\u00ed a lean\u00faint agus na dl\u00edthe agus na rialach\u00e1in is infheidhme [&hellip;]","og_url":"https:\/\/www.colaiste.ie\/ga\/tearmai-coinniollacha\/","og_site_name":"Col\u00e1iste Gaeilge Chol\u00e1ist\u00ed Chorca Dhuibhne","article_publisher":"https:\/\/www.facebook.com\/colaisteCD\/","article_modified_time":"2024-09-02T15:37:50+00:00","twitter_misc":{"Est. reading time":"6 minutes"},"schema":{"@context":"https:\/\/schema.org","@graph":[{"@type":"WebPage","@id":"https:\/\/www.colaiste.ie\/ga\/tearmai-coinniollacha\/","url":"https:\/\/www.colaiste.ie\/ga\/tearmai-coinniollacha\/","name":"T\u00e9arma\u00ed & Coinn\u00edollacha - Col\u00e1iste Gaeilge Chol\u00e1ist\u00ed Chorca Dhuibhne","isPartOf":{"@id":"https:\/\/www.colaiste.ie\/#website"},"datePublished":"2022-11-16T10:03:17+00:00","dateModified":"2024-09-02T15:37:50+00:00","breadcrumb":{"@id":"https:\/\/www.colaiste.ie\/ga\/tearmai-coinniollacha\/#breadcrumb"},"inLanguage":"ga","potentialAction":[{"@type":"ReadAction","target":["https:\/\/www.colaiste.ie\/ga\/tearmai-coinniollacha\/"]}]},{"@type":"BreadcrumbList","@id":"https:\/\/www.colaiste.ie\/ga\/tearmai-coinniollacha\/#breadcrumb","itemListElement":[{"@type":"ListItem","position":1,"name":"Baile","item":"https:\/\/www.colaiste.ie\/ga\/"},{"@type":"ListItem","position":2,"name":"T\u00e9arma\u00ed &#038; Coinn\u00edollacha"}]},{"@type":"WebSite","@id":"https:\/\/www.colaiste.ie\/#website","url":"https:\/\/www.colaiste.ie\/","name":"Col\u00e1iste Gaeilge Chol\u00e1ist\u00ed Chorca Dhuibhne","description":"C\u00farsa\u00ed Gaeilge i gCorca Dhuibhne","publisher":{"@id":"https:\/\/www.colaiste.ie\/#organization"},"potentialAction":[{"@type":"SearchAction","target":{"@type":"EntryPoint","urlTemplate":"https:\/\/www.colaiste.ie\/?s={search_term_string}"},"query-input":"required name=search_term_string"}],"inLanguage":"ga"},{"@type":"Organization","@id":"https:\/\/www.colaiste.ie\/#organization","name":"Col\u00e1iste Gaeilge Chol\u00e1ist\u00ed Chorca Dhuibhne","url":"https:\/\/www.colaiste.ie\/","logo":{"@type":"ImageObject","inLanguage":"ga","@id":"https:\/\/www.colaiste.ie\/#\/schema\/logo\/image\/","url":"https:\/\/www.colaiste.ie\/wp-content\/uploads\/2020\/08\/Logo-Transparent-With-Shadow_1000-X-1000px.png","contentUrl":"https:\/\/www.colaiste.ie\/wp-content\/uploads\/2020\/08\/Logo-Transparent-With-Shadow_1000-X-1000px.png","width":1000,"height":1000,"caption":"Col\u00e1iste Gaeilge Chol\u00e1ist\u00ed Chorca Dhuibhne"},"image":{"@id":"https:\/\/www.colaiste.ie\/#\/schema\/logo\/image\/"},"sameAs":["https:\/\/www.facebook.com\/colaisteCD\/","https:\/\/www.instagram.com\/colaistecd\/?hl=en"]}]}},"_links":{"self":[{"href":"https:\/\/www.colaiste.ie\/ga\/wp-json\/wp\/v2\/pages\/3155"}],"collection":[{"href":"https:\/\/www.colaiste.ie\/ga\/wp-json\/wp\/v2\/pages"}],"about":[{"href":"https:\/\/www.colaiste.ie\/ga\/wp-json\/wp\/v2\/types\/page"}],"author":[{"embeddable":true,"href":"https:\/\/www.colaiste.ie\/ga\/wp-json\/wp\/v2\/users\/1"}],"replies":[{"embeddable":true,"href":"https:\/\/www.colaiste.ie\/ga\/wp-json\/wp\/v2\/comments?post=3155"}],"version-history":[{"count":5,"href":"https:\/\/www.colaiste.ie\/ga\/wp-json\/wp\/v2\/pages\/3155\/revisions"}],"predecessor-version":[{"id":4159,"href":"https:\/\/www.colaiste.ie\/ga\/wp-json\/wp\/v2\/pages\/3155\/revisions\/4159"}],"wp:attachment":[{"href":"https:\/\/www.colaiste.ie\/ga\/wp-json\/wp\/v2\/media?parent=3155"}],"curies":[{"name":"wp","href":"https:\/\/api.w.org\/{rel}","templated":true}]}}