{"id":3116,"date":"2022-10-18T13:08:33","date_gmt":"2022-10-18T13:08:33","guid":{"rendered":"https:\/\/www.colaiste.ie\/aistriu-cursa-samhraidh-2023\/"},"modified":"2022-10-18T13:08:33","modified_gmt":"2022-10-18T13:08:33","slug":"aistriu-cursa-samhraidh-2023","status":"publish","type":"page","link":"https:\/\/www.colaiste.ie\/ga\/aistriu-cursa-samhraidh-2023\/","title":{"rendered":"Aistri\u00fa C\u00farsa Samhraidh 2023"},"content":{"rendered":"\n<script type=\"text\/javascript\">var gform;gform||(document.addEventListener(\"gform_main_scripts_loaded\",function(){gform.scriptsLoaded=!0}),document.addEventListener(\"gform\/theme\/scripts_loaded\",function(){gform.themeScriptsLoaded=!0}),window.addEventListener(\"DOMContentLoaded\",function(){gform.domLoaded=!0}),gform={domLoaded:!1,scriptsLoaded:!1,themeScriptsLoaded:!1,isFormEditor:()=>\"function\"==typeof InitializeEditor,callIfLoaded:function(o){return!(!gform.domLoaded||!gform.scriptsLoaded||!gform.themeScriptsLoaded&&!gform.isFormEditor()||(gform.isFormEditor()&&console.warn(\"The use of gform.initializeOnLoaded() is deprecated in the form editor context and will be removed in Gravity Forms 3.1.\"),o(),0))},initializeOnLoaded:function(o){gform.callIfLoaded(o)||(document.addEventListener(\"gform_main_scripts_loaded\",()=>{gform.scriptsLoaded=!0,gform.callIfLoaded(o)}),document.addEventListener(\"gform\/theme\/scripts_loaded\",()=>{gform.themeScriptsLoaded=!0,gform.callIfLoaded(o)}),window.addEventListener(\"DOMContentLoaded\",()=>{gform.domLoaded=!0,gform.callIfLoaded(o)}))},hooks:{action:{},filter:{}},addAction:function(o,r,e,t){gform.addHook(\"action\",o,r,e,t)},addFilter:function(o,r,e,t){gform.addHook(\"filter\",o,r,e,t)},doAction:function(o){gform.doHook(\"action\",o,arguments)},applyFilters:function(o){return gform.doHook(\"filter\",o,arguments)},removeAction:function(o,r){gform.removeHook(\"action\",o,r)},removeFilter:function(o,r,e){gform.removeHook(\"filter\",o,r,e)},addHook:function(o,r,e,t,n){null==gform.hooks[o][r]&&(gform.hooks[o][r]=[]);var d=gform.hooks[o][r];null==n&&(n=r+\"_\"+d.length),gform.hooks[o][r].push({tag:n,callable:e,priority:t=null==t?10:t})},doHook:function(r,o,e){var t;if(e=Array.prototype.slice.call(e,1),null!=gform.hooks[r][o]&&((o=gform.hooks[r][o]).sort(function(o,r){return o.priority-r.priority}),o.forEach(function(o){\"function\"!=typeof(t=o.callable)&&(t=window[t]),\"action\"==r?t.apply(null,e):e[0]=t.apply(null,e)})),\"filter\"==r)return e[0]},removeHook:function(o,r,t,n){var e;null!=gform.hooks[o][r]&&(e=(e=gform.hooks[o][r]).filter(function(o,r,e){return!!(null!=n&&n!=o.tag||null!=t&&t!=o.priority)}),gform.hooks[o][r]=e)}});<\/script>\n                <div class='gf_browser_gecko gform_wrapper gform_legacy_markup_wrapper gform-theme--no-framework' data-form-theme='legacy' data-form-index='0' id='gform_wrapper_20' ><div id='gf_20' class='gform_anchor' tabindex='-1'><\/div><form method='post' enctype='multipart\/form-data' target='gform_ajax_frame_20' id='gform_20'  action='\/ga\/wp-json\/wp\/v2\/pages\/3116#gf_20' data-formid='20' novalidate>\n                        <div class='gform-body gform_body'><ul id='gform_fields_20' class='gform_fields top_label form_sublabel_below description_below validation_below'><li id=\"field_20_8\" class=\"gfield gfield--type-html gfield_html gfield_html_formatted gfield_no_follows_desc field_sublabel_below gfield--no-description field_description_below field_validation_below gfield_visibility_visible\"  data-js-reload=\"field_20_8\" >Please fill-in this form if you are requested a transfer from a Summer 2021 course that has now been cancelled.<\/li><li id=\"field_20_1\" class=\"gfield gfield--type-name gfield_contains_required field_sublabel_below gfield--no-description field_description_below field_validation_below gfield_visibility_visible\"  data-js-reload=\"field_20_1\" ><label class='gfield_label gform-field-label gfield_label_before_complex' >Student Name<span class=\"gfield_required\"><span class=\"gfield_required gfield_required_asterisk\">*<\/span><\/span><\/label><div class='ginput_complex ginput_container ginput_container--name no_prefix has_first_name no_middle_name has_last_name no_suffix gf_name_has_2 ginput_container_name gform-grid-row' id='input_20_1'>\n                            \n                            <span id='input_20_1_3_container' class='name_first gform-grid-col gform-grid-col--size-auto' >\n                                                    <input type='text' name='input_1.3' id='input_20_1_3' value=''   aria-required='true'     \/>\n                                                    <label for='input_20_1_3' class='gform-field-label gform-field-label--type-sub '>First<\/label>\n                                                <\/span>\n                            \n                            <span id='input_20_1_6_container' class='name_last gform-grid-col gform-grid-col--size-auto' >\n                                                    <input type='text' name='input_1.6' id='input_20_1_6' value=''   aria-required='true'     \/>\n                                                    <label for='input_20_1_6' class='gform-field-label gform-field-label--type-sub '>Last<\/label>\n                                                <\/span>\n                            \n                        <\/div><\/li><li id=\"field_20_6\" class=\"gfield gfield--type-text gfield_contains_required field_sublabel_below gfield--no-description field_description_below field_validation_below gfield_visibility_visible\"  data-js-reload=\"field_20_6\" ><label class='gfield_label gform-field-label' for='input_20_6'>Parent Name<span class=\"gfield_required\"><span class=\"gfield_required gfield_required_asterisk\">*<\/span><\/span><\/label><div class='ginput_container ginput_container_text'><input name='input_6' id='input_20_6' type='text' value='' class='medium'     aria-required=\"true\" aria-invalid=\"false\"   \/><\/div><\/li><li id=\"field_20_5\" class=\"gfield gfield--type-text gf_left_half gfield_contains_required field_sublabel_below gfield--has-description field_description_below field_validation_below gfield_visibility_visible\"  data-js-reload=\"field_20_5\" ><label class='gfield_label gform-field-label' for='input_20_5'>Course Reference Number<span class=\"gfield_required\"><span class=\"gfield_required gfield_required_asterisk\">*<\/span><\/span><\/label><div class='ginput_container ginput_container_text'><input name='input_5' id='input_20_5' type='text' value='' class='medium'  aria-describedby=\"gfield_description_20_5\"   aria-required=\"true\" aria-invalid=\"false\"   \/><\/div><div class='gfield_description' id='gfield_description_20_5'>This is your course reference for the course you are currently enrolled in.<\/div><\/li><li id=\"field_20_7\" class=\"gfield gfield--type-email gf_right_half field_sublabel_below gfield--has-description field_description_below field_validation_below gfield_visibility_visible\"  data-js-reload=\"field_20_7\" ><label class='gfield_label gform-field-label' for='input_20_7'>Email<\/label><div class='ginput_container ginput_container_email'>\n                            <input name='input_7' id='input_20_7' type='email' value='' class='medium'     aria-invalid=\"false\" aria-describedby=\"gfield_description_20_7\" \/>\n                        <\/div><div class='gfield_description' id='gfield_description_20_7'>This is the email address you used to enroll in the course.<\/div><\/li><li id=\"field_20_2\" class=\"gfield gfield--type-select gfield_contains_required field_sublabel_below gfield--has-description field_description_below field_validation_below gfield_visibility_visible\"  data-js-reload=\"field_20_2\" ><label class='gfield_label gform-field-label' for='input_20_2'>New Course Date Selection<span class=\"gfield_required\"><span class=\"gfield_required gfield_required_asterisk\">*<\/span><\/span><\/label><div class='ginput_container ginput_container_select'><select name='input_2' id='input_20_2' class='medium gfield_select'  aria-describedby=\"gfield_description_20_2\"  aria-required=\"true\" aria-invalid=\"false\" ><option value='' ><\/option><option value='7th - 11th June' >7th - 11th June<\/option><option value='14th - 18th June' >14th - 18th June<\/option><option value='21st - 25th June' >21st - 25th June<\/option><option value='28th June - 2nd July' >28th June - 2nd July<\/option><\/select><\/div><div class='gfield_description' id='gfield_description_20_2'>Please select the date of Online course you would like to be transferred to<\/div><\/li><li id=\"field_20_4\" class=\"gfield gfield--type-captcha field_sublabel_below gfield--no-description field_description_below field_validation_below gfield_visibility_visible\"  data-js-reload=\"field_20_4\" ><label class='gfield_label gform-field-label screen-reader-text' for='input_20_4'><\/label><div id='input_20_4' class='ginput_container ginput_recaptcha' data-sitekey='6LeekFkUAAAAAAESadDsGc1cmO05-ofS_e5sFA0t'  data-theme='light' data-tabindex='0'  data-badge=''><\/div><\/li><li id=\"field_20_9\" class=\"gfield gfield--type-honeypot gform_validation_container field_sublabel_below gfield--has-description field_description_below field_validation_below gfield_visibility_visible\"  data-js-reload=\"field_20_9\" ><label class='gfield_label gform-field-label' for='input_20_9'>Name<\/label><div class='ginput_container'><input name='input_9' id='input_20_9' type='text' value='' autocomplete='new-password'\/><\/div><div class='gfield_description' id='gfield_description_20_9'>This field is for validation purposes and should be left unchanged.<\/div><\/li><\/ul><\/div>\n        <div class='gform-footer gform_footer top_label'> <input type='submit' id='gform_submit_button_20' class='gform_button button' onclick='gform.submission.handleButtonClick(this);' value='Submit'  \/> <input type='hidden' name='gform_ajax' value='form_id=20&amp;title=&amp;description=&amp;tabindex=0&amp;theme=legacy&amp;hash=17584676accaa7586900217ccc6a3b64' \/>\n            <input type='hidden' class='gform_hidden' name='gform_submission_method' data-js='gform_submission_method_20' value='iframe' \/>\n            <input type='hidden' class='gform_hidden' name='gform_theme' data-js='gform_theme_20' id='gform_theme_20' value='legacy' \/>\n            <input type='hidden' class='gform_hidden' name='gform_style_settings' data-js='gform_style_settings_20' id='gform_style_settings_20' value='' \/>\n            <input type='hidden' class='gform_hidden' name='is_submit_20' value='1' \/>\n            <input type='hidden' class='gform_hidden' name='gform_submit' value='20' \/>\n            \n            <input type='hidden' class='gform_hidden' name='gform_unique_id' value='' \/>\n            <input type='hidden' class='gform_hidden' name='state_20' value='WyJbXSIsIjdkNmQ2OTg5YjM3YmY1ZWE2OWIwNDNjMDQxMWMzNGU3Il0=' \/>\n            <input type='hidden' autocomplete='off' class='gform_hidden' name='gform_target_page_number_20' id='gform_target_page_number_20' value='0' \/>\n            <input type='hidden' autocomplete='off' class='gform_hidden' name='gform_source_page_number_20' id='gform_source_page_number_20' value='1' \/>\n            <input type='hidden' name='gform_field_values' value='' \/>\n            \n        <\/div>\n                        <p style=\"display: none !important;\" class=\"akismet-fields-container\" data-prefix=\"ak_\"><label>&#916;<textarea name=\"ak_hp_textarea\" cols=\"45\" rows=\"8\" maxlength=\"100\"><\/textarea><\/label><input type=\"hidden\" id=\"ak_js_1\" name=\"ak_js\" value=\"67\"\/><script>document.getElementById( \"ak_js_1\" ).setAttribute( \"value\", ( new Date() ).getTime() );<\/script><\/p><\/form>\n                        <\/div>\n\t\t                <iframe style='display:none;width:0px;height:0px;' src='about:blank' name='gform_ajax_frame_20' id='gform_ajax_frame_20' title='This iframe contains the logic required to handle Ajax powered Gravity Forms.'><\/iframe>\n\t\t                <script type=\"text\/javascript\">\ngform.initializeOnLoaded( function() {gformInitSpinner( 20, 'https:\/\/www.colaiste.ie\/wp-content\/plugins\/gravityforms\/images\/spinner.svg', true );jQuery('#gform_ajax_frame_20').on('load',function(){var contents = jQuery(this).contents().find('*').html();var is_postback = contents.indexOf('GF_AJAX_POSTBACK') >= 0;if(!is_postback){return;}var form_content = jQuery(this).contents().find('#gform_wrapper_20');var is_confirmation = jQuery(this).contents().find('#gform_confirmation_wrapper_20').length > 0;var is_redirect = contents.indexOf('gformRedirect(){') >= 0;var is_form = form_content.length > 0 && ! is_redirect && ! is_confirmation;var mt = parseInt(jQuery('html').css('margin-top'), 10) + parseInt(jQuery('body').css('margin-top'), 10) + 100;if(is_form){jQuery('#gform_wrapper_20').html(form_content.html());if(form_content.hasClass('gform_validation_error')){jQuery('#gform_wrapper_20').addClass('gform_validation_error');} else {jQuery('#gform_wrapper_20').removeClass('gform_validation_error');}setTimeout( function() { \/* delay the scroll by 50 milliseconds to fix a bug in chrome *\/ jQuery(document).scrollTop(jQuery('#gform_wrapper_20').offset().top - mt); }, 50 );if(window['gformInitDatepicker']) {gformInitDatepicker();}if(window['gformInitPriceFields']) {gformInitPriceFields();}var current_page = jQuery('#gform_source_page_number_20').val();gformInitSpinner( 20, 'https:\/\/www.colaiste.ie\/wp-content\/plugins\/gravityforms\/images\/spinner.svg', true );jQuery(document).trigger('gform_page_loaded', [20, current_page]);window['gf_submitting_20'] = false;}else if(!is_redirect){var confirmation_content = jQuery(this).contents().find('.GF_AJAX_POSTBACK').html();if(!confirmation_content){confirmation_content = contents;}jQuery('#gform_wrapper_20').replaceWith(confirmation_content);jQuery(document).scrollTop(jQuery('#gf_20').offset().top - mt);jQuery(document).trigger('gform_confirmation_loaded', [20]);window['gf_submitting_20'] = false;wp.a11y.speak(jQuery('#gform_confirmation_message_20').text());}else{jQuery('#gform_20').append(contents);if(window['gformRedirect']) {gformRedirect();}}jQuery(document).trigger(\"gform_pre_post_render\", [{ formId: \"20\", currentPage: \"current_page\", abort: function() { this.preventDefault(); } }]);                if (event && event.defaultPrevented) {                return;         }        const gformWrapperDiv = document.getElementById( \"gform_wrapper_20\" );        if ( gformWrapperDiv ) {            const visibilitySpan = document.createElement( \"span\" );            visibilitySpan.id = \"gform_visibility_test_20\";            gformWrapperDiv.insertAdjacentElement( \"afterend\", visibilitySpan );        }        const visibilityTestDiv = document.getElementById( \"gform_visibility_test_20\" );        let postRenderFired = false;                function triggerPostRender() {            if ( postRenderFired ) {                return;            }            postRenderFired = true;            jQuery( document ).trigger( 'gform_post_render', [20, current_page] );            gform.utils.trigger( { event: 'gform\/postRender', native: false, data: { formId: 20, currentPage: current_page } } );            gform.utils.trigger( { event: 'gform\/post_render', native: false, data: { formId: 20, currentPage: current_page } } );            if ( visibilityTestDiv ) {                visibilityTestDiv.parentNode.removeChild( visibilityTestDiv );            }        }        function debounce( func, wait, immediate ) {            var timeout;            return function() {                var context = this, args = arguments;                var later = function() {                    timeout = null;                    if ( !immediate ) func.apply( context, args );                };                var callNow = immediate && !timeout;                clearTimeout( timeout );                timeout = setTimeout( later, wait );                if ( callNow ) func.apply( context, args );            };        }        const debouncedTriggerPostRender = debounce( function() {            triggerPostRender();        }, 200 );        if ( visibilityTestDiv && visibilityTestDiv.offsetParent === null ) {            const observer = new MutationObserver( ( mutations ) => {                mutations.forEach( ( mutation ) => {                    if ( mutation.type === 'attributes' && visibilityTestDiv.offsetParent !== null ) {                        debouncedTriggerPostRender();                        observer.disconnect();                    }                });            });            observer.observe( document.body, {                attributes: true,                childList: false,                subtree: true,                attributeFilter: [ 'style', 'class' ],            });        } else {            triggerPostRender();        }    } );} );\n<\/script>\n\n","protected":false},"excerpt":{"rendered":"Please fill-in this form if you are requested a transfer from a Summer 2021 course that has now been cancelled.Student Name* First Last Parent Name*Course Reference Number*This is your course reference for the course you are currently enrolled in.Email This is the email address you used to enroll in the course.New Course Date Selection*7th - [...]","protected":false},"author":1,"featured_media":0,"parent":0,"menu_order":0,"comment_status":"closed","ping_status":"closed","template":"","meta":[],"acf":[],"yoast_head":"<!-- This site is optimized with the Yoast SEO plugin v21.0 - https:\/\/yoast.com\/wordpress\/plugins\/seo\/ -->\n<title>Aistri\u00fa C\u00farsa Samhraidh 2023 - Col\u00e1iste Gaeilge Chol\u00e1ist\u00ed Chorca Dhuibhne<\/title>\n<meta name=\"robots\" content=\"index, follow, max-snippet:-1, max-image-preview:large, max-video-preview:-1\" \/>\n<link rel=\"canonical\" href=\"https:\/\/www.colaiste.ie\/ga\/aistriu-cursa-samhraidh-2023\/\" \/>\n<meta property=\"og:locale\" content=\"en_US\" \/>\n<meta property=\"og:type\" content=\"article\" \/>\n<meta property=\"og:title\" content=\"Aistri\u00fa C\u00farsa Samhraidh 2023 - Col\u00e1iste Gaeilge Chol\u00e1ist\u00ed Chorca Dhuibhne\" \/>\n<meta property=\"og:url\" content=\"https:\/\/www.colaiste.ie\/ga\/aistriu-cursa-samhraidh-2023\/\" \/>\n<meta property=\"og:site_name\" content=\"Col\u00e1iste Gaeilge Chol\u00e1ist\u00ed Chorca Dhuibhne\" \/>\n<meta property=\"article:publisher\" content=\"https:\/\/www.facebook.com\/colaisteCD\/\" \/>\n<script type=\"application\/ld+json\" class=\"yoast-schema-graph\">{\"@context\":\"https:\/\/schema.org\",\"@graph\":[{\"@type\":\"WebPage\",\"@id\":\"https:\/\/www.colaiste.ie\/ga\/aistriu-cursa-samhraidh-2023\/\",\"url\":\"https:\/\/www.colaiste.ie\/ga\/aistriu-cursa-samhraidh-2023\/\",\"name\":\"Aistri\u00fa C\u00farsa Samhraidh 2023 - Col\u00e1iste Gaeilge Chol\u00e1ist\u00ed Chorca Dhuibhne\",\"isPartOf\":{\"@id\":\"https:\/\/www.colaiste.ie\/#website\"},\"datePublished\":\"2022-10-18T13:08:33+00:00\",\"dateModified\":\"2022-10-18T13:08:33+00:00\",\"breadcrumb\":{\"@id\":\"https:\/\/www.colaiste.ie\/ga\/aistriu-cursa-samhraidh-2023\/#breadcrumb\"},\"inLanguage\":\"ga\",\"potentialAction\":[{\"@type\":\"ReadAction\",\"target\":[\"https:\/\/www.colaiste.ie\/ga\/aistriu-cursa-samhraidh-2023\/\"]}]},{\"@type\":\"BreadcrumbList\",\"@id\":\"https:\/\/www.colaiste.ie\/ga\/aistriu-cursa-samhraidh-2023\/#breadcrumb\",\"itemListElement\":[{\"@type\":\"ListItem\",\"position\":1,\"name\":\"Baile\",\"item\":\"https:\/\/www.colaiste.ie\/ga\/\"},{\"@type\":\"ListItem\",\"position\":2,\"name\":\"Aistri\u00fa C\u00farsa Samhraidh 2023\"}]},{\"@type\":\"WebSite\",\"@id\":\"https:\/\/www.colaiste.ie\/#website\",\"url\":\"https:\/\/www.colaiste.ie\/\",\"name\":\"Col\u00e1iste Gaeilge Chol\u00e1ist\u00ed Chorca Dhuibhne\",\"description\":\"C\u00farsa\u00ed Gaeilge i gCorca Dhuibhne\",\"publisher\":{\"@id\":\"https:\/\/www.colaiste.ie\/#organization\"},\"potentialAction\":[{\"@type\":\"SearchAction\",\"target\":{\"@type\":\"EntryPoint\",\"urlTemplate\":\"https:\/\/www.colaiste.ie\/?s={search_term_string}\"},\"query-input\":\"required name=search_term_string\"}],\"inLanguage\":\"ga\"},{\"@type\":\"Organization\",\"@id\":\"https:\/\/www.colaiste.ie\/#organization\",\"name\":\"Col\u00e1iste Gaeilge Chol\u00e1ist\u00ed Chorca Dhuibhne\",\"url\":\"https:\/\/www.colaiste.ie\/\",\"logo\":{\"@type\":\"ImageObject\",\"inLanguage\":\"ga\",\"@id\":\"https:\/\/www.colaiste.ie\/#\/schema\/logo\/image\/\",\"url\":\"https:\/\/www.colaiste.ie\/wp-content\/uploads\/2020\/08\/Logo-Transparent-With-Shadow_1000-X-1000px.png\",\"contentUrl\":\"https:\/\/www.colaiste.ie\/wp-content\/uploads\/2020\/08\/Logo-Transparent-With-Shadow_1000-X-1000px.png\",\"width\":1000,\"height\":1000,\"caption\":\"Col\u00e1iste Gaeilge Chol\u00e1ist\u00ed Chorca Dhuibhne\"},\"image\":{\"@id\":\"https:\/\/www.colaiste.ie\/#\/schema\/logo\/image\/\"},\"sameAs\":[\"https:\/\/www.facebook.com\/colaisteCD\/\",\"https:\/\/www.instagram.com\/colaistecd\/?hl=en\"]}]}<\/script>\n<!-- \/ Yoast SEO plugin. -->","yoast_head_json":{"title":"Aistri\u00fa C\u00farsa Samhraidh 2023 - Col\u00e1iste Gaeilge Chol\u00e1ist\u00ed Chorca Dhuibhne","robots":{"index":"index","follow":"follow","max-snippet":"max-snippet:-1","max-image-preview":"max-image-preview:large","max-video-preview":"max-video-preview:-1"},"canonical":"https:\/\/www.colaiste.ie\/ga\/aistriu-cursa-samhraidh-2023\/","og_locale":"en_US","og_type":"article","og_title":"Aistri\u00fa C\u00farsa Samhraidh 2023 - Col\u00e1iste Gaeilge Chol\u00e1ist\u00ed Chorca Dhuibhne","og_url":"https:\/\/www.colaiste.ie\/ga\/aistriu-cursa-samhraidh-2023\/","og_site_name":"Col\u00e1iste Gaeilge Chol\u00e1ist\u00ed Chorca Dhuibhne","article_publisher":"https:\/\/www.facebook.com\/colaisteCD\/","schema":{"@context":"https:\/\/schema.org","@graph":[{"@type":"WebPage","@id":"https:\/\/www.colaiste.ie\/ga\/aistriu-cursa-samhraidh-2023\/","url":"https:\/\/www.colaiste.ie\/ga\/aistriu-cursa-samhraidh-2023\/","name":"Aistri\u00fa C\u00farsa Samhraidh 2023 - Col\u00e1iste Gaeilge Chol\u00e1ist\u00ed Chorca Dhuibhne","isPartOf":{"@id":"https:\/\/www.colaiste.ie\/#website"},"datePublished":"2022-10-18T13:08:33+00:00","dateModified":"2022-10-18T13:08:33+00:00","breadcrumb":{"@id":"https:\/\/www.colaiste.ie\/ga\/aistriu-cursa-samhraidh-2023\/#breadcrumb"},"inLanguage":"ga","potentialAction":[{"@type":"ReadAction","target":["https:\/\/www.colaiste.ie\/ga\/aistriu-cursa-samhraidh-2023\/"]}]},{"@type":"BreadcrumbList","@id":"https:\/\/www.colaiste.ie\/ga\/aistriu-cursa-samhraidh-2023\/#breadcrumb","itemListElement":[{"@type":"ListItem","position":1,"name":"Baile","item":"https:\/\/www.colaiste.ie\/ga\/"},{"@type":"ListItem","position":2,"name":"Aistri\u00fa C\u00farsa Samhraidh 2023"}]},{"@type":"WebSite","@id":"https:\/\/www.colaiste.ie\/#website","url":"https:\/\/www.colaiste.ie\/","name":"Col\u00e1iste Gaeilge Chol\u00e1ist\u00ed Chorca Dhuibhne","description":"C\u00farsa\u00ed Gaeilge i gCorca Dhuibhne","publisher":{"@id":"https:\/\/www.colaiste.ie\/#organization"},"potentialAction":[{"@type":"SearchAction","target":{"@type":"EntryPoint","urlTemplate":"https:\/\/www.colaiste.ie\/?s={search_term_string}"},"query-input":"required name=search_term_string"}],"inLanguage":"ga"},{"@type":"Organization","@id":"https:\/\/www.colaiste.ie\/#organization","name":"Col\u00e1iste Gaeilge Chol\u00e1ist\u00ed Chorca Dhuibhne","url":"https:\/\/www.colaiste.ie\/","logo":{"@type":"ImageObject","inLanguage":"ga","@id":"https:\/\/www.colaiste.ie\/#\/schema\/logo\/image\/","url":"https:\/\/www.colaiste.ie\/wp-content\/uploads\/2020\/08\/Logo-Transparent-With-Shadow_1000-X-1000px.png","contentUrl":"https:\/\/www.colaiste.ie\/wp-content\/uploads\/2020\/08\/Logo-Transparent-With-Shadow_1000-X-1000px.png","width":1000,"height":1000,"caption":"Col\u00e1iste Gaeilge Chol\u00e1ist\u00ed Chorca Dhuibhne"},"image":{"@id":"https:\/\/www.colaiste.ie\/#\/schema\/logo\/image\/"},"sameAs":["https:\/\/www.facebook.com\/colaisteCD\/","https:\/\/www.instagram.com\/colaistecd\/?hl=en"]}]}},"_links":{"self":[{"href":"https:\/\/www.colaiste.ie\/ga\/wp-json\/wp\/v2\/pages\/3116"}],"collection":[{"href":"https:\/\/www.colaiste.ie\/ga\/wp-json\/wp\/v2\/pages"}],"about":[{"href":"https:\/\/www.colaiste.ie\/ga\/wp-json\/wp\/v2\/types\/page"}],"author":[{"embeddable":true,"href":"https:\/\/www.colaiste.ie\/ga\/wp-json\/wp\/v2\/users\/1"}],"replies":[{"embeddable":true,"href":"https:\/\/www.colaiste.ie\/ga\/wp-json\/wp\/v2\/comments?post=3116"}],"version-history":[{"count":1,"href":"https:\/\/www.colaiste.ie\/ga\/wp-json\/wp\/v2\/pages\/3116\/revisions"}],"predecessor-version":[{"id":3117,"href":"https:\/\/www.colaiste.ie\/ga\/wp-json\/wp\/v2\/pages\/3116\/revisions\/3117"}],"wp:attachment":[{"href":"https:\/\/www.colaiste.ie\/ga\/wp-json\/wp\/v2\/media?parent=3116"}],"curies":[{"name":"wp","href":"https:\/\/api.w.org\/{rel}","templated":true}]}}