{"id":3098,"date":"2022-10-17T11:57:17","date_gmt":"2022-10-17T11:57:17","guid":{"rendered":"https:\/\/www.colaiste.ie\/polasai-covid-19\/"},"modified":"2023-08-24T13:33:51","modified_gmt":"2023-08-24T13:33:51","slug":"polasai-covid-19","status":"publish","type":"page","link":"https:\/\/www.colaiste.ie\/ga\/polasai-covid-19\/","title":{"rendered":"Polasa\u00ed Covid-19"},"content":{"rendered":"\n<p>T\u00e1imid, ag Col\u00e1ist\u00ed Chorca Dhuibhne, ag cur an pholasa\u00ed seo i bhfeidhm chun go mbeidh gach dalta a fhreastala\u00edonn ar Chol\u00e1ist\u00ed Chorca Dhuibhne ar an riosca is l\u00fa maidir le scaipeadh an ghalair Covid-19. Faoi l\u00e1thair, t\u00e1 na m\u00e9adrachta\u00ed ag dul sa treo m\u00edcheart. T\u00e1 an r\u00e1ta galraithe ag dul i m\u00e9id. Is m\u00e9adrach \u00e9 seo at\u00e1 ag gluaiseacht agus athra\u00edonn s\u00e9 go seachtaini\u00fail ach d\u00e9anaimid monat\u00f3ireacht air seo i gc\u00f3na\u00ed.<\/p>\n\n<p>T\u00e1 go leor d\u00e1r dTeaghlaigh Ghaeltachta idir iad fh\u00e9in agus daoine go bhfuil siad ag tabhairt aire d\u00f3ibh sa chatag\u00f3ir ardriosca. Is \u00e9 at\u00e1 sa pholasa\u00ed seo n\u00e1 a chinnti\u00fa go mbeidh na dalta\u00ed in ann freastal ar an nGaeltacht ar feadh na tr\u00e9imhse sin gan an baol a bheith ann go mbeidh briseadh amach ioml\u00e1n sa chol\u00e1iste.<\/p>\n\n<p>Go bun\u00fasach, bh\u00ed dh\u00e1 rogha againn &#8211; \u00e1r gcol\u00e1iste Gaeilge a oscailt do dhalta\u00ed le polasa\u00ed Covid-19 n\u00f3 \u00e9 a choime\u00e1d d\u00fanta.<\/p>\n\n<p>Bh\u00ed go leor cruinnithe fada againn leis na p\u00e1irtithe ar fad go mbaineann s\u00e9 leo; Mn\u00e1 T\u00ed, foireann an Chol\u00e1iste agus \u00e1r mBord. Chuir an toradh deiridh sinn ar \u00e1r gcumas n\u00f3s imeachta a lean\u00faint agus bearta a chur i bhfeidhm a chinnteodh an ts\u00e1bh\u00e1ilteacht is fearr do na dalta\u00ed a fhreastala\u00edonn \u00f3 na ceithre ch\u00faige \u00e9ags\u00fala, tigh a roinnt le timpeall 12 dalta eile at\u00e1 tagtha \u00f3 theaghlaigh \u00e9ags\u00fala.<\/p>\n\n<p>N\u00ed staid gan locht \u00e9 seo do cheachtar den d\u00e1 ph\u00e1irt\u00ed agus b\u2019fhearr linn gan a bheith sa riocht sin go gcaithimid na bearta sin a chur i bhfeidhm.<\/p>\n\n<p>T\u00e1 gach col\u00e1iste Gaeilge neamhsple\u00e1ch ar a ch\u00e9ile agus t\u00e1 m\u00fanla\u00ed gn\u00f3 \u00e9ags\u00fala acu chomh maith ach is \u00e9 \u00e1r sprioc n\u00e1 atmaisf\u00e9ar s\u00e1bh\u00e1ilte le cairdeas, su\u00e1ilceas, foglaim agus spraoi a chruth\u00fa le dalta\u00ed eile. Nuair a bh\u00edonn na dalta\u00ed ag freastal ar an gCol\u00e1iste i.e, Ranganna n\u00f3 ar ghn\u00edomha\u00edochta\u00ed lasmuigh faoin aer, n\u00ed bheidh g\u00e1 le masc a bheith orthu.<\/p>\n\n<p>Mar sin f\u00e9in, laistigh de thigh na mBan T\u00ed, t\u00e1 na mascanna th\u00e1bhachtach.<\/p>\n\n<p>T\u00e1 go leor c\u00farsa\u00ed beo \u00e1 re\u00e1cht\u00e1il againn \u00f3n gC\u00e1isc agus t\u00e1imid in ann iad seo a rith gan aon r\u00e1igeanna m\u00f3ra de bharr cur i bhfeidhm rath\u00fail \u00e1r bpolasa\u00ed.<\/p>\n\n<p>B\u2019fhearr linn go mbeadh c\u00fains\u00ed \u00e9ag\u00fala ann ach chun f\u00e1ilte a chur roimh dhalta\u00ed go Gaeltacht Chorca Dhuibhne i rith an tsamhraidh agus ar mhaithe len\u00e1r ngn\u00f3 a choime\u00e1d sa tsi\u00fal, t\u00e1 an gn\u00edomh seo de dh\u00edth.<\/p>\n\n<p>Is c\u00e1ip\u00e9is bheo \u00e9 an polasa\u00ed seo agus d\u00e9antar athbhreithni\u00fa laeth\u00fail air. A luaithe is a thiocfaidh laghd\u00fa ar fhorleithne ard Covid sa phobal, beimid in ann \u00e9 sin a leas\u00fa.<\/p>\n\n<p><strong>Polasa\u00ed Covid-19 Chol\u00e1ist\u00ed Chorca Dhuibhne<\/strong><\/p>\n\n<p>Beimid mar chol\u00e1iste ag clo\u00ed lenar bpolasa\u00ed Covid-19 agus beidh meas\u00fan\u00fa riosca \u00e1 dh\u00e9anamh againn go rialta ar ruda\u00ed at\u00e1 bainteach go speisialta le Col\u00e1ist\u00ed Samhraidh.<\/p>\n\n<p>I rith an ch\u00farsa ba mhaith linn go mbeimis chomh c\u00faramach is gur f\u00e9idir ag smaoineamh ar dhalta\u00ed eile ar an gc\u00farsa, ar na teaghlaigh go bhfuil scol\u00e1ir\u00ed ag fanacht ina measc agus ar gach duine eile at\u00e1 bainteach leis an gc\u00farsa agus iad sa cheantar.<\/p>\n\n<p><strong>N\u00edl Covid -19 imithe mar sin is ceart d\u00fainn a bheith c\u00faramach i gc\u00f3na\u00ed.<\/strong><\/p>\n\n<p><a href=\"https:\/\/www.citizensinformation.ie\/ga\/covid19\/living_with_covid19_plan.html\">Plean chun maireacht\u00e1la le COVID-19 (citizensinformation.ie)<\/a><\/p>\n\n<p>Seo a leanas na point\u00ed is t\u00e1bhachta\u00ed d\u00e1r gCol\u00e1iste:<\/p>\n\n<p><strong>Rialacha Chol\u00e1ist\u00ed Chorca Dhuibhne i leith Covid-19<\/strong><\/p>\n\n<p>**Beidh ar gach mac l\u00e9inn <strong>5 th\u00e1st\u00e1il antaigin<\/strong> a thabhairt leo don gc\u00farsa.\u00a0 (dh\u00e1 ceann sparalta ) **<\/p>\n\n<p><strong>N\u00ed bheidh ach tr\u00ed thast\u00e1il le d\u00e9anamh<\/strong><\/p>\n\n<ul><li>.<\/li><li>.<\/li><li>.<\/li><\/ul>\n\n<p><strong>Polasa\u00ed Chol\u00e1ist\u00ed Chorca Dhuibhne<\/strong><\/p>\n\n<ul><li>Tabhair leat mascanna mar beidh siad uait i dtithe na mBan T\u00ed \/ Fear T\u00ed.<\/li><li>.<\/li><li>.<\/li><li>Faoi l\u00e1thair sa ch\u00e1s is go mbeadh t\u00e1st\u00e1il dhearfach ag mac l\u00e9inn, beidh ar thuismitheoir\/chaomhn\u00f3ir iad a bhaili\u00fa ar an l\u00e1 sin.<\/li><li>Beidh orainn s\u00edni\u00fa a fh\u00e1il \u00f3 gach mac l\u00e9inn agus \u00f3 thuismitheoir\/chaomhn\u00f3ir go bhfuil siad s\u00e1sta leis na treoracha seo a lean\u00faint.<\/li><li>.<\/li><li>.<\/li><li>.<\/li><li>.<\/li><\/ul>\n\n<p>Beidh ar gach mac l\u00e9inn an t\u00e1st\u00e1il a dh\u00e9anamh faoi sti\u00fair fhoireann Chol\u00e1ist\u00ed Chorca Dhuibhne.<\/p>\n\n<p>.<\/p>\n\n<ul><li>.<\/li><li>.<\/li><\/ul>\n\n<p><strong>*\u00a0 \u00a0 \u00a0 \u00a0 \u00a0 \u00a0 \u00a0 \u00a0 \u00a0 \u00a0 \u00a0 \u00a0 \u00a0 \u00a0 \u00a0 \u00a0 \u00a0 *\u00a0 \u00a0 \u00a0 \u00a0 \u00a0 \u00a0 \u00a0 \u00a0 \u00a0 \u00a0 \u00a0 \u00a0 \u00a0 \u00a0 \u00a0 \u00a0 \u00a0 \u00a0*\u00a0 \u00a0 \u00a0 \u00a0 \u00a0 \u00a0 \u00a0 \u00a0 \u00a0 \u00a0 \u00a0 \u00a0 \u00a0 \u00a0 \u00a0 \u00a0 \u00a0 \u00a0 \u00a0 \u00a0*\u00a0 \u00a0 \u00a0 \u00a0 \u00a0 \u00a0 \u00a0 \u00a0 \u00a0 \u00a0 \u00a0 \u00a0 \u00a0 \u00a0 \u00a0 \u00a0 \u00a0 \u00a0 \u00a0 \u00a0 \u00a0 *\u00a0 \u00a0 \u00a0 \u00a0 \u00a0 \u00a0 \u00a0 \u00a0 \u00a0 \u00a0 \u00a0 \u00a0 \u00a0 \u00a0 \u00a0 \u00a0 \u00a0 \u00a0 \u00a0 \u00a0 \u00a0 \u00a0 *\u00a0 \u00a0 \u00a0 \u00a0 \u00a0 \u00a0 \u00a0 \u00a0 \u00a0 \u00a0 \u00a0 \u00a0 \u00a0 \u00a0 \u00a0 \u00a0 \u00a0 \u00a0 \u00a0 \u00a0 *<\/strong><\/p>\n\n<p>T\u00e1imid, ag Col\u00e1ist\u00ed Chorca Dhuibhne, ag cur an pholasa\u00ed seo i bhfeidhm chun go mbeidh gach dalta a fhreastala\u00edonn ar Chol\u00e1ist\u00ed Chorca Dhuibhne ar an riosca is l\u00fa maidir le scaipeadh an ghalair Covid-19. Faoi l\u00e1thair, t\u00e1 na m\u00e9adrachta\u00ed ag dul sa treo m\u00edcheart. T\u00e1 an r\u00e1ta galraithe ag dul i m\u00e9id. Is m\u00e9adrach \u00e9 seo at\u00e1 ag gluaiseacht agus athra\u00edonn s\u00e9 go seachtaini\u00fail ach d\u00e9anaimid monat\u00f3ireacht air seo i gc\u00f3na\u00ed.<\/p>\n\n<p>.<\/p>\n\n<p>.<\/p>\n\n<p>.<\/p>\n\n<p>.<\/p>\n\n<p>.<\/p>\n\n<p>.<\/p>\n\n<p>.<\/p>\n\n<p>Is c\u00e1ip\u00e9is bheo \u00e9 an polasa\u00ed seo agus d\u00e9antar athbhreithni\u00fa laeth\u00fail air. A luaithe is a thiocfaidh laghd\u00fa ar fhorleithne ard Covid sa phobal, beimid in ann \u00e9 sin a leas\u00fa.<\/p>\n\n<p><strong>Polasa\u00ed Covid-19 Chol\u00e1ist\u00ed Chorca Dhuibhne<\/strong><\/p>\n\n<p>Mar chol\u00e1iste, clo\u00edfimid len\u00e1r bpolasa\u00ed Covid-19 agus d\u00e9anfaimid meas\u00fan\u00fa riosca go rialta ar nithe a bhaineann go h\u00e1irithe le Col\u00e1ist\u00ed Samhraidh.<\/p>\n\n<p>I rith an ch\u00farsa, ba mhaith linn a bheith chomh c\u00faramach agus is f\u00e9idir linn, smaoineamh ar mhic l\u00e9inn eile ar an gc\u00farsa, ar na teaghlaigh a bhfuil mic l\u00e9inn ag fanacht leo, agus ar gach duine eile a bhfuil baint acu leis an gc\u00farsa agus iad sa cheantar.<\/p>\n\n<p><strong>N\u00edl Covid -19 imithe mar sin is ceart d\u00fainn a bheith c\u00faramach i gc\u00f3na\u00ed.<\/strong><\/p>\n\n<p>Plean chun maireacht\u00e1la le COVID-19 (citizensinformation.ie)<\/p>\n\n<p><strong>Is iad seo a leanas na point\u00ed is t\u00e1bhachta\u00ed d&#8217;\u00e1r gCol\u00e1iste:<\/strong><\/p>\n\n<p><strong>Rialacha Col\u00e1ist\u00ed Chorca Dhuibhne\u2019s maidir le Covid-19<\/strong><\/p>\n\n<p>.<\/p>\n\n<p>.<\/p>\n\n<p><strong>Polasa\u00ed Chol\u00e1ist\u00ed Chorca Dhuibhne<\/strong><\/p>\n\n<ul><li>.<\/li><li>.<\/li><li>Beidh ar gach mac l\u00e9inn eolas a bheith acu ar conas t\u00e1st\u00e1il Covid-19 a dh\u00e9anamh orthu f\u00e9in i rith an ch\u00farsa.<\/li><li><strong>Faoi l\u00e1thair m\u00e1 t\u00e1 t\u00e1st\u00e1il dhearfach ag dalta, beidh ar thuismitheoir\/caomhn\u00f3ir \u00e9\/\u00ed a bhaili\u00fa ar an l\u00e1 sin.<\/strong><\/li><li><strong>M\u00e1 bh\u00edonn t\u00e1st\u00e1il dhearfach Covid-19 ag Bean\/Fear a T\u00ed, beidh ar gach dalta sa tigh sin dul abhaile an l\u00e1 sin.<\/strong><\/li><li>.<\/li><li>.<\/li><\/ul>\n\n<p>.<\/p>\n\n<p><strong>M\u00e1 bh\u00edonn ar dhalta an c\u00farsa a fh\u00e1gaint aon am de bharr Covid-19, ais\u00edocfaidh Col\u00e1ist\u00ed Chorca Dhuibhne ar bhonn pro rata do na ho\u00edcheanta neamhchr\u00edochnaithe l\u00faide costas an bhoird a bhaineann leis an mBean T\u00ed.<\/strong><\/p>\n\n<p>M\u00e1s g\u00e1 do Chol\u00e1ist\u00ed Chorca Dhuibhne dalta a chur abhaile toisc Covid-19 a bheith ar Bhean\/Fhar a&#8217; T\u00ed, d\u00e9anfar gach iarracht \u00e1it a fh\u00e1il donn dalta ar ch\u00farsa eile n\u00f3 tabharfar ais\u00edoca\u00edocht bunaithe ar an gcuid eile den ch\u00farsa n\u00e1r cr\u00edochna\u00edodh.<\/p>\n","protected":false},"excerpt":{"rendered":"<p>T\u00e1imid, ag Col\u00e1ist\u00ed Chorca Dhuibhne, ag cur an pholasa\u00ed seo i bhfeidhm chun go mbeidh gach dalta a fhreastala\u00edonn ar Chol\u00e1ist\u00ed Chorca Dhuibhne ar an riosca is l\u00fa maidir le scaipeadh an ghalair Covid-19. Faoi l\u00e1thair, t\u00e1 na m\u00e9adrachta\u00ed ag dul sa treo m\u00edcheart. T\u00e1 an r\u00e1ta galraithe ag dul i m\u00e9id. Is m\u00e9adrach \u00e9 [&hellip;]<\/p>\n","protected":false},"author":1,"featured_media":0,"parent":0,"menu_order":0,"comment_status":"closed","ping_status":"closed","template":"","meta":[],"acf":[],"yoast_head":"<!-- This site is optimized with the Yoast SEO plugin v21.0 - https:\/\/yoast.com\/wordpress\/plugins\/seo\/ -->\n<title>Polasa\u00ed Covid-19 - Col\u00e1iste Gaeilge Chol\u00e1ist\u00ed Chorca Dhuibhne<\/title>\n<meta name=\"robots\" content=\"index, follow, max-snippet:-1, max-image-preview:large, max-video-preview:-1\" \/>\n<link rel=\"canonical\" href=\"https:\/\/www.colaiste.ie\/ga\/polasai-covid-19\/\" \/>\n<meta property=\"og:locale\" content=\"en_US\" \/>\n<meta property=\"og:type\" content=\"article\" \/>\n<meta property=\"og:title\" content=\"Polasa\u00ed Covid-19 - Col\u00e1iste Gaeilge Chol\u00e1ist\u00ed Chorca Dhuibhne\" \/>\n<meta property=\"og:description\" content=\"T\u00e1imid, ag Col\u00e1ist\u00ed Chorca Dhuibhne, ag cur an pholasa\u00ed seo i bhfeidhm chun go mbeidh gach dalta a fhreastala\u00edonn ar Chol\u00e1ist\u00ed Chorca Dhuibhne ar an riosca is l\u00fa maidir le scaipeadh an ghalair Covid-19. Faoi l\u00e1thair, t\u00e1 na m\u00e9adrachta\u00ed ag dul sa treo m\u00edcheart. T\u00e1 an r\u00e1ta galraithe ag dul i m\u00e9id. Is m\u00e9adrach \u00e9 [&hellip;]\" \/>\n<meta property=\"og:url\" content=\"https:\/\/www.colaiste.ie\/ga\/polasai-covid-19\/\" \/>\n<meta property=\"og:site_name\" content=\"Col\u00e1iste Gaeilge Chol\u00e1ist\u00ed Chorca Dhuibhne\" \/>\n<meta property=\"article:publisher\" content=\"https:\/\/www.facebook.com\/colaisteCD\/\" \/>\n<meta property=\"article:modified_time\" content=\"2023-08-24T13:33:51+00:00\" \/>\n<meta name=\"twitter:label1\" content=\"Est. reading time\" \/>\n\t<meta name=\"twitter:data1\" content=\"6 minutes\" \/>\n<script type=\"application\/ld+json\" class=\"yoast-schema-graph\">{\"@context\":\"https:\/\/schema.org\",\"@graph\":[{\"@type\":\"WebPage\",\"@id\":\"https:\/\/www.colaiste.ie\/ga\/polasai-covid-19\/\",\"url\":\"https:\/\/www.colaiste.ie\/ga\/polasai-covid-19\/\",\"name\":\"Polasa\u00ed Covid-19 - Col\u00e1iste Gaeilge Chol\u00e1ist\u00ed Chorca Dhuibhne\",\"isPartOf\":{\"@id\":\"https:\/\/www.colaiste.ie\/#website\"},\"datePublished\":\"2022-10-17T11:57:17+00:00\",\"dateModified\":\"2023-08-24T13:33:51+00:00\",\"breadcrumb\":{\"@id\":\"https:\/\/www.colaiste.ie\/ga\/polasai-covid-19\/#breadcrumb\"},\"inLanguage\":\"ga\",\"potentialAction\":[{\"@type\":\"ReadAction\",\"target\":[\"https:\/\/www.colaiste.ie\/ga\/polasai-covid-19\/\"]}]},{\"@type\":\"BreadcrumbList\",\"@id\":\"https:\/\/www.colaiste.ie\/ga\/polasai-covid-19\/#breadcrumb\",\"itemListElement\":[{\"@type\":\"ListItem\",\"position\":1,\"name\":\"Baile\",\"item\":\"https:\/\/www.colaiste.ie\/ga\/\"},{\"@type\":\"ListItem\",\"position\":2,\"name\":\"Polasa\u00ed Covid-19\"}]},{\"@type\":\"WebSite\",\"@id\":\"https:\/\/www.colaiste.ie\/#website\",\"url\":\"https:\/\/www.colaiste.ie\/\",\"name\":\"Col\u00e1iste Gaeilge Chol\u00e1ist\u00ed Chorca Dhuibhne\",\"description\":\"C\u00farsa\u00ed Gaeilge i gCorca Dhuibhne\",\"publisher\":{\"@id\":\"https:\/\/www.colaiste.ie\/#organization\"},\"potentialAction\":[{\"@type\":\"SearchAction\",\"target\":{\"@type\":\"EntryPoint\",\"urlTemplate\":\"https:\/\/www.colaiste.ie\/?s={search_term_string}\"},\"query-input\":\"required name=search_term_string\"}],\"inLanguage\":\"ga\"},{\"@type\":\"Organization\",\"@id\":\"https:\/\/www.colaiste.ie\/#organization\",\"name\":\"Col\u00e1iste Gaeilge Chol\u00e1ist\u00ed Chorca Dhuibhne\",\"url\":\"https:\/\/www.colaiste.ie\/\",\"logo\":{\"@type\":\"ImageObject\",\"inLanguage\":\"ga\",\"@id\":\"https:\/\/www.colaiste.ie\/#\/schema\/logo\/image\/\",\"url\":\"https:\/\/www.colaiste.ie\/wp-content\/uploads\/2020\/08\/Logo-Transparent-With-Shadow_1000-X-1000px.png\",\"contentUrl\":\"https:\/\/www.colaiste.ie\/wp-content\/uploads\/2020\/08\/Logo-Transparent-With-Shadow_1000-X-1000px.png\",\"width\":1000,\"height\":1000,\"caption\":\"Col\u00e1iste Gaeilge Chol\u00e1ist\u00ed Chorca Dhuibhne\"},\"image\":{\"@id\":\"https:\/\/www.colaiste.ie\/#\/schema\/logo\/image\/\"},\"sameAs\":[\"https:\/\/www.facebook.com\/colaisteCD\/\",\"https:\/\/www.instagram.com\/colaistecd\/?hl=en\"]}]}<\/script>\n<!-- \/ Yoast SEO plugin. -->","yoast_head_json":{"title":"Polasa\u00ed Covid-19 - Col\u00e1iste Gaeilge Chol\u00e1ist\u00ed Chorca Dhuibhne","robots":{"index":"index","follow":"follow","max-snippet":"max-snippet:-1","max-image-preview":"max-image-preview:large","max-video-preview":"max-video-preview:-1"},"canonical":"https:\/\/www.colaiste.ie\/ga\/polasai-covid-19\/","og_locale":"en_US","og_type":"article","og_title":"Polasa\u00ed Covid-19 - Col\u00e1iste Gaeilge Chol\u00e1ist\u00ed Chorca Dhuibhne","og_description":"T\u00e1imid, ag Col\u00e1ist\u00ed Chorca Dhuibhne, ag cur an pholasa\u00ed seo i bhfeidhm chun go mbeidh gach dalta a fhreastala\u00edonn ar Chol\u00e1ist\u00ed Chorca Dhuibhne ar an riosca is l\u00fa maidir le scaipeadh an ghalair Covid-19. Faoi l\u00e1thair, t\u00e1 na m\u00e9adrachta\u00ed ag dul sa treo m\u00edcheart. T\u00e1 an r\u00e1ta galraithe ag dul i m\u00e9id. Is m\u00e9adrach \u00e9 [&hellip;]","og_url":"https:\/\/www.colaiste.ie\/ga\/polasai-covid-19\/","og_site_name":"Col\u00e1iste Gaeilge Chol\u00e1ist\u00ed Chorca Dhuibhne","article_publisher":"https:\/\/www.facebook.com\/colaisteCD\/","article_modified_time":"2023-08-24T13:33:51+00:00","twitter_misc":{"Est. reading time":"6 minutes"},"schema":{"@context":"https:\/\/schema.org","@graph":[{"@type":"WebPage","@id":"https:\/\/www.colaiste.ie\/ga\/polasai-covid-19\/","url":"https:\/\/www.colaiste.ie\/ga\/polasai-covid-19\/","name":"Polasa\u00ed Covid-19 - Col\u00e1iste Gaeilge Chol\u00e1ist\u00ed Chorca Dhuibhne","isPartOf":{"@id":"https:\/\/www.colaiste.ie\/#website"},"datePublished":"2022-10-17T11:57:17+00:00","dateModified":"2023-08-24T13:33:51+00:00","breadcrumb":{"@id":"https:\/\/www.colaiste.ie\/ga\/polasai-covid-19\/#breadcrumb"},"inLanguage":"ga","potentialAction":[{"@type":"ReadAction","target":["https:\/\/www.colaiste.ie\/ga\/polasai-covid-19\/"]}]},{"@type":"BreadcrumbList","@id":"https:\/\/www.colaiste.ie\/ga\/polasai-covid-19\/#breadcrumb","itemListElement":[{"@type":"ListItem","position":1,"name":"Baile","item":"https:\/\/www.colaiste.ie\/ga\/"},{"@type":"ListItem","position":2,"name":"Polasa\u00ed Covid-19"}]},{"@type":"WebSite","@id":"https:\/\/www.colaiste.ie\/#website","url":"https:\/\/www.colaiste.ie\/","name":"Col\u00e1iste Gaeilge Chol\u00e1ist\u00ed Chorca Dhuibhne","description":"C\u00farsa\u00ed Gaeilge i gCorca Dhuibhne","publisher":{"@id":"https:\/\/www.colaiste.ie\/#organization"},"potentialAction":[{"@type":"SearchAction","target":{"@type":"EntryPoint","urlTemplate":"https:\/\/www.colaiste.ie\/?s={search_term_string}"},"query-input":"required name=search_term_string"}],"inLanguage":"ga"},{"@type":"Organization","@id":"https:\/\/www.colaiste.ie\/#organization","name":"Col\u00e1iste Gaeilge Chol\u00e1ist\u00ed Chorca Dhuibhne","url":"https:\/\/www.colaiste.ie\/","logo":{"@type":"ImageObject","inLanguage":"ga","@id":"https:\/\/www.colaiste.ie\/#\/schema\/logo\/image\/","url":"https:\/\/www.colaiste.ie\/wp-content\/uploads\/2020\/08\/Logo-Transparent-With-Shadow_1000-X-1000px.png","contentUrl":"https:\/\/www.colaiste.ie\/wp-content\/uploads\/2020\/08\/Logo-Transparent-With-Shadow_1000-X-1000px.png","width":1000,"height":1000,"caption":"Col\u00e1iste Gaeilge Chol\u00e1ist\u00ed Chorca Dhuibhne"},"image":{"@id":"https:\/\/www.colaiste.ie\/#\/schema\/logo\/image\/"},"sameAs":["https:\/\/www.facebook.com\/colaisteCD\/","https:\/\/www.instagram.com\/colaistecd\/?hl=en"]}]}},"_links":{"self":[{"href":"https:\/\/www.colaiste.ie\/ga\/wp-json\/wp\/v2\/pages\/3098"}],"collection":[{"href":"https:\/\/www.colaiste.ie\/ga\/wp-json\/wp\/v2\/pages"}],"about":[{"href":"https:\/\/www.colaiste.ie\/ga\/wp-json\/wp\/v2\/types\/page"}],"author":[{"embeddable":true,"href":"https:\/\/www.colaiste.ie\/ga\/wp-json\/wp\/v2\/users\/1"}],"replies":[{"embeddable":true,"href":"https:\/\/www.colaiste.ie\/ga\/wp-json\/wp\/v2\/comments?post=3098"}],"version-history":[{"count":3,"href":"https:\/\/www.colaiste.ie\/ga\/wp-json\/wp\/v2\/pages\/3098\/revisions"}],"predecessor-version":[{"id":3590,"href":"https:\/\/www.colaiste.ie\/ga\/wp-json\/wp\/v2\/pages\/3098\/revisions\/3590"}],"wp:attachment":[{"href":"https:\/\/www.colaiste.ie\/ga\/wp-json\/wp\/v2\/media?parent=3098"}],"curies":[{"name":"wp","href":"https:\/\/api.w.org\/{rel}","templated":true}]}}