{"id":3047,"date":"2022-10-11T11:57:58","date_gmt":"2022-10-11T11:57:58","guid":{"rendered":"https:\/\/www.colaiste.ie\/polasai-cealaithe\/"},"modified":"2024-09-02T15:35:03","modified_gmt":"2024-09-02T15:35:03","slug":"polasai-cealaithe","status":"publish","type":"page","link":"https:\/\/www.colaiste.ie\/ga\/polasai-cealaithe\/","title":{"rendered":"Polasa\u00ed Cealaithe"},"content":{"rendered":"\n<ul>\n<li>N\u00ed m\u00f3r iarmh\u00e9id th\u00e1ille an ch\u00farsa a bheith d\u00edolta 10 seachtaine sara dtosna\u00edonn an c\u00farsa.&nbsp; Mara nd\u00edoltar an t-iarmh\u00e9id f\u00e9n nd\u00e1ta sin, t\u00e1 s\u00e9 de cheart ag Col\u00e1ist\u00ed Chorca Dhuibhne a dhearbh\u00fa go bhfuil an \u00e1irithint ar ceal, agus sa ch\u00e1s sin, caillfear an \u00e9arlais ioml\u00e1n a d\u00edoladh.<\/li>\n<\/ul>\n\n\n\n<ul><li>Sa ch\u00e1s go gcuirfidh mac l\u00e9inn \/ n\u00f3 duine ar bith thar ceann an mhic l\u00e9inn, an c\u00farsa ar ceal, i scr\u00edbhinn, suas go dt\u00ed 10 seachtaine sara dtosna\u00edonn an c\u00farsa, seolfar an \u00e9arlais ioml\u00e1n thar n-ais, l\u00faide t\u00e1ille riarach\u00e1in \u20ac90.&nbsp; Baineann an costas seo le riaradh ar \u00e1irithint\u00ed, ullmh\u00fa an ch\u00farsa, obair ullmh\u00fach\u00e1in in ionad an ch\u00farsa agus sol\u00e1thar an ch\u00farsa).<\/li><\/ul>\n\n\n\n<ul>\n<li>Leagfar costas riarach\u00e1in \u20ac90 ar gach ceal\u00fa a chaithfear deighle\u00e1il leis.<\/li>\n<\/ul>\n\n\n\n<ul>\n<li>An t\u00e9 is t\u00faisce a chl\u00e1ra\u00edonn a nglacfar leis ar an gc\u00farsa.&nbsp; Agus sa ch\u00e1s go gcuirtear c\u00farsa ar ceal glacfar leosan is luaithe a chl\u00e1raigh.&nbsp; Cuirfear seo i bhfeidhm sa ch\u00e1s go n-\u00e9ileodh go laghd\u00f3fa\u00ed l\u00edon na rannph\u00e1irtithe ar ch\u00farsa mar gheall ar laghd\u00fa sa l\u00f3ist\u00edn at\u00e1 ar f\u00e1il.&nbsp;<\/li>\n\n\n\n<li>M\u00e1 chuirtear c\u00farsa ar ceal mar gheall ar ch\u00fains\u00ed eile nach bhfuil smacht ag Col\u00e1ist\u00ed Chorca Dhuibhne orthu, n\u00f3\/agus ar chomhairle an tr\u00ed\u00fa p\u00e1irt\u00ed n\u00f3 \u00fadar\u00e1is, seolfar gach t\u00e1ille thar n-ais seachas an costas riarach\u00e1in \u20ac90.<\/li>\n<\/ul>\n\n\n\n<ul>\n<li>T\u00e1 na t\u00e9arma\u00ed seo bunaithe ar na treoirl\u00ednte a eis\u00edonn gach Roinn Rialtais \u00e1bhartha go dt\u00ed \u00e1r gcol\u00e1ist\u00ed. Sa ch\u00e1s go n-athr\u00f3dh na treoirl\u00ednte seo, beidh s\u00e9 riachtanach meas\u00fan\u00fa a dh\u00e9anamh ar na costais a bhaineann leis an gc\u00farsa a oibri\u00fa agus m\u00e1 t\u00e1 na hathruithe suntasach, rud a fh\u00e1gann gur g\u00e1 l\u00edon na mac l\u00e9inn in aghaidh an ch\u00farsa a laghd\u00fa go suntasach n\u00f3 go gcaithfear beartais shuntasacha bhreise a chur i bhfeidhm chun clo\u00ed le treoirl\u00ednte ar chostas suntasach, coime\u00e1daimid \u00e1r seasamh i nd\u00e1il leis na t\u00e1ill\u00ed mar a leagadh amach roimhe seo a leas\u00fa n\u00f3 an c\u00farsa a chur ar ceal go hioml\u00e1n. Tabharfar f\u00f3gra i scr\u00edbhinn do gach mac l\u00e9inn maidir le haon cheal\u00fa den ts\u00f3rt sin ar an gc\u00farsa ina ioml\u00e1ine, n\u00f3 maidir le hathr\u00fa ar na t\u00e1ill\u00ed is in\u00edoctha i leith an ch\u00farsa, a luaithe is f\u00e9idir. \u00d3s rud \u00e9 go bhfuil an sc\u00e9al ag athr\u00fa go minic le covid agus go bhfuil athruithe rialach coitianta, n\u00ed bheimid in ann ach comhairle a thabhairt maidir le haon athruithe at\u00e1 n\u00edos gaire do dh\u00e1ta tosnaithe an ch\u00farsa.<\/li>\n<\/ul>\n\n\n\n<h2><strong>N\u00f3ta do Mhic L\u00e9inn agus Tuismitheoir\u00ed:<\/strong><\/h2>\n\n\n\n<p>D\u00e9antar na t\u00e1ill\u00ed a \u00edoctar as an gc\u00farsa a mhiondeal\u00fa i gcostais ullmh\u00fach\u00e1in an chol\u00e1iste a tharla\u00edonn sula dtosna\u00edonn an c\u00farsa, agus i gcostais seachadta.<\/p>\n\n\n\n<p>Nuair a dh\u00e9antar \u00e1irithint, caitear cuid de na t\u00e1ill\u00ed a \u00edoctar ar chostais ullmh\u00fach\u00e1in an chol\u00e1iste agus an c\u00farsa \u00e1 phlean\u00e1il, is \u00e9 seo an t\u00e1ille riarach\u00e1in lena mbaineann, mar at\u00e1 luaite sa pholasa\u00ed ceal\u00fach\u00e1in thuas.<\/p>\n\n\n\n<h2>Costais Bhreise<\/h2>\n\n\n\n<p>I rith an ch\u00farsa beidh na mic l\u00e9inn ag dul ar dha thuras, turas bus timpeall Chinn Sl\u00e9ibhe agus turas lae go dt\u00ed baile an Daingin. T\u00e1 an costas seo san \u00e1ireamh le costas ioml\u00e1n an ch\u00farsa. Is f\u00e9idir le mic l\u00e9inn cochaill Chorca Dhuibhne a cheannach ar chostas \u20ac40.<\/p>\n\n\n\n<h2>Briseadh s\u00edos an chostais:<\/h2>\n\n\n\n<ul><li>T\u00e1ille an ch\u00f3rais \u00e1irithinte: \u20ac4<\/li>\n<li>T\u00e1ille ullmh\u00fach\u00e1n an ch\u00farsa (t\u00e1ille riarach\u00e1in) \u20ac90<\/li>\n<li>T\u00e1ille seachadta an ch\u00farsa: Athra\u00edonn in aghaidh an ch\u00farsa <\/li>\n<\/ul>\n\n\n\n<p>T\u00e1 t\u00e1ill\u00ed ar fad an ch\u00farsa bunaithe ar threoirl\u00ednte reatha a d\u2019eisigh Roinn Cult\u00fair, Oidhreachta agus Gaeltachta \u00f3n 19\/08\/2024.<\/p>\n\n\n\n<p>Mar gheall ar na hathraithe a bhaineann le Covid19, beidh meas\u00fan\u00fa ar chostas c\u00farsa\u00ed, agus treoirl\u00ednte maidir le l\u00edon na ndalta\u00ed ceadaithe ar ch\u00farsa\u00ed ar si\u00fal n\u00edos gaire do dh\u00e1ta tosaigh an ch\u00farsa.\n<\/p>\n\n\n\n<h2><strong>Polasa<\/strong><strong>\u00ed<\/strong><strong> maidir le c<\/strong><strong>\u00fa<\/strong><strong>rsa a chur ar ceal:<\/strong><\/h2>\n\n\n\n<ul>\n<li>N\u00ed m\u00f3r iarmh\u00e9id th\u00e1ille an ch\u00farsa a bheith d\u00edolta 10 seachtaine sara dtosna\u00edonn an c\u00farsa.&nbsp; Mara nd\u00edoltar an t-iarmh\u00e9id f\u00e9n nd\u00e1ta sin, t\u00e1 s\u00e9 de cheart ag Col\u00e1ist\u00ed Chorca Dhuibhne a dhearbh\u00fa go bhfuil an \u00e1irithint ar ceal, agus sa ch\u00e1s sin, caillfear an \u00e9arlais ioml\u00e1n a d\u00edoladh.<\/li>\n<\/ul>\n\n\n\n<ul>\n<li>Sa ch\u00e1s go gcuirfidh mac l\u00e9inn \/ n\u00f3 duine ar bith thar ceann an mhic l\u00e9inn, an c\u00farsa ar ceal, i scr\u00edbhinn, suas go dt\u00ed 10 seachtaine sara dtosna\u00edonn an c\u00farsa, seolfar an \u00e9arlais ioml\u00e1n thar n-ais, l\u00faide t\u00e1ille riarach\u00e1in \u20ac90.\u00a0 Baineann an costas seo le riaradh ar \u00e1irithint\u00ed, ullmh\u00fa an ch\u00farsa, obair ullmh\u00fach\u00e1in in ionad an ch\u00farsa agus sol\u00e1thar an ch\u00farsa)<\/li>\n<\/ul>\n\n\n\n<ul>\n<li>Leagfar costas riarach\u00e1in \u20ac90 ar gach ceal\u00fa a chaithfear deighle\u00e1il leis.<\/li>\n<\/ul>\n\n\n\n<ul>\n<li>An t\u00e9 is t\u00faisce a chl\u00e1ra\u00edonn a nglacfar leis ar an gc\u00farsa.&nbsp; Agus sa ch\u00e1s go gcuirtear c\u00farsa ar ceal glacfar leosan is luaithe a chl\u00e1raigh.&nbsp; Cuirfear seo i bhfeidhm sa ch\u00e1s go n-\u00e9ileodh go laghd\u00f3fa\u00ed l\u00edon na rannph\u00e1irtithe ar ch\u00farsa mar gheall ar easpa l\u00f3ist\u00edn ag Mn\u00e1 \/ Fir t\u00ed.<\/li>\n<\/ul>\n\n\n\n<ul>\n<li>M\u00e1 chuirtear c\u00farsa ar ceal mar gheall ar ch\u00fains\u00ed eile nach bhfuil smacht ag Col\u00e1ist\u00ed Chorca Dhuibhne orthu, n\u00f3\/agus ar chomhairle an tr\u00ed\u00fa p\u00e1irt\u00ed n\u00f3 \u00fadar\u00e1is, seolfar gach t\u00e1ille thar n-ais seachas an costas riarach\u00e1in \u20ac90.<\/li>\n\n\n\n<li>M\u00e1 fh\u00e1gann scol\u00e1ir\u00ed c\u00farsa luath, n\u00ed gheobhaidh siad ais\u00edoc do na taill\u00ed at\u00e1 \u00edoctha. Sa ch\u00e1s go gcaithfidh scol\u00e1ire c\u00farsa a fh\u00e1gaint de bharr a rogha f\u00e9in n\u00f3 de bharr c\u00fains\u00ed eile, n\u00edl dualgas orainne ais\u00edoc a thabhairt don gc\u00farsa n\u00f3 cuid den gc\u00farsa. Baineann s\u00e9 seo le costais at\u00e1 le cl\u00fadach ag an gCol\u00e1iste. Is f\u00e9idir tuilleadh pl\u00e9 a dh\u00e9anamh maidir leis seo leis an mbainist\u00edocht.&nbsp;<\/li>\n<\/ul>\n\n\n\n<h2>Polasa\u00ed Covid-19<\/h2>\n\n\n\n<p id=\"block-d559ebbf-64b4-4670-ab94-9d9086a3100d\"><\/p>\n\n\n\n<p id=\"block-5784bec8-8b55-4645-bbf6-83c6f86b8516\">I rith an ch\u00farsa ba mhaith linn go mbeimis chomh c\u00faramach is gur f\u00e9idir ag smaoineamh ar dhalta\u00ed eile ar an gc\u00farsa, ar na teaghlaigh go bhfuil scol\u00e1ir\u00ed ag fanacht ina measc agus ar gach duine eile at\u00e1 bainteach leis an gc\u00farsa agus iad sa cheantar.<\/p>\n\n\n\n<p id=\"block-1ef017b2-9374-479b-80f2-275a65714f3f\"><strong>N\u00edl Covid -19 imithe mar sin is ceart d\u00fainn a bheith c\u00faramach i gc\u00f3na\u00ed.<\/strong><\/p>\n\n\n\n<p id=\"block-787c62a8-26d2-4f4d-9dd3-048a55571019\"><a href=\"https:\/\/www.citizensinformation.ie\/ga\/covid19\/living_with_covid19_plan.html\">Plean chun maireacht\u00e1la le COVID-19 (citizensinformation.ie)<\/a><\/p>\n\n\n\n<p id=\"block-de09dc5e-b51d-48a4-a06f-23caf3844dbc\">Seo a leanas na point\u00ed is t\u00e1bhachta\u00ed d\u00e1r gCol\u00e1iste:<\/p>\n\n\n\n<p id=\"block-0e8439c2-a4af-4f9a-b4ff-8fdccda4f69b\"><strong><u>Rialacha Chol\u00e1ist\u00ed Chorca Dhuibhne i leith Covid-19<\/u><\/strong><\/p>\n\n\n\n<p><\/p>\n\n\n\n<p>M\u00e1 bh\u00edonn comhartha\u00ed Covid-19 ort, ba cheart duit t\u00e1st\u00e1il a fh\u00e1il.<\/p>\n\n\n\n<p>M\u00e1 t\u00e1 t\u00e1st\u00e1il dhearfach ag mac l\u00e9inn beidh orthu dul abhaile go dt\u00ed go mbeadh na comhartha\u00ed s\u00f3rt imithe uaidh\/uaithi ar a laghad 48 uair a cloig.<\/p>\n\n\n\n<p><\/p>\n\n\n\n<p>Beidh orainn s\u00edni\u00fa a fh\u00e1il \u00f3 gach mac l\u00e9inn agus \u00f3 thuismitheoir\/chaomhn\u00f3ir go bhfuil siad s\u00e1sta leis na treoracha seo a lean\u00faint.<\/p>\n\n\n\n<p id=\"block-8af8ef1d-ab2d-45ce-bb59-8ce22e879c5e\"><\/p>\n\n\n\n<h2 id=\"block-15bd7896-3b89-4147-93ea-cbfb518d1a66\"><strong>Polasa\u00ed Covid-19 Chol\u00e1ist\u00ed Chorca Dhuibhne<\/strong><\/h2>\n\n\n\n<p id=\"block-8f5d0f44-ab52-459e-8dfc-be351c0826cb\">Mar chol\u00e1iste, clo\u00edfimid len\u00e1r bpolasa\u00ed Covid-19 agus d\u00e9anfaimid meas\u00fan\u00fa riosca go rialta ar nithe a bhaineann go h\u00e1irithe le Col\u00e1ist\u00ed Samhraidh.<\/p>\n\n\n\n<p id=\"block-5d291be3-1441-4c85-9a4f-5503267b660b\">I rith an ch\u00farsa, ba mhaith linn a bheith chomh c\u00faramach agus is f\u00e9idir linn, smaoineamh ar mhic l\u00e9inn eile ar an gc\u00farsa, ar na teaghlaigh a bhfuil mic l\u00e9inn ag fanacht leo, agus ar gach duine eile a bhfuil baint acu leis an gc\u00farsa agus iad sa cheantar.<\/p>\n\n\n\n<p id=\"block-44da9057-362f-4a1d-bc3c-5a001ee7b49a\"><strong>N\u00edl Covid -19 imithe mar sin is ceart d\u00fainn a bheith c\u00faramach i gc\u00f3na\u00ed.<\/strong><\/p>\n\n\n\n<p id=\"block-432b91c0-1608-4a7f-9aa8-b3e689b1cbfc\">Plean chun maireacht\u00e1la le COVID-19 (citizensinformation.ie)<\/p>\n\n\n\n<p id=\"block-316f1bd4-4b71-4bd0-86b6-239c38cf4e95\"><strong>Seo a leanas na point\u00ed is t\u00e1bhachta\u00ed d\u00e1r gCol\u00e1iste:<\/strong><\/p>\n\n\n\n<p id=\"block-2cc8fd41-17dd-40d6-a7fb-2e4e2c1d966d\"><strong><u>Rialacha Chol\u00e1ist\u00ed Chorca Dhuibhne i leith Covid-19<\/u><\/strong><\/p>\n\n\n\n<p id=\"block-4f0e2f49-8633-4650-9c2f-33944d086029\"><\/p>\n\n\n\n<p id=\"block-f9965944-c961-4760-8244-911981480b97\"><strong><u>Polasa\u00ed Chol\u00e1ist\u00ed Chorca Dhuibhne\u2019s&nbsp;<\/u><\/strong><\/p>\n\n\n\n<p><\/p>\n\n\n\n<p>Beidh ar gach mac l\u00e9inn eolas a bheith acu ar conas t\u00e1st\u00e1il Covid-19 a dh\u00e9anamh orthu f\u00e9in i rith an ch\u00farsa.<\/p>\n\n\n\n<p>M\u00e1 bh\u00edonn comhartha\u00ed Covid-19 ort, ba cheart duit t\u00e1st\u00e1il a fh\u00e1il agus f\u00e9inaonr\u00fa. Beidh ar dhalta dul abhaile go dt\u00ed go mbeidh na comhartha\u00ed s\u00f3irt imithe uaidh\/uaithi ar a laghad 48 uair a cloig.<\/p>\n\n\n\n<p><\/p>\n\n\n\n<p><strong>Faoi l\u00e1thair sa ch\u00e1s is go mbeadh t\u00e1st\u00e1il dhearfach n\u00f3 comhartha\u00ed s\u00f3rt ag mac l\u00e9inn, beidh ar thuismitheoir\/chaomhn\u00f3ir iad a bhaili\u00fa ar an l\u00e1 sin.<\/strong><\/p>\n\n\n\n<p><strong>Sa ch\u00e1s is go mbeadh t\u00e1st\u00e1il dhearfach Covid-19 ag Bean \/ Fear a T\u00ed, beidh ar gach mac l\u00e9inn sa tigh sin dul abhaile am l\u00e1 sin.<\/strong><\/p>\n\n\n\n<p><\/p>\n\n\n\n<p id=\"block-b9577a3a-cbb5-47a9-9177-1ff65ee80efe\">Beidh ar gach mac l\u00e9inn an t\u00e1st\u00e1il a dh\u00e9anamh faoi sti\u00fair fhoireann Chol\u00e1ist\u00ed Chorca Dhuibhne.<\/p>\n\n\n\n<p id=\"block-45d8b453-b8a0-4e46-a717-6335cfd6c975\"><strong><u>Polasa\u00ed Ais\u00edoca\u00edochta i rith an Ch\u00farsa<\/u><\/strong><\/p>\n\n\n\n<p id=\"block-cea08ccb-d4ca-4094-b265-8bc2589df85a\">M\u00e1 bh\u00edonn ar mhac l\u00e9inn an c\u00farsa a fh\u00e1gaint aon am de bharr Covid-19, eiseofar ais\u00edoca\u00edochta\u00ed de r\u00e9ir rogha Col\u00e1ist\u00ed Chorca Dhuibhne Teo.<\/p>\n\n\n\n<p id=\"block-e1779a2a-011b-454b-aab7-c2d6a8921c5f\">M\u00e1 chuirtear iachall ar Chol\u00e1ist\u00ed Chorca Dhuibhne dalta a chur abhaile toisc go bhfuair Bean\/Fear a&#8217; T\u00ed Covid, d\u00e9anfar gach iarracht c\u00farsa eile a ofr\u00e1il don scol\u00e1ire n\u00f3 tabharfar ais\u00edoca\u00edocht bunaithe ar an gcuid eile den gc\u00farsa n\u00e1r cr\u00edochna\u00edodh.<\/p>\n","protected":false},"excerpt":{"rendered":"<p>Sa ch\u00e1s go gcuirfidh mac l\u00e9inn \/ n\u00f3 duine ar bith thar ceann an mhic l\u00e9inn, an c\u00farsa ar ceal, i scr\u00edbhinn, suas go dt\u00ed 10 seachtaine sara dtosna\u00edonn an c\u00farsa, seolfar an \u00e9arlais ioml\u00e1n thar n-ais, l\u00faide t\u00e1ille riarach\u00e1in \u20ac90.&nbsp; Baineann an costas seo le riaradh ar \u00e1irithint\u00ed, ullmh\u00fa an ch\u00farsa, obair ullmh\u00fach\u00e1in in [&hellip;]<\/p>\n","protected":false},"author":1,"featured_media":0,"parent":0,"menu_order":0,"comment_status":"closed","ping_status":"closed","template":"","meta":[],"acf":[],"yoast_head":"<!-- This site is optimized with the Yoast SEO plugin v21.0 - https:\/\/yoast.com\/wordpress\/plugins\/seo\/ -->\n<title>Polasa\u00ed Cealaithe - Col\u00e1iste Gaeilge Chol\u00e1ist\u00ed Chorca Dhuibhne<\/title>\n<meta name=\"robots\" content=\"index, follow, max-snippet:-1, max-image-preview:large, max-video-preview:-1\" \/>\n<link rel=\"canonical\" href=\"https:\/\/www.colaiste.ie\/ga\/polasai-cealaithe\/\" \/>\n<meta property=\"og:locale\" content=\"en_US\" \/>\n<meta property=\"og:type\" content=\"article\" \/>\n<meta property=\"og:title\" content=\"Polasa\u00ed Cealaithe - Col\u00e1iste Gaeilge Chol\u00e1ist\u00ed Chorca Dhuibhne\" \/>\n<meta property=\"og:description\" content=\"Sa ch\u00e1s go gcuirfidh mac l\u00e9inn \/ n\u00f3 duine ar bith thar ceann an mhic l\u00e9inn, an c\u00farsa ar ceal, i scr\u00edbhinn, suas go dt\u00ed 10 seachtaine sara dtosna\u00edonn an c\u00farsa, seolfar an \u00e9arlais ioml\u00e1n thar n-ais, l\u00faide t\u00e1ille riarach\u00e1in \u20ac90.&nbsp; Baineann an costas seo le riaradh ar \u00e1irithint\u00ed, ullmh\u00fa an ch\u00farsa, obair ullmh\u00fach\u00e1in in [&hellip;]\" \/>\n<meta property=\"og:url\" content=\"https:\/\/www.colaiste.ie\/ga\/polasai-cealaithe\/\" \/>\n<meta property=\"og:site_name\" content=\"Col\u00e1iste Gaeilge Chol\u00e1ist\u00ed Chorca Dhuibhne\" \/>\n<meta property=\"article:publisher\" content=\"https:\/\/www.facebook.com\/colaisteCD\/\" \/>\n<meta property=\"article:modified_time\" content=\"2024-09-02T15:35:03+00:00\" \/>\n<meta name=\"twitter:label1\" content=\"Est. reading time\" \/>\n\t<meta name=\"twitter:data1\" content=\"6 minutes\" \/>\n<script type=\"application\/ld+json\" class=\"yoast-schema-graph\">{\"@context\":\"https:\/\/schema.org\",\"@graph\":[{\"@type\":\"WebPage\",\"@id\":\"https:\/\/www.colaiste.ie\/ga\/polasai-cealaithe\/\",\"url\":\"https:\/\/www.colaiste.ie\/ga\/polasai-cealaithe\/\",\"name\":\"Polasa\u00ed Cealaithe - Col\u00e1iste Gaeilge Chol\u00e1ist\u00ed Chorca Dhuibhne\",\"isPartOf\":{\"@id\":\"https:\/\/www.colaiste.ie\/#website\"},\"datePublished\":\"2022-10-11T11:57:58+00:00\",\"dateModified\":\"2024-09-02T15:35:03+00:00\",\"breadcrumb\":{\"@id\":\"https:\/\/www.colaiste.ie\/ga\/polasai-cealaithe\/#breadcrumb\"},\"inLanguage\":\"ga\",\"potentialAction\":[{\"@type\":\"ReadAction\",\"target\":[\"https:\/\/www.colaiste.ie\/ga\/polasai-cealaithe\/\"]}]},{\"@type\":\"BreadcrumbList\",\"@id\":\"https:\/\/www.colaiste.ie\/ga\/polasai-cealaithe\/#breadcrumb\",\"itemListElement\":[{\"@type\":\"ListItem\",\"position\":1,\"name\":\"Baile\",\"item\":\"https:\/\/www.colaiste.ie\/ga\/\"},{\"@type\":\"ListItem\",\"position\":2,\"name\":\"Polasa\u00ed Cealaithe\"}]},{\"@type\":\"WebSite\",\"@id\":\"https:\/\/www.colaiste.ie\/#website\",\"url\":\"https:\/\/www.colaiste.ie\/\",\"name\":\"Col\u00e1iste Gaeilge Chol\u00e1ist\u00ed Chorca Dhuibhne\",\"description\":\"C\u00farsa\u00ed Gaeilge i gCorca Dhuibhne\",\"publisher\":{\"@id\":\"https:\/\/www.colaiste.ie\/#organization\"},\"potentialAction\":[{\"@type\":\"SearchAction\",\"target\":{\"@type\":\"EntryPoint\",\"urlTemplate\":\"https:\/\/www.colaiste.ie\/?s={search_term_string}\"},\"query-input\":\"required name=search_term_string\"}],\"inLanguage\":\"ga\"},{\"@type\":\"Organization\",\"@id\":\"https:\/\/www.colaiste.ie\/#organization\",\"name\":\"Col\u00e1iste Gaeilge Chol\u00e1ist\u00ed Chorca Dhuibhne\",\"url\":\"https:\/\/www.colaiste.ie\/\",\"logo\":{\"@type\":\"ImageObject\",\"inLanguage\":\"ga\",\"@id\":\"https:\/\/www.colaiste.ie\/#\/schema\/logo\/image\/\",\"url\":\"https:\/\/www.colaiste.ie\/wp-content\/uploads\/2020\/08\/Logo-Transparent-With-Shadow_1000-X-1000px.png\",\"contentUrl\":\"https:\/\/www.colaiste.ie\/wp-content\/uploads\/2020\/08\/Logo-Transparent-With-Shadow_1000-X-1000px.png\",\"width\":1000,\"height\":1000,\"caption\":\"Col\u00e1iste Gaeilge Chol\u00e1ist\u00ed Chorca Dhuibhne\"},\"image\":{\"@id\":\"https:\/\/www.colaiste.ie\/#\/schema\/logo\/image\/\"},\"sameAs\":[\"https:\/\/www.facebook.com\/colaisteCD\/\",\"https:\/\/www.instagram.com\/colaistecd\/?hl=en\"]}]}<\/script>\n<!-- \/ Yoast SEO plugin. -->","yoast_head_json":{"title":"Polasa\u00ed Cealaithe - Col\u00e1iste Gaeilge Chol\u00e1ist\u00ed Chorca Dhuibhne","robots":{"index":"index","follow":"follow","max-snippet":"max-snippet:-1","max-image-preview":"max-image-preview:large","max-video-preview":"max-video-preview:-1"},"canonical":"https:\/\/www.colaiste.ie\/ga\/polasai-cealaithe\/","og_locale":"en_US","og_type":"article","og_title":"Polasa\u00ed Cealaithe - Col\u00e1iste Gaeilge Chol\u00e1ist\u00ed Chorca Dhuibhne","og_description":"Sa ch\u00e1s go gcuirfidh mac l\u00e9inn \/ n\u00f3 duine ar bith thar ceann an mhic l\u00e9inn, an c\u00farsa ar ceal, i scr\u00edbhinn, suas go dt\u00ed 10 seachtaine sara dtosna\u00edonn an c\u00farsa, seolfar an \u00e9arlais ioml\u00e1n thar n-ais, l\u00faide t\u00e1ille riarach\u00e1in \u20ac90.&nbsp; Baineann an costas seo le riaradh ar \u00e1irithint\u00ed, ullmh\u00fa an ch\u00farsa, obair ullmh\u00fach\u00e1in in [&hellip;]","og_url":"https:\/\/www.colaiste.ie\/ga\/polasai-cealaithe\/","og_site_name":"Col\u00e1iste Gaeilge Chol\u00e1ist\u00ed Chorca Dhuibhne","article_publisher":"https:\/\/www.facebook.com\/colaisteCD\/","article_modified_time":"2024-09-02T15:35:03+00:00","twitter_misc":{"Est. reading time":"6 minutes"},"schema":{"@context":"https:\/\/schema.org","@graph":[{"@type":"WebPage","@id":"https:\/\/www.colaiste.ie\/ga\/polasai-cealaithe\/","url":"https:\/\/www.colaiste.ie\/ga\/polasai-cealaithe\/","name":"Polasa\u00ed Cealaithe - Col\u00e1iste Gaeilge Chol\u00e1ist\u00ed Chorca Dhuibhne","isPartOf":{"@id":"https:\/\/www.colaiste.ie\/#website"},"datePublished":"2022-10-11T11:57:58+00:00","dateModified":"2024-09-02T15:35:03+00:00","breadcrumb":{"@id":"https:\/\/www.colaiste.ie\/ga\/polasai-cealaithe\/#breadcrumb"},"inLanguage":"ga","potentialAction":[{"@type":"ReadAction","target":["https:\/\/www.colaiste.ie\/ga\/polasai-cealaithe\/"]}]},{"@type":"BreadcrumbList","@id":"https:\/\/www.colaiste.ie\/ga\/polasai-cealaithe\/#breadcrumb","itemListElement":[{"@type":"ListItem","position":1,"name":"Baile","item":"https:\/\/www.colaiste.ie\/ga\/"},{"@type":"ListItem","position":2,"name":"Polasa\u00ed Cealaithe"}]},{"@type":"WebSite","@id":"https:\/\/www.colaiste.ie\/#website","url":"https:\/\/www.colaiste.ie\/","name":"Col\u00e1iste Gaeilge Chol\u00e1ist\u00ed Chorca Dhuibhne","description":"C\u00farsa\u00ed Gaeilge i gCorca Dhuibhne","publisher":{"@id":"https:\/\/www.colaiste.ie\/#organization"},"potentialAction":[{"@type":"SearchAction","target":{"@type":"EntryPoint","urlTemplate":"https:\/\/www.colaiste.ie\/?s={search_term_string}"},"query-input":"required name=search_term_string"}],"inLanguage":"ga"},{"@type":"Organization","@id":"https:\/\/www.colaiste.ie\/#organization","name":"Col\u00e1iste Gaeilge Chol\u00e1ist\u00ed Chorca Dhuibhne","url":"https:\/\/www.colaiste.ie\/","logo":{"@type":"ImageObject","inLanguage":"ga","@id":"https:\/\/www.colaiste.ie\/#\/schema\/logo\/image\/","url":"https:\/\/www.colaiste.ie\/wp-content\/uploads\/2020\/08\/Logo-Transparent-With-Shadow_1000-X-1000px.png","contentUrl":"https:\/\/www.colaiste.ie\/wp-content\/uploads\/2020\/08\/Logo-Transparent-With-Shadow_1000-X-1000px.png","width":1000,"height":1000,"caption":"Col\u00e1iste Gaeilge Chol\u00e1ist\u00ed Chorca Dhuibhne"},"image":{"@id":"https:\/\/www.colaiste.ie\/#\/schema\/logo\/image\/"},"sameAs":["https:\/\/www.facebook.com\/colaisteCD\/","https:\/\/www.instagram.com\/colaistecd\/?hl=en"]}]}},"_links":{"self":[{"href":"https:\/\/www.colaiste.ie\/ga\/wp-json\/wp\/v2\/pages\/3047"}],"collection":[{"href":"https:\/\/www.colaiste.ie\/ga\/wp-json\/wp\/v2\/pages"}],"about":[{"href":"https:\/\/www.colaiste.ie\/ga\/wp-json\/wp\/v2\/types\/page"}],"author":[{"embeddable":true,"href":"https:\/\/www.colaiste.ie\/ga\/wp-json\/wp\/v2\/users\/1"}],"replies":[{"embeddable":true,"href":"https:\/\/www.colaiste.ie\/ga\/wp-json\/wp\/v2\/comments?post=3047"}],"version-history":[{"count":4,"href":"https:\/\/www.colaiste.ie\/ga\/wp-json\/wp\/v2\/pages\/3047\/revisions"}],"predecessor-version":[{"id":4156,"href":"https:\/\/www.colaiste.ie\/ga\/wp-json\/wp\/v2\/pages\/3047\/revisions\/4156"}],"wp:attachment":[{"href":"https:\/\/www.colaiste.ie\/ga\/wp-json\/wp\/v2\/media?parent=3047"}],"curies":[{"name":"wp","href":"https:\/\/api.w.org\/{rel}","templated":true}]}}