{"id":3025,"date":"2022-10-11T09:23:54","date_gmt":"2022-10-11T09:23:54","guid":{"rendered":"https:\/\/www.colaiste.ie\/maidir-linne\/"},"modified":"2022-10-11T09:50:43","modified_gmt":"2022-10-11T09:50:43","slug":"maidir-linne","status":"publish","type":"page","link":"https:\/\/www.colaiste.ie\/ga\/maidir-linne\/","title":{"rendered":"Maidir Linne"},"content":{"rendered":"<div class=\"wpb-content-wrapper\"><div class=\"fullwidth\" ><div class=\"wpb_row vc_row-fluid\">[vc_column][rev_slider_vc alias=&#8221;CCD-HEADER&#8221;][\/vc_column]<\/div><\/div><div class=\"container\" ><div class=\"wpb_row vc_row-fluid vc_custom_1412933708911\">[vc_column width=&#8221;1\/6&#8243;][\/vc_column][vc_column width=&#8221;2\/3&#8243;][vc_column_text el_class=&#8221;custom_html&#8221;]<br \/>\nT\u00e1 Col\u00e1ist\u00ed Chorca Dhuibhne Teo ar an bhf\u00f3d i mBaile an Fheirt\u00e9araigh, Iarthar Chiarra\u00ed, le beagnach daichead bliain anuas. Is fochuideachta \u00e9 de Chomharchumann Forbartha Chorca Dhuibhne \u00e9 a buna\u00edodh i 1966. Is \u00e9 an uimhir charthanais chl\u00e1raithe CRA at\u00e1 ag Col\u00e1ist\u00ed Chorca Dhuibhne n\u00e1 20010034.<\/p>\n<p>Is comhlacht \u00e9 Col\u00e1ist\u00ed Chorca Dhuibhne a bhfuil dea-bhainisti\u00fa airgeadais air agus a ghineann gn\u00edomha\u00edocht gheilleagrach tr\u00ed ch\u00farsa\u00ed Gaeilge a chur chun cinn.<\/p>\n<p>T\u00e1 Col\u00e1ist\u00ed Chorca Dhuibhne ag lean\u00faint ar aghaidh go dt\u00ed an l\u00e1 at\u00e1 inniu ann ag re\u00e1cht\u00e1il c\u00farsa\u00ed Gaeilge ar shl\u00ed bhrab\u00fasach do dhalta\u00ed san aoisghr\u00fapa 10-18 mbliana d\u2019aois agus d&#8217;\u00c1bhair Oid\u00ed agus do Mh\u00fainteoir\u00ed Iarch\u00e9ime faoi Oili\u00faint.<\/p>\n<p>Maidir lena rann\u00edoca\u00edocht lean\u00fanach don bpobal i gcoitinne, gineann Col\u00e1ist\u00ed Chorca Dhuibhne ioncam de n\u00edos m\u00f3 n\u00e1 2 m in aghaidh na bliana don gceantar agus nuair a chuirtear an t-iolraitheoir cu\u00ed i bhfeidhm ar an ioncam d\u00edreach, is f\u00e9idir a r\u00e1 gur fi\u00fa timpeall 4.5 m in aghaidh na bliana an t-ioncam seo don gceantar.<\/p>\n<p>Aithn\u00edtear go forleathan go bhfuil \u00e9irithe go hiontach leis na Col\u00e1ist\u00ed Gaeilge agus leathn\u00f3far an ghn\u00e9 seo tr\u00ed thuilleadh athch\u00f3irithe.<br \/>\n[\/vc_column_text][\/vc_column][vc_column width=&#8221;1\/6&#8243;][\/vc_column]<\/div><\/div>\n<\/div>","protected":false},"excerpt":{"rendered":"[vc_column][rev_slider_vc alias=\"CCD-HEADER\"][\/vc_column][vc_column width=\"1\/6\"][\/vc_column][vc_column width=\"2\/3\"][vc_column_text el_class=\"custom_html\"] T\u00e1 Col\u00e1ist\u00ed Chorca Dhuibhne Teo ar an bhf\u00f3d i mBaile an Fheirt\u00e9araigh, Iarthar Chiarra\u00ed, le beagnach daichead bliain anuas. Is fochuideachta \u00e9 de Chomharchumann Forbartha Chorca Dhuibhne \u00e9 a buna\u00edodh i 1966. Is \u00e9 an uimhir charthanais chl\u00e1raithe CRA at\u00e1 ag Col\u00e1ist\u00ed Chorca Dhuibhne n\u00e1 20010034. Is comhlacht \u00e9 Col\u00e1ist\u00ed [...]","protected":false},"author":3,"featured_media":0,"parent":0,"menu_order":0,"comment_status":"open","ping_status":"open","template":"page-templates\/homepage.php","meta":[],"acf":[],"yoast_head":"<!-- This site is optimized with the Yoast SEO plugin v21.0 - https:\/\/yoast.com\/wordpress\/plugins\/seo\/ -->\n<title>Col\u00e1ist\u00ed Chorca Dhuibhne; 40 bliain ag m\u00faineadh na Gaeilge<\/title>\n<meta name=\"description\" content=\"T\u00e1 Col\u00e1ist\u00ed Chorca Dhuibhne i mBaile an Fheirt\u00e9araigh i gCorca Dhuibhne ar an bhf\u00f3d le nach m\u00f3r daichead bliain\" \/>\n<meta name=\"robots\" content=\"index, follow, max-snippet:-1, max-image-preview:large, max-video-preview:-1\" \/>\n<link rel=\"canonical\" href=\"https:\/\/www.colaiste.ie\/about-us\/\" \/>\n<meta property=\"og:locale\" content=\"en_US\" \/>\n<meta property=\"og:type\" content=\"article\" \/>\n<meta property=\"og:title\" content=\"Col\u00e1ist\u00ed Chorca Dhuibhne; 40 bliain ag m\u00faineadh na Gaeilge\" \/>\n<meta property=\"og:description\" content=\"T\u00e1 Col\u00e1ist\u00ed Chorca Dhuibhne i mBaile an Fheirt\u00e9araigh i gCorca Dhuibhne ar an bhf\u00f3d le nach m\u00f3r daichead bliain\" \/>\n<meta property=\"og:url\" content=\"https:\/\/www.colaiste.ie\/about-us\/\" \/>\n<meta property=\"og:site_name\" content=\"Col\u00e1iste Gaeilge Chol\u00e1ist\u00ed Chorca Dhuibhne\" \/>\n<meta property=\"article:publisher\" content=\"https:\/\/www.facebook.com\/colaisteCD\/\" \/>\n<meta property=\"article:modified_time\" content=\"2022-10-11T09:50:43+00:00\" \/>\n<meta name=\"twitter:label1\" content=\"Est. reading time\" \/>\n\t<meta name=\"twitter:data1\" content=\"1 minute\" \/>\n<script type=\"application\/ld+json\" class=\"yoast-schema-graph\">{\"@context\":\"https:\/\/schema.org\",\"@graph\":[{\"@type\":\"WebPage\",\"@id\":\"https:\/\/www.colaiste.ie\/about-us\/\",\"url\":\"https:\/\/www.colaiste.ie\/about-us\/\",\"name\":\"Col\u00e1ist\u00ed Chorca Dhuibhne; 40 bliain ag m\u00faineadh na Gaeilge\",\"isPartOf\":{\"@id\":\"https:\/\/www.colaiste.ie\/#website\"},\"datePublished\":\"2022-10-11T09:23:54+00:00\",\"dateModified\":\"2022-10-11T09:50:43+00:00\",\"description\":\"T\u00e1 Col\u00e1ist\u00ed Chorca Dhuibhne i mBaile an Fheirt\u00e9araigh i gCorca Dhuibhne ar an bhf\u00f3d le nach m\u00f3r daichead bliain\",\"breadcrumb\":{\"@id\":\"https:\/\/www.colaiste.ie\/about-us\/#breadcrumb\"},\"inLanguage\":\"ga\",\"potentialAction\":[{\"@type\":\"ReadAction\",\"target\":[\"https:\/\/www.colaiste.ie\/about-us\/\"]}]},{\"@type\":\"BreadcrumbList\",\"@id\":\"https:\/\/www.colaiste.ie\/about-us\/#breadcrumb\",\"itemListElement\":[{\"@type\":\"ListItem\",\"position\":1,\"name\":\"Baile\",\"item\":\"https:\/\/www.colaiste.ie\/ga\/\"},{\"@type\":\"ListItem\",\"position\":2,\"name\":\"Maidir Linne\"}]},{\"@type\":\"WebSite\",\"@id\":\"https:\/\/www.colaiste.ie\/#website\",\"url\":\"https:\/\/www.colaiste.ie\/\",\"name\":\"Col\u00e1iste Gaeilge Chol\u00e1ist\u00ed Chorca Dhuibhne\",\"description\":\"C\u00farsa\u00ed Gaeilge i gCorca Dhuibhne\",\"publisher\":{\"@id\":\"https:\/\/www.colaiste.ie\/#organization\"},\"potentialAction\":[{\"@type\":\"SearchAction\",\"target\":{\"@type\":\"EntryPoint\",\"urlTemplate\":\"https:\/\/www.colaiste.ie\/?s={search_term_string}\"},\"query-input\":\"required name=search_term_string\"}],\"inLanguage\":\"ga\"},{\"@type\":\"Organization\",\"@id\":\"https:\/\/www.colaiste.ie\/#organization\",\"name\":\"Col\u00e1iste Gaeilge Chol\u00e1ist\u00ed Chorca Dhuibhne\",\"url\":\"https:\/\/www.colaiste.ie\/\",\"logo\":{\"@type\":\"ImageObject\",\"inLanguage\":\"ga\",\"@id\":\"https:\/\/www.colaiste.ie\/#\/schema\/logo\/image\/\",\"url\":\"https:\/\/www.colaiste.ie\/wp-content\/uploads\/2020\/08\/Logo-Transparent-With-Shadow_1000-X-1000px.png\",\"contentUrl\":\"https:\/\/www.colaiste.ie\/wp-content\/uploads\/2020\/08\/Logo-Transparent-With-Shadow_1000-X-1000px.png\",\"width\":1000,\"height\":1000,\"caption\":\"Col\u00e1iste Gaeilge Chol\u00e1ist\u00ed Chorca Dhuibhne\"},\"image\":{\"@id\":\"https:\/\/www.colaiste.ie\/#\/schema\/logo\/image\/\"},\"sameAs\":[\"https:\/\/www.facebook.com\/colaisteCD\/\",\"https:\/\/www.instagram.com\/colaistecd\/?hl=en\"]}]}<\/script>\n<!-- \/ Yoast SEO plugin. -->","yoast_head_json":{"title":"Col\u00e1ist\u00ed Chorca Dhuibhne; 40 bliain ag m\u00faineadh na Gaeilge","description":"T\u00e1 Col\u00e1ist\u00ed Chorca Dhuibhne i mBaile an Fheirt\u00e9araigh i gCorca Dhuibhne ar an bhf\u00f3d le nach m\u00f3r daichead bliain","robots":{"index":"index","follow":"follow","max-snippet":"max-snippet:-1","max-image-preview":"max-image-preview:large","max-video-preview":"max-video-preview:-1"},"canonical":"https:\/\/www.colaiste.ie\/about-us\/","og_locale":"en_US","og_type":"article","og_title":"Col\u00e1ist\u00ed Chorca Dhuibhne; 40 bliain ag m\u00faineadh na Gaeilge","og_description":"T\u00e1 Col\u00e1ist\u00ed Chorca Dhuibhne i mBaile an Fheirt\u00e9araigh i gCorca Dhuibhne ar an bhf\u00f3d le nach m\u00f3r daichead bliain","og_url":"https:\/\/www.colaiste.ie\/about-us\/","og_site_name":"Col\u00e1iste Gaeilge Chol\u00e1ist\u00ed Chorca Dhuibhne","article_publisher":"https:\/\/www.facebook.com\/colaisteCD\/","article_modified_time":"2022-10-11T09:50:43+00:00","twitter_misc":{"Est. reading time":"1 minute"},"schema":{"@context":"https:\/\/schema.org","@graph":[{"@type":"WebPage","@id":"https:\/\/www.colaiste.ie\/about-us\/","url":"https:\/\/www.colaiste.ie\/about-us\/","name":"Col\u00e1ist\u00ed Chorca Dhuibhne; 40 bliain ag m\u00faineadh na Gaeilge","isPartOf":{"@id":"https:\/\/www.colaiste.ie\/#website"},"datePublished":"2022-10-11T09:23:54+00:00","dateModified":"2022-10-11T09:50:43+00:00","description":"T\u00e1 Col\u00e1ist\u00ed Chorca Dhuibhne i mBaile an Fheirt\u00e9araigh i gCorca Dhuibhne ar an bhf\u00f3d le nach m\u00f3r daichead bliain","breadcrumb":{"@id":"https:\/\/www.colaiste.ie\/about-us\/#breadcrumb"},"inLanguage":"ga","potentialAction":[{"@type":"ReadAction","target":["https:\/\/www.colaiste.ie\/about-us\/"]}]},{"@type":"BreadcrumbList","@id":"https:\/\/www.colaiste.ie\/about-us\/#breadcrumb","itemListElement":[{"@type":"ListItem","position":1,"name":"Baile","item":"https:\/\/www.colaiste.ie\/ga\/"},{"@type":"ListItem","position":2,"name":"Maidir Linne"}]},{"@type":"WebSite","@id":"https:\/\/www.colaiste.ie\/#website","url":"https:\/\/www.colaiste.ie\/","name":"Col\u00e1iste Gaeilge Chol\u00e1ist\u00ed Chorca Dhuibhne","description":"C\u00farsa\u00ed Gaeilge i gCorca Dhuibhne","publisher":{"@id":"https:\/\/www.colaiste.ie\/#organization"},"potentialAction":[{"@type":"SearchAction","target":{"@type":"EntryPoint","urlTemplate":"https:\/\/www.colaiste.ie\/?s={search_term_string}"},"query-input":"required name=search_term_string"}],"inLanguage":"ga"},{"@type":"Organization","@id":"https:\/\/www.colaiste.ie\/#organization","name":"Col\u00e1iste Gaeilge Chol\u00e1ist\u00ed Chorca Dhuibhne","url":"https:\/\/www.colaiste.ie\/","logo":{"@type":"ImageObject","inLanguage":"ga","@id":"https:\/\/www.colaiste.ie\/#\/schema\/logo\/image\/","url":"https:\/\/www.colaiste.ie\/wp-content\/uploads\/2020\/08\/Logo-Transparent-With-Shadow_1000-X-1000px.png","contentUrl":"https:\/\/www.colaiste.ie\/wp-content\/uploads\/2020\/08\/Logo-Transparent-With-Shadow_1000-X-1000px.png","width":1000,"height":1000,"caption":"Col\u00e1iste Gaeilge Chol\u00e1ist\u00ed Chorca Dhuibhne"},"image":{"@id":"https:\/\/www.colaiste.ie\/#\/schema\/logo\/image\/"},"sameAs":["https:\/\/www.facebook.com\/colaisteCD\/","https:\/\/www.instagram.com\/colaistecd\/?hl=en"]}]}},"_links":{"self":[{"href":"https:\/\/www.colaiste.ie\/ga\/wp-json\/wp\/v2\/pages\/3025"}],"collection":[{"href":"https:\/\/www.colaiste.ie\/ga\/wp-json\/wp\/v2\/pages"}],"about":[{"href":"https:\/\/www.colaiste.ie\/ga\/wp-json\/wp\/v2\/types\/page"}],"author":[{"embeddable":true,"href":"https:\/\/www.colaiste.ie\/ga\/wp-json\/wp\/v2\/users\/3"}],"replies":[{"embeddable":true,"href":"https:\/\/www.colaiste.ie\/ga\/wp-json\/wp\/v2\/comments?post=3025"}],"version-history":[{"count":5,"href":"https:\/\/www.colaiste.ie\/ga\/wp-json\/wp\/v2\/pages\/3025\/revisions"}],"predecessor-version":[{"id":3036,"href":"https:\/\/www.colaiste.ie\/ga\/wp-json\/wp\/v2\/pages\/3025\/revisions\/3036"}],"wp:attachment":[{"href":"https:\/\/www.colaiste.ie\/ga\/wp-json\/wp\/v2\/media?parent=3025"}],"curies":[{"name":"wp","href":"https:\/\/api.w.org\/{rel}","templated":true}]}}