{"id":1654,"date":"2014-09-30T10:14:17","date_gmt":"2014-09-30T10:14:17","guid":{"rendered":"https:\/\/www.www.colaiste.ie\/contact\/"},"modified":"2022-10-04T13:08:41","modified_gmt":"2022-10-04T13:08:41","slug":"contact","status":"publish","type":"page","link":"https:\/\/www.colaiste.ie\/ga\/contact\/","title":{"rendered":"Dein teagmh\u00e1il linn"},"content":{"rendered":"<div class=\"wpb-content-wrapper\"><p>&nbsp;<\/p>\n<p>&nbsp;<\/p>\n<p>&nbsp;<\/p>\n<p>&nbsp;<\/p>\n<p>&nbsp;<div class=\"container\" ><div class=\"wpb_row vc_row-fluid\">[vc_column][vc_column_text]<\/p>\n<h1>Dein Teagmh\u00e1il Linn<\/h1>\n<p>Cabhraigh linn feabhas a chur ar an tseirbh\u00eds a chuirimid ar f\u00e1il duit:<\/p>\n<p>Is \u00e9 an pr\u00edomh-chusp\u00f3ir at\u00e1 againn n\u00e1 caighde\u00e1in arda seirbh\u00eds\u00ed a chur ar f\u00e1il duit i gc\u00f3na\u00ed. M\u00e1 t\u00e1 rud \u00e9igin d\u00e9anta go maith againn, n\u00f3 muna bhfuil t\u00fa s\u00e1sta le rud \u00e9igin, abair linn agus is f\u00e9idir linn foghlaim \u00f3n ndea-chleachtas agus a bheith de sh\u00edor ag iarraidh feabhas a chur ar \u00e1r gcuid seirbh\u00eds\u00ed.[\/vc_column_text][\/vc_column]<\/div><\/div><div class=\"container\" ><div class=\"wpb_row vc_row-fluid vc_custom_1412074590497\">[vc_column][vc_separator color=&#8221;custom&#8221; accent_color=&#8221;#1b2b3b&#8221;][\/vc_column]<\/div><\/div><div class=\"container\" ><div class=\"wpb_row vc_row-fluid vc_custom_1412074151571\">[vc_column width=&#8221;2\/3&#8243;][vc_column_text]<script type=\"text\/javascript\">var gform;gform||(document.addEventListener(\"gform_main_scripts_loaded\",function(){gform.scriptsLoaded=!0}),document.addEventListener(\"gform\/theme\/scripts_loaded\",function(){gform.themeScriptsLoaded=!0}),window.addEventListener(\"DOMContentLoaded\",function(){gform.domLoaded=!0}),gform={domLoaded:!1,scriptsLoaded:!1,themeScriptsLoaded:!1,isFormEditor:()=>\"function\"==typeof InitializeEditor,callIfLoaded:function(o){return!(!gform.domLoaded||!gform.scriptsLoaded||!gform.themeScriptsLoaded&&!gform.isFormEditor()||(gform.isFormEditor()&&console.warn(\"The use of gform.initializeOnLoaded() is deprecated in the form editor context and will be removed in Gravity Forms 3.1.\"),o(),0))},initializeOnLoaded:function(o){gform.callIfLoaded(o)||(document.addEventListener(\"gform_main_scripts_loaded\",()=>{gform.scriptsLoaded=!0,gform.callIfLoaded(o)}),document.addEventListener(\"gform\/theme\/scripts_loaded\",()=>{gform.themeScriptsLoaded=!0,gform.callIfLoaded(o)}),window.addEventListener(\"DOMContentLoaded\",()=>{gform.domLoaded=!0,gform.callIfLoaded(o)}))},hooks:{action:{},filter:{}},addAction:function(o,r,e,t){gform.addHook(\"action\",o,r,e,t)},addFilter:function(o,r,e,t){gform.addHook(\"filter\",o,r,e,t)},doAction:function(o){gform.doHook(\"action\",o,arguments)},applyFilters:function(o){return gform.doHook(\"filter\",o,arguments)},removeAction:function(o,r){gform.removeHook(\"action\",o,r)},removeFilter:function(o,r,e){gform.removeHook(\"filter\",o,r,e)},addHook:function(o,r,e,t,n){null==gform.hooks[o][r]&&(gform.hooks[o][r]=[]);var d=gform.hooks[o][r];null==n&&(n=r+\"_\"+d.length),gform.hooks[o][r].push({tag:n,callable:e,priority:t=null==t?10:t})},doHook:function(r,o,e){var t;if(e=Array.prototype.slice.call(e,1),null!=gform.hooks[r][o]&&((o=gform.hooks[r][o]).sort(function(o,r){return o.priority-r.priority}),o.forEach(function(o){\"function\"!=typeof(t=o.callable)&&(t=window[t]),\"action\"==r?t.apply(null,e):e[0]=t.apply(null,e)})),\"filter\"==r)return e[0]},removeHook:function(o,r,t,n){var e;null!=gform.hooks[o][r]&&(e=(e=gform.hooks[o][r]).filter(function(o,r,e){return!!(null!=n&&n!=o.tag||null!=t&&t!=o.priority)}),gform.hooks[o][r]=e)}});<\/script>\n                <div class='gf_browser_gecko gform_wrapper gform_legacy_markup_wrapper gform-theme--no-framework' data-form-theme='legacy' data-form-index='0' id='gform_wrapper_12' ><div id='gf_12' class='gform_anchor' tabindex='-1'><\/div><form method='post' enctype='multipart\/form-data' target='gform_ajax_frame_12' id='gform_12'  action='\/ga\/wp-json\/wp\/v2\/pages\/1654#gf_12' data-formid='12' novalidate>\n                        <div class='gform-body gform_body'><ul id='gform_fields_12' class='gform_fields top_label form_sublabel_below description_below validation_below'><li id=\"field_12_1\" class=\"gfield gfield--type-name gfield--input-type-name gfield_contains_required field_sublabel_below gfield--no-description field_description_below field_validation_below gfield_visibility_visible\"  data-js-reload=\"field_12_1\" ><label class='gfield_label gform-field-label gfield_label_before_complex' >Ainm<span class=\"gfield_required\"><span class=\"gfield_required gfield_required_asterisk\">*<\/span><\/span><\/label><div class='ginput_complex ginput_container ginput_container--name no_prefix has_first_name no_middle_name has_last_name no_suffix gf_name_has_2 ginput_container_name gform-grid-row' id='input_12_1'>\n                            \n                            <span id='input_12_1_3_container' class='name_first gform-grid-col gform-grid-col--size-auto' >\n                                                    <input type='text' name='input_1.3' id='input_12_1_3' value=''   aria-required='true'     \/>\n                                                    <label for='input_12_1_3' class='gform-field-label gform-field-label--type-sub '>First<\/label>\n                                                <\/span>\n                            \n                            <span id='input_12_1_6_container' class='name_last gform-grid-col gform-grid-col--size-auto' >\n                                                    <input type='text' name='input_1.6' id='input_12_1_6' value=''   aria-required='true'     \/>\n                                                    <label for='input_12_1_6' class='gform-field-label gform-field-label--type-sub '>Last<\/label>\n                                                <\/span>\n                            \n                        <\/div><\/li><li id=\"field_12_2\" class=\"gfield gfield--type-email gfield--input-type-email gfield_contains_required field_sublabel_below gfield--no-description field_description_below field_validation_below gfield_visibility_visible\"  data-js-reload=\"field_12_2\" ><label class='gfield_label gform-field-label' for='input_12_2'>R\u00edomh-phost<span class=\"gfield_required\"><span class=\"gfield_required gfield_required_asterisk\">*<\/span><\/span><\/label><div class='ginput_container ginput_container_email'>\n                            <input name='input_2' id='input_12_2' type='email' value='' class='medium'    aria-required=\"true\" aria-invalid=\"false\"  \/>\n                        <\/div><\/li><li id=\"field_12_6\" class=\"gfield gfield--type-checkbox gfield--type-choice gfield--input-type-checkbox gfield--width-full field_sublabel_below gfield--no-description field_description_below field_validation_below gfield_visibility_visible\"  data-js-reload=\"field_12_6\" ><label class='gfield_label gform-field-label gfield_label_before_complex' >Thurais Scoile?<\/label><div class='ginput_container ginput_container_checkbox'><ul class='gfield_checkbox' id='input_12_6'><li class='gchoice gchoice_12_6_1'>\n\t\t\t\t\t\t\t\t<input class='gfield-choice-input' name='input_6.1' type='checkbox'  value='Tice\u00e1il m\u00e1s fiosr\u00fach\u00e1n at\u00e1 agat faoi thurais scoile'  id='choice_12_6_1'   \/>\n\t\t\t\t\t\t\t\t<label for='choice_12_6_1' id='label_12_6_1' class='gform-field-label gform-field-label--type-inline'>Tice\u00e1il m\u00e1s fiosr\u00fach\u00e1n at\u00e1 agat faoi thurais scoile<\/label>\n\t\t\t\t\t\t\t<\/li><\/ul><\/div><\/li><li id=\"field_12_3\" class=\"gfield gfield--type-textarea gfield--input-type-textarea gfield_contains_required field_sublabel_below gfield--no-description field_description_below field_validation_below gfield_visibility_visible\"  data-js-reload=\"field_12_3\" ><label class='gfield_label gform-field-label' for='input_12_3'>Teachtaireacht<span class=\"gfield_required\"><span class=\"gfield_required gfield_required_asterisk\">*<\/span><\/span><\/label><div class='ginput_container ginput_container_textarea'><textarea name='input_3' id='input_12_3' class='textarea medium'     aria-required=\"true\" aria-invalid=\"false\"   rows='10' cols='50'><\/textarea><\/div><\/li><li id=\"field_12_5\" class=\"gfield gfield--type-checkbox gfield--type-choice gfield--input-type-checkbox gfield_contains_required field_sublabel_below gfield--no-description field_description_below field_validation_below gfield_visibility_visible\"  data-js-reload=\"field_12_5\" ><label class='gfield_label gform-field-label gfield_label_before_complex' >T\u00e9arma\u00ed &amp; Coinn\u00edollacha<span class=\"gfield_required\"><span class=\"gfield_required gfield_required_asterisk\">*<\/span><\/span><\/label><div class='ginput_container ginput_container_checkbox'><ul class='gfield_checkbox' id='input_12_5'><li class='gchoice gchoice_12_5_1'>\n\t\t\t\t\t\t\t\t<input class='gfield-choice-input' name='input_5.1' type='checkbox'  value='Ag \u00fas\u00e1id na foirme seo aonta\u00edonn t\u00fa le coime\u00e1d agus l\u00e1imhse\u00e1il do chuid sonra\u00ed ag an su\u00edomh seo.'  id='choice_12_5_1'   \/>\n\t\t\t\t\t\t\t\t<label for='choice_12_5_1' id='label_12_5_1' class='gform-field-label gform-field-label--type-inline'>Ag \u00fas\u00e1id na foirme seo aonta\u00edonn t\u00fa le coime\u00e1d agus l\u00e1imhse\u00e1il do chuid sonra\u00ed ag an su\u00edomh seo.<\/label>\n\t\t\t\t\t\t\t<\/li><\/ul><\/div><\/li><li id=\"field_12_4\" class=\"gfield gfield--type-captcha gfield--input-type-captcha field_sublabel_below gfield--no-description field_description_below field_validation_below gfield_visibility_visible\"  data-js-reload=\"field_12_4\" ><label class='gfield_label gform-field-label' for='input_12_4'>CAPTCHA<\/label><div id='input_12_4' class='ginput_container ginput_recaptcha' data-sitekey='6LeekFkUAAAAAAESadDsGc1cmO05-ofS_e5sFA0t'  data-theme='light' data-tabindex='0'  data-badge=''><\/div><\/li><li id=\"field_12_7\" class=\"gfield gfield--type-honeypot gform_validation_container field_sublabel_below gfield--has-description field_description_below field_validation_below gfield_visibility_visible\"  data-js-reload=\"field_12_7\" ><label class='gfield_label gform-field-label' for='input_12_7'>Email<\/label><div class='ginput_container'><input name='input_7' id='input_12_7' type='text' value='' autocomplete='new-password'\/><\/div><div class='gfield_description' id='gfield_description_12_7'>This field is for validation purposes and should be left unchanged.<\/div><\/li><\/ul><\/div>\n        <div class='gform-footer gform_footer top_label'> <input type='submit' id='gform_submit_button_12' class='gform_button button' onclick='gform.submission.handleButtonClick(this);' value='Seol fiosr\u00fach\u00e1n'  \/> <input type='hidden' name='gform_ajax' value='form_id=12&amp;title=&amp;description=&amp;tabindex=0&amp;theme=legacy&amp;hash=f9eb60f2e31725150069637407bade94' \/>\n            <input type='hidden' class='gform_hidden' name='gform_submission_method' data-js='gform_submission_method_12' value='iframe' \/>\n            <input type='hidden' class='gform_hidden' name='gform_theme' data-js='gform_theme_12' id='gform_theme_12' value='legacy' \/>\n            <input type='hidden' class='gform_hidden' name='gform_style_settings' data-js='gform_style_settings_12' id='gform_style_settings_12' value='' \/>\n            <input type='hidden' class='gform_hidden' name='is_submit_12' value='1' \/>\n            <input type='hidden' class='gform_hidden' name='gform_submit' value='12' \/>\n            \n            <input type='hidden' class='gform_hidden' name='gform_unique_id' value='' \/>\n            <input type='hidden' class='gform_hidden' name='state_12' value='WyJ7XCI2LjFcIjpcImU1YWNmNDg3M2U2MTAyYzQxZTVhMmFlZGJjNDQyYTZlXCJ9IiwiOWZmOGU3NjY5ZTQyNDJiODMwYzc0MzE0ODg3Y2RjNGYiXQ==' \/>\n            <input type='hidden' autocomplete='off' class='gform_hidden' name='gform_target_page_number_12' id='gform_target_page_number_12' value='0' \/>\n            <input type='hidden' autocomplete='off' class='gform_hidden' name='gform_source_page_number_12' id='gform_source_page_number_12' value='1' \/>\n            <input type='hidden' name='gform_field_values' value='' \/>\n            \n        <\/div>\n                        <p style=\"display: none !important;\" class=\"akismet-fields-container\" data-prefix=\"ak_\"><label>&#916;<textarea name=\"ak_hp_textarea\" cols=\"45\" rows=\"8\" maxlength=\"100\"><\/textarea><\/label><input type=\"hidden\" id=\"ak_js_1\" name=\"ak_js\" value=\"68\"\/><script>document.getElementById( \"ak_js_1\" ).setAttribute( \"value\", ( new Date() ).getTime() );<\/script><\/p><\/form>\n                        <\/div>\n\t\t                <iframe style='display:none;width:0px;height:0px;' src='about:blank' name='gform_ajax_frame_12' id='gform_ajax_frame_12' title='This iframe contains the logic required to handle Ajax powered Gravity Forms.'><\/iframe>\n\t\t                <script type=\"text\/javascript\">\ngform.initializeOnLoaded( function() {gformInitSpinner( 12, 'https:\/\/www.colaiste.ie\/wp-content\/plugins\/gravityforms\/images\/spinner.svg', true );jQuery('#gform_ajax_frame_12').on('load',function(){var contents = jQuery(this).contents().find('*').html();var is_postback = contents.indexOf('GF_AJAX_POSTBACK') >= 0;if(!is_postback){return;}var form_content = jQuery(this).contents().find('#gform_wrapper_12');var is_confirmation = jQuery(this).contents().find('#gform_confirmation_wrapper_12').length > 0;var is_redirect = contents.indexOf('gformRedirect(){') >= 0;var is_form = form_content.length > 0 && ! is_redirect && ! is_confirmation;var mt = parseInt(jQuery('html').css('margin-top'), 10) + parseInt(jQuery('body').css('margin-top'), 10) + 100;if(is_form){jQuery('#gform_wrapper_12').html(form_content.html());if(form_content.hasClass('gform_validation_error')){jQuery('#gform_wrapper_12').addClass('gform_validation_error');} else {jQuery('#gform_wrapper_12').removeClass('gform_validation_error');}setTimeout( function() { \/* delay the scroll by 50 milliseconds to fix a bug in chrome *\/ jQuery(document).scrollTop(jQuery('#gform_wrapper_12').offset().top - mt); }, 50 );if(window['gformInitDatepicker']) {gformInitDatepicker();}if(window['gformInitPriceFields']) {gformInitPriceFields();}var current_page = jQuery('#gform_source_page_number_12').val();gformInitSpinner( 12, 'https:\/\/www.colaiste.ie\/wp-content\/plugins\/gravityforms\/images\/spinner.svg', true );jQuery(document).trigger('gform_page_loaded', [12, current_page]);window['gf_submitting_12'] = false;}else if(!is_redirect){var confirmation_content = jQuery(this).contents().find('.GF_AJAX_POSTBACK').html();if(!confirmation_content){confirmation_content = contents;}jQuery('#gform_wrapper_12').replaceWith(confirmation_content);jQuery(document).scrollTop(jQuery('#gf_12').offset().top - mt);jQuery(document).trigger('gform_confirmation_loaded', [12]);window['gf_submitting_12'] = false;wp.a11y.speak(jQuery('#gform_confirmation_message_12').text());}else{jQuery('#gform_12').append(contents);if(window['gformRedirect']) {gformRedirect();}}jQuery(document).trigger(\"gform_pre_post_render\", [{ formId: \"12\", currentPage: \"current_page\", abort: function() { this.preventDefault(); } }]);                if (event && event.defaultPrevented) {                return;         }        const gformWrapperDiv = document.getElementById( \"gform_wrapper_12\" );        if ( gformWrapperDiv ) {            const visibilitySpan = document.createElement( \"span\" );            visibilitySpan.id = \"gform_visibility_test_12\";            gformWrapperDiv.insertAdjacentElement( \"afterend\", visibilitySpan );        }        const visibilityTestDiv = document.getElementById( \"gform_visibility_test_12\" );        let postRenderFired = false;                function triggerPostRender() {            if ( postRenderFired ) {                return;            }            postRenderFired = true;            jQuery( document ).trigger( 'gform_post_render', [12, current_page] );            gform.utils.trigger( { event: 'gform\/postRender', native: false, data: { formId: 12, currentPage: current_page } } );            gform.utils.trigger( { event: 'gform\/post_render', native: false, data: { formId: 12, currentPage: current_page } } );            if ( visibilityTestDiv ) {                visibilityTestDiv.parentNode.removeChild( visibilityTestDiv );            }        }        function debounce( func, wait, immediate ) {            var timeout;            return function() {                var context = this, args = arguments;                var later = function() {                    timeout = null;                    if ( !immediate ) func.apply( context, args );                };                var callNow = immediate && !timeout;                clearTimeout( timeout );                timeout = setTimeout( later, wait );                if ( callNow ) func.apply( context, args );            };        }        const debouncedTriggerPostRender = debounce( function() {            triggerPostRender();        }, 200 );        if ( visibilityTestDiv && visibilityTestDiv.offsetParent === null ) {            const observer = new MutationObserver( ( mutations ) => {                mutations.forEach( ( mutation ) => {                    if ( mutation.type === 'attributes' && visibilityTestDiv.offsetParent !== null ) {                        debouncedTriggerPostRender();                        observer.disconnect();                    }                });            });            observer.observe( document.body, {                attributes: true,                childList: false,                subtree: true,                attributeFilter: [ 'style', 'class' ],            });        } else {            triggerPostRender();        }    } );} );\n<\/script>\n[\/vc_column_text][\/vc_column][vc_column width=&#8221;1\/3&#8243;][vc_column_text]<\/p>\n<h2><\/h2>\n<h2>Col\u00e1ist\u00ed Chorca Dhuibhne<\/h2>\n<p>Baile an Fheirt\u00e9araigh<br \/>\nTr\u00e1 L\u00ed<br \/>\nCo. Chiarra\u00ed<\/p>\n<p>F\u00f3n: (066) 9156100<br \/>\nFacs: \u00a0\u00a0\u00a0\u00a0(066) 9156348<br \/>\n<strong>R\u00edomhphost:\u00a0 <a href=\"mailto:eolas@colaiste.ie\">eolas@colaiste.ie<\/a><\/strong>[\/vc_column_text][vc_separator color=&#8221;custom&#8221; accent_color=&#8221;#1b2b3b&#8221; css=&#8221;.vc_custom_1582297038307{border-bottom-width: 20px !important;padding-top: 20px !important;}&#8221;][vc_raw_html]PGlmcmFtZSBzdHlsZT0iYm9yZGVyOiAwOyIgc3JjPSJodHRwczovL3d3dy5nb29nbGUuY29tL21hcHMvZW1iZWQ\/cGI9ITFtMTQhMW04ITFtMyExZDk3ODkuMDE3NDk3ODcyODY1ITJkLTEwLjQxMDQwMDghM2Q1Mi4xNjYwNjg0ITNtMiExaTEwMjQhMmk3NjghNGYxMy4xITNtMyExbTIhMXMweDAlM0EweDZmNjYwNTU1NWYzNWE2ZDEhMnNDb2wlQzMlQTFpc3QlQzMlQUQlMjBDaG9yY2ElMjBEaHVpYmhuZSE1ZTAhM20yITFzZW4hMnNpZSE0djE1ODIyOTY3NjE5MjghNW0yITFzZW4hMnNpZSIgd2lkdGg9IjM2MCIgaGVpZ2h0PSIzNjAiIGZyYW1lYm9yZGVyPSIwIiBhbGxvd2Z1bGxzY3JlZW49ImFsbG93ZnVsbHNjcmVlbiI+PC9pZnJhbWU+[\/vc_raw_html][\/vc_column]<\/div><\/div>&nbsp;<\/p>\n<p>&nbsp;<\/p>\n<p>&nbsp;<\/p>\n<p>&nbsp;<\/p>\n<p>&nbsp;<\/p>\n<p>&nbsp;<\/p>\n<p>&nbsp;<\/p>\n<\/div>","protected":false},"excerpt":{"rendered":"<p>&nbsp; &nbsp; &nbsp; &nbsp; &nbsp;&nbsp; &nbsp; &nbsp; &nbsp; &nbsp; &nbsp; &nbsp;<\/p>\n","protected":false},"author":3,"featured_media":0,"parent":0,"menu_order":0,"comment_status":"open","ping_status":"open","template":"page-templates\/homepage.php","meta":[],"acf":[],"yoast_head":"<!-- This site is optimized with the Yoast SEO plugin v21.0 - https:\/\/yoast.com\/wordpress\/plugins\/seo\/ -->\n<title>Dein teagmh\u00e1il linn - Col\u00e1iste Gaeilge Chol\u00e1ist\u00ed Chorca Dhuibhne<\/title>\n<meta name=\"robots\" content=\"index, follow, max-snippet:-1, max-image-preview:large, max-video-preview:-1\" \/>\n<link rel=\"canonical\" href=\"https:\/\/www.colaiste.ie\/contact\/\" \/>\n<meta property=\"og:locale\" content=\"en_US\" \/>\n<meta property=\"og:type\" content=\"article\" \/>\n<meta property=\"og:title\" content=\"Dein teagmh\u00e1il linn - Col\u00e1iste Gaeilge Chol\u00e1ist\u00ed Chorca Dhuibhne\" \/>\n<meta property=\"og:description\" content=\"&nbsp; &nbsp; &nbsp; &nbsp; &nbsp;&nbsp; &nbsp; &nbsp; &nbsp; &nbsp; &nbsp; &nbsp;\" \/>\n<meta property=\"og:url\" content=\"https:\/\/www.colaiste.ie\/contact\/\" \/>\n<meta property=\"og:site_name\" content=\"Col\u00e1iste Gaeilge Chol\u00e1ist\u00ed Chorca Dhuibhne\" \/>\n<meta property=\"article:publisher\" content=\"https:\/\/www.facebook.com\/colaisteCD\/\" \/>\n<meta property=\"article:modified_time\" content=\"2022-10-04T13:08:41+00:00\" \/>\n<meta name=\"twitter:label1\" content=\"Est. reading time\" \/>\n\t<meta name=\"twitter:data1\" content=\"1 minute\" \/>\n<script type=\"application\/ld+json\" class=\"yoast-schema-graph\">{\"@context\":\"https:\/\/schema.org\",\"@graph\":[{\"@type\":\"WebPage\",\"@id\":\"https:\/\/www.colaiste.ie\/contact\/\",\"url\":\"https:\/\/www.colaiste.ie\/contact\/\",\"name\":\"Dein teagmh\u00e1il linn - Col\u00e1iste Gaeilge Chol\u00e1ist\u00ed Chorca Dhuibhne\",\"isPartOf\":{\"@id\":\"https:\/\/www.colaiste.ie\/#website\"},\"datePublished\":\"2014-09-30T10:14:17+00:00\",\"dateModified\":\"2022-10-04T13:08:41+00:00\",\"breadcrumb\":{\"@id\":\"https:\/\/www.colaiste.ie\/contact\/#breadcrumb\"},\"inLanguage\":\"ga\",\"potentialAction\":[{\"@type\":\"ReadAction\",\"target\":[\"https:\/\/www.colaiste.ie\/contact\/\"]}]},{\"@type\":\"BreadcrumbList\",\"@id\":\"https:\/\/www.colaiste.ie\/contact\/#breadcrumb\",\"itemListElement\":[{\"@type\":\"ListItem\",\"position\":1,\"name\":\"Baile\",\"item\":\"https:\/\/www.colaiste.ie\/ga\/\"},{\"@type\":\"ListItem\",\"position\":2,\"name\":\"Dein teagmh\u00e1il linn\"}]},{\"@type\":\"WebSite\",\"@id\":\"https:\/\/www.colaiste.ie\/#website\",\"url\":\"https:\/\/www.colaiste.ie\/\",\"name\":\"Col\u00e1iste Gaeilge Chol\u00e1ist\u00ed Chorca Dhuibhne\",\"description\":\"C\u00farsa\u00ed Gaeilge i gCorca Dhuibhne\",\"publisher\":{\"@id\":\"https:\/\/www.colaiste.ie\/#organization\"},\"potentialAction\":[{\"@type\":\"SearchAction\",\"target\":{\"@type\":\"EntryPoint\",\"urlTemplate\":\"https:\/\/www.colaiste.ie\/?s={search_term_string}\"},\"query-input\":\"required name=search_term_string\"}],\"inLanguage\":\"ga\"},{\"@type\":\"Organization\",\"@id\":\"https:\/\/www.colaiste.ie\/#organization\",\"name\":\"Col\u00e1iste Gaeilge Chol\u00e1ist\u00ed Chorca Dhuibhne\",\"url\":\"https:\/\/www.colaiste.ie\/\",\"logo\":{\"@type\":\"ImageObject\",\"inLanguage\":\"ga\",\"@id\":\"https:\/\/www.colaiste.ie\/#\/schema\/logo\/image\/\",\"url\":\"https:\/\/www.colaiste.ie\/wp-content\/uploads\/2020\/08\/Logo-Transparent-With-Shadow_1000-X-1000px.png\",\"contentUrl\":\"https:\/\/www.colaiste.ie\/wp-content\/uploads\/2020\/08\/Logo-Transparent-With-Shadow_1000-X-1000px.png\",\"width\":1000,\"height\":1000,\"caption\":\"Col\u00e1iste Gaeilge Chol\u00e1ist\u00ed Chorca Dhuibhne\"},\"image\":{\"@id\":\"https:\/\/www.colaiste.ie\/#\/schema\/logo\/image\/\"},\"sameAs\":[\"https:\/\/www.facebook.com\/colaisteCD\/\",\"https:\/\/www.instagram.com\/colaistecd\/?hl=en\"]}]}<\/script>\n<!-- \/ Yoast SEO plugin. -->","yoast_head_json":{"title":"Dein teagmh\u00e1il linn - Col\u00e1iste Gaeilge Chol\u00e1ist\u00ed Chorca Dhuibhne","robots":{"index":"index","follow":"follow","max-snippet":"max-snippet:-1","max-image-preview":"max-image-preview:large","max-video-preview":"max-video-preview:-1"},"canonical":"https:\/\/www.colaiste.ie\/contact\/","og_locale":"en_US","og_type":"article","og_title":"Dein teagmh\u00e1il linn - Col\u00e1iste Gaeilge Chol\u00e1ist\u00ed Chorca Dhuibhne","og_description":"&nbsp; &nbsp; &nbsp; &nbsp; &nbsp;&nbsp; &nbsp; &nbsp; &nbsp; &nbsp; &nbsp; &nbsp;","og_url":"https:\/\/www.colaiste.ie\/contact\/","og_site_name":"Col\u00e1iste Gaeilge Chol\u00e1ist\u00ed Chorca Dhuibhne","article_publisher":"https:\/\/www.facebook.com\/colaisteCD\/","article_modified_time":"2022-10-04T13:08:41+00:00","twitter_misc":{"Est. reading time":"1 minute"},"schema":{"@context":"https:\/\/schema.org","@graph":[{"@type":"WebPage","@id":"https:\/\/www.colaiste.ie\/contact\/","url":"https:\/\/www.colaiste.ie\/contact\/","name":"Dein teagmh\u00e1il linn - Col\u00e1iste Gaeilge Chol\u00e1ist\u00ed Chorca Dhuibhne","isPartOf":{"@id":"https:\/\/www.colaiste.ie\/#website"},"datePublished":"2014-09-30T10:14:17+00:00","dateModified":"2022-10-04T13:08:41+00:00","breadcrumb":{"@id":"https:\/\/www.colaiste.ie\/contact\/#breadcrumb"},"inLanguage":"ga","potentialAction":[{"@type":"ReadAction","target":["https:\/\/www.colaiste.ie\/contact\/"]}]},{"@type":"BreadcrumbList","@id":"https:\/\/www.colaiste.ie\/contact\/#breadcrumb","itemListElement":[{"@type":"ListItem","position":1,"name":"Baile","item":"https:\/\/www.colaiste.ie\/ga\/"},{"@type":"ListItem","position":2,"name":"Dein teagmh\u00e1il linn"}]},{"@type":"WebSite","@id":"https:\/\/www.colaiste.ie\/#website","url":"https:\/\/www.colaiste.ie\/","name":"Col\u00e1iste Gaeilge Chol\u00e1ist\u00ed Chorca Dhuibhne","description":"C\u00farsa\u00ed Gaeilge i gCorca Dhuibhne","publisher":{"@id":"https:\/\/www.colaiste.ie\/#organization"},"potentialAction":[{"@type":"SearchAction","target":{"@type":"EntryPoint","urlTemplate":"https:\/\/www.colaiste.ie\/?s={search_term_string}"},"query-input":"required name=search_term_string"}],"inLanguage":"ga"},{"@type":"Organization","@id":"https:\/\/www.colaiste.ie\/#organization","name":"Col\u00e1iste Gaeilge Chol\u00e1ist\u00ed Chorca Dhuibhne","url":"https:\/\/www.colaiste.ie\/","logo":{"@type":"ImageObject","inLanguage":"ga","@id":"https:\/\/www.colaiste.ie\/#\/schema\/logo\/image\/","url":"https:\/\/www.colaiste.ie\/wp-content\/uploads\/2020\/08\/Logo-Transparent-With-Shadow_1000-X-1000px.png","contentUrl":"https:\/\/www.colaiste.ie\/wp-content\/uploads\/2020\/08\/Logo-Transparent-With-Shadow_1000-X-1000px.png","width":1000,"height":1000,"caption":"Col\u00e1iste Gaeilge Chol\u00e1ist\u00ed Chorca Dhuibhne"},"image":{"@id":"https:\/\/www.colaiste.ie\/#\/schema\/logo\/image\/"},"sameAs":["https:\/\/www.facebook.com\/colaisteCD\/","https:\/\/www.instagram.com\/colaistecd\/?hl=en"]}]}},"_links":{"self":[{"href":"https:\/\/www.colaiste.ie\/ga\/wp-json\/wp\/v2\/pages\/1654"}],"collection":[{"href":"https:\/\/www.colaiste.ie\/ga\/wp-json\/wp\/v2\/pages"}],"about":[{"href":"https:\/\/www.colaiste.ie\/ga\/wp-json\/wp\/v2\/types\/page"}],"author":[{"embeddable":true,"href":"https:\/\/www.colaiste.ie\/ga\/wp-json\/wp\/v2\/users\/3"}],"replies":[{"embeddable":true,"href":"https:\/\/www.colaiste.ie\/ga\/wp-json\/wp\/v2\/comments?post=1654"}],"version-history":[{"count":5,"href":"https:\/\/www.colaiste.ie\/ga\/wp-json\/wp\/v2\/pages\/1654\/revisions"}],"predecessor-version":[{"id":3012,"href":"https:\/\/www.colaiste.ie\/ga\/wp-json\/wp\/v2\/pages\/1654\/revisions\/3012"}],"wp:attachment":[{"href":"https:\/\/www.colaiste.ie\/ga\/wp-json\/wp\/v2\/media?parent=1654"}],"curies":[{"name":"wp","href":"https:\/\/api.w.org\/{rel}","templated":true}]}}