{"id":1651,"date":"2014-10-06T20:06:44","date_gmt":"2014-10-06T20:06:44","guid":{"rendered":"https:\/\/www.www.colaiste.ie\/parents-list\/"},"modified":"2021-09-22T11:38:19","modified_gmt":"2021-09-22T11:38:19","slug":"parents-list","status":"publish","type":"page","link":"https:\/\/www.colaiste.ie\/ga\/parents-list\/","title":{"rendered":"Eolas do Thuismitheoir\u00ed"},"content":{"rendered":"<div class=\"wpb-content-wrapper\"><div class=\"fullwidth\" ><div class=\"wpb_row vc_row-fluid\">[vc_column][rev_slider_vc alias=&#8221;Parents-Info&#8221;][\/vc_column]<\/div><\/div><div class=\"container\" ><div class=\"wpb_row vc_row-fluid\">[vc_column][vc_column_text]<\/p>\n<h2 style=\"text-align: center;\">Eolas \u00e1bhartha chun cabhr\u00fa leat ullmh\u00fa le haghaidh do thurais go dt\u00ed an nGaeltacht.<\/h2>\n<p>[\/vc_column_text][\/vc_column]<\/div><\/div><div class=\"fullwidth\" ><div class=\"wpb_row vc_row-fluid vc_custom_1412935613391\">[vc_column][vc_separator el_width=&#8221;50&#8243; el_class=&#8221;custom_html&#8221;][\/vc_column]<\/div><\/div><div class=\"container\" ><div class=\"wpb_row vc_row-fluid\">[vc_column width=&#8221;1\/6&#8243;][\/vc_column][vc_column width=&#8221;2\/3&#8243;][vc_column_text][\/vc_column_text][vc_column_text]<\/p>\n<h4 style=\"text-align: center; color: #fff; padding: 10px; border-radius: 5px; background: #f6891f;\">Clice\u00e1il anseo chun seic-liosta a \u00edosl\u00f3d\u00e1il chun cabhr\u00fa leat m\u00e1la a phac\u00e1il le haghaidh do thurais go Corca Dhuibhne.<\/h4>\n<p>[\/vc_column_text][\/vc_column][vc_column width=&#8221;1\/6&#8243;][\/vc_column]<\/div><\/div><div class=\"fullwidth\" ><div class=\"wpb_row vc_row-fluid vc_custom_1412935613391\">[vc_column][vc_separator el_width=&#8221;50&#8243; el_class=&#8221;custom_html&#8221;][\/vc_column]<\/div><\/div><div class=\"container\" ><div class=\"wpb_row vc_row-fluid\">[vc_column width=&#8221;1\/6&#8243;][\/vc_column][vc_column width=&#8221;2\/3&#8243;][vc_column_text]<\/p>\n<h4>Taisteal<\/h4>\n<p>Taisteal\u00f3idh dalta\u00ed ar a gcostas f\u00e9in. Eiseofar na sonra\u00ed ar fad a bhaineann le taisteal timpeall coic\u00edos roimh thus an ch\u00farsa.[\/vc_column_text]<a class=\"wpb_button_a\" title=\"Treoracha go dt\u00ed \u00e1r gCol\u00e1ist\u00ed\" href=\"https:\/\/www.colaiste.ie\/college-location\/\" ><span class=\"wpb_button  wpb_btn-primary wpb_btn-large wpb_arrow\" >Treoracha go dt\u00ed \u00e1r gCol\u00e1ist\u00ed <i class=\"icon\"> <\/i><\/span><\/a>\n[\/vc_column][vc_column width=&#8221;1\/6&#8243;][\/vc_column]<\/div><\/div><div class=\"fullwidth\" ><div class=\"wpb_row vc_row-fluid vc_custom_1412935613391\">[vc_column][vc_separator el_width=&#8221;50&#8243; el_class=&#8221;custom_html&#8221;][\/vc_column]<\/div><\/div><div class=\"container\" ><div class=\"wpb_row vc_row-fluid\">[vc_column width=&#8221;1\/6&#8243;][\/vc_column][vc_column width=&#8221;2\/3&#8243;][vc_column_text]<\/p>\n<h4>Sl\u00e1inte<\/h4>\n<p>Bheim\u00eds bu\u00edoch aon eolas a fh\u00e1il\u00a0ar fhadhbanna sl\u00e1inte at\u00e1 an an ndalta. Leanfaimid p\u00e9 comhairle a tugtar d\u00fainn. Beidh docht\u00fair ar f\u00e1il an t-am ar fad ach n\u00ed bheidh an Col\u00e1iste freagrach as costas oideas\u00a0docht\u00fara\u00a0n\u00f3 costas seal san ospid\u00e9al. Cuirfear sonrasc go tuismitheoir\u00ed le t\u00e1ill\u00ed docht\u00fara. Bheim\u00eds bu\u00edoch d\u00e1 mbeadh eolas ag an ndalta maidir le c\u00e1rta leighis \/ sonra\u00ed \u00e1rachais sl\u00e1inte chun na costais seo a chl\u00fadach m\u00e1s g\u00e1\u00a0i rith na tr\u00e9imhse sa Ghaeltacht.<\/p>\n<p>[\/vc_column_text][\/vc_column][vc_column width=&#8221;1\/6&#8243;][\/vc_column]<\/div><\/div><div class=\"fullwidth\" ><div class=\"wpb_row vc_row-fluid vc_custom_1412935613391\">[vc_column][vc_separator el_width=&#8221;50&#8243; el_class=&#8221;custom_html&#8221;][\/vc_column]<\/div><\/div><div class=\"container\" ><div class=\"wpb_row vc_row-fluid\">[vc_column width=&#8221;1\/6&#8243;][\/vc_column][vc_column width=&#8221;2\/3&#8243;][vc_column_text]<\/p>\n<h4>F\u00f3n P\u00f3ca<\/h4>\n<p>Is \u00e9 an polasa\u00ed at\u00e1 againn maidir le h\u00fas\u00e1id f\u00f3n p\u00f3ca n\u00e1 go bhfuil s\u00e9 teoranta do uair a chloig amh\u00e1in sa l\u00f3, sa tr\u00e1thn\u00f3na. T\u00e1 riail choigist\u00edochta tr\u00ed l\u00e1 i bhfeidhm do dhalta\u00ed a \u00fas\u00e1ideann f\u00f3n p\u00f3ca taobh amuigh den am ceadaithe. Iarraimid oraibh go gcl\u00fad\u00f3fa\u00ed gach ceamara agus gl\u00e9as taifeadta sula dtiocfaidh an dalta, de r\u00e9ir Treoracha Cosaint Leana\u00ed.<\/p>\n<p>T\u00e1 cosc ioml\u00e1n ar an tarna f\u00f3n a bheith ag dalta\u00ed. M\u00e1s rud \u00e9 go mbeirtear ort agus an tarna f\u00f3n i do sheilbh, t\u00f3gfar uait an f\u00f3n do thr\u00e9imhse an ch\u00farsa.<\/p>\n<p>M\u00e1s rud \u00e9 go dteasta\u00edonn \u00f3 do leanbh dul i dteagmh\u00e1il leat taobh amuigh den am ceadaithe, is f\u00e9idir leo \u00e9 seo a dh\u00e9anamh tr\u00edd an bPr\u00edomhoide \/ Bean an T\u00ed.<\/p>\n<p>Bheim\u00eds bu\u00edoch as do chomh-oibri\u00fa ioml\u00e1n maidir le f\u00f3n p\u00f3ca.<\/p>\n<p>[\/vc_column_text][\/vc_column][vc_column width=&#8221;1\/6&#8243;][\/vc_column]<\/div><\/div><div class=\"fullwidth\" ><div class=\"wpb_row vc_row-fluid vc_custom_1412935613391\">[vc_column][vc_separator el_width=&#8221;50&#8243; el_class=&#8221;custom_html&#8221;][\/vc_column]<\/div><\/div><div class=\"container\" ><div class=\"wpb_row vc_row-fluid\">[vc_column width=&#8221;1\/6&#8243;][\/vc_column][vc_column width=&#8221;2\/3&#8243;][vc_column_text]<\/p>\n<h4>Rothar<\/h4>\n<p>N\u00ed mholtar rothair, ach n\u00edl cosc orthu \u00e1fach. T\u00e1 g\u00e1 le clogad m\u00e1 t\u00e1 rothar ag an ndalta. Moltar do dhalta\u00ed gan rothar a thabhairt leo ar an dtraein go Tr\u00e1 L\u00ed. N\u00edl aon \u00e1is ar an mbus chun rothair a thabhairt go dt\u00ed na hIonaid. M\u00e1 theasta\u00edonn \u00f3 dhalta\u00ed rothar a thabhairt leo, caithfidh siad \u00e9 seo a dh\u00e9anamh go pr\u00edobh\u00e1ideach n\u00f3 le c\u00fair\u00e9ir. N\u00ed cheada\u00edtear rothair i gCol\u00e1iste \u00cdde.<\/p>\n<p>[\/vc_column_text][\/vc_column][vc_column width=&#8221;1\/6&#8243;][\/vc_column]<\/div><\/div><div class=\"fullwidth\" ><div class=\"wpb_row vc_row-fluid vc_custom_1412935613391\">[vc_column][vc_separator el_width=&#8221;50&#8243; el_class=&#8221;custom_html&#8221;][\/vc_column]<\/div><\/div><div class=\"container\" ><div class=\"wpb_row vc_row-fluid\">[vc_column width=&#8221;1\/6&#8243;][\/vc_column][vc_column width=&#8221;2\/3&#8243;][vc_column_text]<\/p>\n<h4>Iarann t\u00e9ite st\u00edle\u00e1la<\/h4>\n<p>T\u00e1 cosc orthu seo.[\/vc_column_text][\/vc_column][vc_column width=&#8221;1\/6&#8243;][\/vc_column]<\/div><\/div><div class=\"fullwidth\" ><div class=\"wpb_row vc_row-fluid vc_custom_1412935613391\">[vc_column][vc_separator el_width=&#8221;50&#8243; el_class=&#8221;custom_html&#8221;][\/vc_column]<\/div><\/div><div class=\"container\" ><div class=\"wpb_row vc_row-fluid\">[vc_column width=&#8221;1\/6&#8243;][\/vc_column][vc_column width=&#8221;2\/3&#8243;][vc_column_text]<\/p>\n<h4>Airgead P\u00f3ca<\/h4>\n<p>Is \u00e1bhar pearsanta \u00e9 airgead p\u00f3ca. T\u00e1 siopa beag i ngach ionad, \u00e1it gur f\u00e9idir le dalta\u00ed deochanna agus sneaiceanna a cheannach.<\/p>\n<p>Is f\u00e9idir hoodies Chol\u00e1ist\u00ed Chorca Dhuibhne a cheannach chomh maith.<\/p>\n<p>Ba cheart go nd\u00e9anfadh dalta\u00ed at\u00e1 ag \u00fas\u00e1id taisteal poibl\u00ed deimhin de go bhfuil a nd\u00f3thain airgid acu chun costas an tic\u00e9id fillte a chl\u00fadach.<\/p>\n<p>[\/vc_column_text][\/vc_column][vc_column width=&#8221;1\/6&#8243;][\/vc_column]<\/div><\/div><div class=\"fullwidth\" ><div class=\"wpb_row vc_row-fluid vc_custom_1412935613391\">[vc_column][vc_separator el_width=&#8221;50&#8243; el_class=&#8221;custom_html&#8221;][\/vc_column]<\/div><\/div><div class=\"container\" ><div class=\"wpb_row vc_row-fluid\">[vc_column width=&#8221;1\/6&#8243;][\/vc_column][vc_column width=&#8221;2\/3&#8243;][vc_column_text]<\/p>\n<h4><strong>N\u00edoch\u00e1n<\/strong><\/h4>\n<p>N\u00edfidh Bean an T\u00ed \u00e9ada\u00ed an dalta le linn a dtr\u00e9imhse sa Chol\u00e1iste. Is f\u00e9idir le dalta\u00ed at\u00e1 ag fanacht i gCol\u00e1iste \u00cdde \u00fas\u00e1id a bhaint as \u00e1iseanna n\u00edolainne saor in aisce.<\/p>\n<p>Dein deimhin de, le do thoil, go bhfuil m\u00e1la n\u00edoch\u00e1in ag an ndalta gur f\u00e9idir a \u00fas\u00e1id i meais\u00edn.<\/p>\n<p>[\/vc_column_text][\/vc_column][vc_column width=&#8221;1\/6&#8243;][\/vc_column]<\/div><\/div><div class=\"fullwidth\" ><div class=\"wpb_row vc_row-fluid vc_custom_1412935613391\">[vc_column][vc_separator el_width=&#8221;50&#8243; el_class=&#8221;custom_html&#8221;][\/vc_column]<\/div><\/div><div class=\"container\" ><div class=\"wpb_row vc_row-fluid\">[vc_column width=&#8221;1\/6&#8243;][\/vc_column][vc_column width=&#8221;2\/3&#8243;][vc_column_text]<\/p>\n<h4>Uaireanta Cuairt\u00edochta<\/h4>\n<p>B\u00edonn f\u00e1ilte roimh thuismitheoir\u00ed \/ chaomhn\u00f3ir\u00ed \/ theaghlaigh cuairt a thabhairt D\u00e9 Domhnaigh, de ghn\u00e1th tar \u00e9is 11rn. Ba cheart go gcuirf\u00ed f\u00f3gra i scr\u00edbhinn go dt\u00ed an gCol\u00e1iste roimh 4in ar an Aoine m\u00e1 t\u00e1 t\u00fa chun cuairt a thabhairt ar do leanbh ag an ndeireadh seachtaine.[\/vc_column_text][\/vc_column][vc_column width=&#8221;1\/6&#8243;][\/vc_column]<\/div><\/div><div class=\"fullwidth\" ><div class=\"wpb_row vc_row-fluid vc_custom_1412935613391\">[vc_column][vc_separator el_width=&#8221;50&#8243; el_class=&#8221;custom_html&#8221;][\/vc_column]<\/div><\/div><div class=\"container\" ><div class=\"wpb_row vc_row-fluid\">[vc_column width=&#8221;1\/6&#8243;][\/vc_column][vc_column width=&#8221;2\/3&#8243;][vc_column_text]<\/p>\n<h4>Uirlis\u00ed Ceoil<\/h4>\n<p>Spreagtar dalta\u00ed chun uirlis\u00ed ceoil a thabhairt leo le linn an ch\u00farsa.[\/vc_column_text][\/vc_column][vc_column width=&#8221;1\/6&#8243;][\/vc_column]<\/div><\/div><div class=\"fullwidth\" ><div class=\"wpb_row vc_row-fluid vc_custom_1412935613391\">[vc_column][vc_separator el_width=&#8221;50&#8243; el_class=&#8221;custom_html&#8221;][\/vc_column]<\/div><\/div><div class=\"container\" ><div class=\"wpb_row vc_row-fluid\">[vc_column width=&#8221;1\/6&#8243;][\/vc_column][vc_column width=&#8221;2\/3&#8243;][vc_column_text]<\/p>\n<h4>Su\u00edomh Idirl\u00edn<\/h4>\n<p>T\u00e1 an t-eolas ar fad ar f\u00e1il ar \u00e1r su\u00edomh idirl\u00edn chomh maith. T\u00e1 \u00e1is ann chomh maith chun \u00edoca\u00edochta\u00ed ar l\u00edne a dh\u00e9anamh\u00a0ar a www.www.colaiste.ie<\/p>\n<p>[\/vc_column_text][\/vc_column][vc_column width=&#8221;1\/6&#8243;][\/vc_column]<\/div><\/div><div class=\"fullwidth\" ><div class=\"wpb_row vc_row-fluid vc_custom_1412935613391\">[vc_column][vc_separator el_width=&#8221;50&#8243; el_class=&#8221;custom_html&#8221;][\/vc_column]<\/div><\/div><div class=\"container\" ><div class=\"wpb_row vc_row-fluid\">[vc_column width=&#8221;1\/6&#8243;][\/vc_column][vc_column width=&#8221;2\/3&#8243;][vc_column_text]<\/p>\n<h4>Dalta\u00ed nach gcr\u00edochna\u00edonn c\u00farsa\u00ed<\/h4>\n<p>T\u00e1 ais\u00edoca\u00edochta\u00ed ar na c\u00farsa\u00ed ar fad faoi dh\u00edscr\u00e9id Chol\u00e1ist\u00ed Chorca Dhuibhne Teo.<\/p>\n<p>Coime\u00e1dann Cola\u0301isti\u0301 Chorca Dhuibhne an ceart chun aon iarratas a dhi\u00falt\u00fa agus n\u00ed f\u00e9idir do rogha l\u00f3ist\u00edn a gheall\u00faint duit.[\/vc_column_text][\/vc_column][vc_column width=&#8221;1\/6&#8243;][\/vc_column]<\/div><\/div><div class=\"fullwidth\" ><div class=\"wpb_row vc_row-fluid vc_custom_1412935613391\">[vc_column][vc_separator el_width=&#8221;50&#8243; el_class=&#8221;custom_html&#8221;][\/vc_column]<\/div><\/div><div class=\"container\" ><div class=\"wpb_row vc_row-fluid\">[vc_column width=&#8221;1\/6&#8243;][\/vc_column][vc_column width=&#8221;2\/3&#8243;][vc_column_text]<\/p>\n<h4>L\u00f3ist\u00edn<\/h4>\n<p>Caithfear \u00edoc as aon d\u00edobh\u00e1il a dh\u00e9anann do leanbh sa l\u00f3ist\u00edn n\u00f3 sa Chol\u00e1iste d\u00e1 r\u00e9ir sin.<\/p>\n<p>San \u00e1ireamh anseo t\u00e1 sm\u00e1l f\u00e1gtha ar \u00e9ada\u00ed leapan agus tu\u00e1ill\u00ed de bharr t\u00e1irg\u00ed cosmaideacha.<br \/>\n[\/vc_column_text][\/vc_column][vc_column width=&#8221;1\/6&#8243;][\/vc_column]<\/div><\/div><div class=\"fullwidth\" ><div class=\"wpb_row vc_row-fluid vc_custom_1412935613391\">[vc_column][vc_separator el_width=&#8221;50&#8243; el_class=&#8221;custom_html&#8221;][\/vc_column]<\/div><\/div><div class=\"container\" ><div class=\"wpb_row vc_row-fluid vc_custom_1413031980771\">[vc_column][vc_column_text]<\/p>\n<p><strong>Rialacha an Chol\u00e1iste<\/strong><\/p>\n<p>N\u00ed chreideann an Coiste gur cheart go mbeadh liosta fada rialacha go gcaithfidh dalta\u00ed clo\u00ed leo. T\u00e1 c\u00fapla bun-riail ann agus moltar go dtabharfa\u00ed aird an dalta orthu sula dtagann siad go dt\u00ed an nGaeltacht. M\u00e1 sh\u00e1ra\u00edonn an dalta na rialacha seo cuirfear an dalta abhaile agus caillfear t\u00e1ille an ch\u00farsa.<\/p>\n<ol>\n<li>Labhraidh dalta\u00ed Gaelainn an t-am ar fad.<\/li>\n<li>Leanfaidh gach dalta treoracha \u00f3 fhoireann an ch\u00farsa.<\/li>\n<li>Raghaidh gach dalta thar n-ais go dt\u00ed a thigh l\u00f3ist\u00edn tar \u00e9is an ch\u00e9il\u00ed ag an am c\u00f3ir agus n\u00ed bheidh cead acu an tigh a fh\u00e1gaint ar\u00eds. Baineann s\u00e9 seo le dalta\u00ed chomh maith a th\u00e9ann amach don l\u00e1 n\u00f3 cuid den l\u00e1 lena dtuismitheoir\u00ed \/ caomhn\u00f3ir\u00ed<\/li>\n<li>Cosc ar thobac, deoch meisci\u00fail, n\u00f3 substaint\u00ed and\u00faile a bheith i seilbh n\u00f3 in \u00fas\u00e1id ag an ndalta. N\u00edl cead ag dalta\u00ed dul isteach in \u00e1itreabh cead\u00fanaithe (c\u00farsa\u00ed do sh\u00f3isear amh\u00e1in).<\/li>\n<li>Caithfidh dalta\u00ed clo\u00ed le rialacha an bh\u00f3thair agus iad ag si\u00fal. Dein deimhin de le do thoil go dt\u00f3gann do leanbh cas\u00f3g shofheicthe leo.<\/li>\n<li>Beidh srian ar \u00fas\u00e1id f\u00f3n p\u00f3ca ach amh\u00e1in ar feadh uair a chloig tr\u00e1thn\u00f3int\u00ed tar \u00e9is dinn\u00e9ir.<\/li>\n<li>N\u00ed cheada\u00edtear d\u00edbhola\u00edoch sprae\u00e1la.<\/li>\n<\/ol>\n<p><a href=\"https:\/\/www.colaiste.ie\/cancellation-policy\/\"><strong>Polasa\u00ed i gc\u00e1s c\u00farsa a chur ar ceal &gt;&gt;<\/strong><\/a><\/p>\n<p>[\/vc_column_text][\/vc_column]<\/div><\/div>\n<\/div>","protected":false},"excerpt":{"rendered":"[vc_column][rev_slider_vc alias=\"Parents-Info\"][\/vc_column][vc_column][vc_column_text] Eolas \u00e1bhartha chun cabhr\u00fa leat ullmh\u00fa le haghaidh do thurais go dt\u00ed an nGaeltacht. [\/vc_column_text][\/vc_column][vc_column][vc_separator el_width=\"50\" el_class=\"custom_html\"][\/vc_column][vc_column width=\"1\/6\"][\/vc_column][vc_column width=\"2\/3\"][vc_column_text][\/vc_column_text][vc_column_text] Clice\u00e1il anseo chun seic-liosta a \u00edosl\u00f3d\u00e1il chun cabhr\u00fa leat m\u00e1la a phac\u00e1il le haghaidh do thurais go Corca Dhuibhne. [\/vc_column_text][\/vc_column][vc_column width=\"1\/6\"][\/vc_column][vc_column][vc_separator el_width=\"50\" el_class=\"custom_html\"][\/vc_column][vc_column width=\"1\/6\"][\/vc_column][vc_column width=\"2\/3\"][vc_column_text] Taisteal Taisteal\u00f3idh dalta\u00ed ar a gcostas f\u00e9in. Eiseofar na [...]","protected":false},"author":3,"featured_media":0,"parent":0,"menu_order":0,"comment_status":"open","ping_status":"open","template":"page-templates\/homepage.php","meta":[],"acf":[],"yoast_head":"<!-- This site is optimized with the Yoast SEO plugin v21.0 - https:\/\/yoast.com\/wordpress\/plugins\/seo\/ -->\n<title>Eolas do Thuismitheoir\u00ed - Col\u00e1iste Gaeilge Chol\u00e1ist\u00ed Chorca Dhuibhne<\/title>\n<meta name=\"robots\" content=\"index, follow, max-snippet:-1, max-image-preview:large, max-video-preview:-1\" \/>\n<link rel=\"canonical\" href=\"https:\/\/www.colaiste.ie\/ga\/parents-list\/\" \/>\n<meta property=\"og:locale\" content=\"en_US\" \/>\n<meta property=\"og:type\" content=\"article\" \/>\n<meta property=\"og:title\" content=\"Eolas do Thuismitheoir\u00ed - Col\u00e1iste Gaeilge Chol\u00e1ist\u00ed Chorca Dhuibhne\" \/>\n<meta property=\"og:url\" content=\"https:\/\/www.colaiste.ie\/ga\/parents-list\/\" \/>\n<meta property=\"og:site_name\" content=\"Col\u00e1iste Gaeilge Chol\u00e1ist\u00ed Chorca Dhuibhne\" \/>\n<meta property=\"article:publisher\" content=\"https:\/\/www.facebook.com\/colaisteCD\/\" \/>\n<meta property=\"article:modified_time\" content=\"2021-09-22T11:38:19+00:00\" \/>\n<meta name=\"twitter:label1\" content=\"Est. reading time\" \/>\n\t<meta name=\"twitter:data1\" content=\"5 minutes\" \/>\n<script type=\"application\/ld+json\" class=\"yoast-schema-graph\">{\"@context\":\"https:\/\/schema.org\",\"@graph\":[{\"@type\":\"WebPage\",\"@id\":\"https:\/\/www.colaiste.ie\/ga\/parents-list\/\",\"url\":\"https:\/\/www.colaiste.ie\/ga\/parents-list\/\",\"name\":\"Eolas do Thuismitheoir\u00ed - Col\u00e1iste Gaeilge Chol\u00e1ist\u00ed Chorca Dhuibhne\",\"isPartOf\":{\"@id\":\"https:\/\/www.colaiste.ie\/#website\"},\"datePublished\":\"2014-10-06T20:06:44+00:00\",\"dateModified\":\"2021-09-22T11:38:19+00:00\",\"breadcrumb\":{\"@id\":\"https:\/\/www.colaiste.ie\/ga\/parents-list\/#breadcrumb\"},\"inLanguage\":\"ga\",\"potentialAction\":[{\"@type\":\"ReadAction\",\"target\":[\"https:\/\/www.colaiste.ie\/ga\/parents-list\/\"]}]},{\"@type\":\"BreadcrumbList\",\"@id\":\"https:\/\/www.colaiste.ie\/ga\/parents-list\/#breadcrumb\",\"itemListElement\":[{\"@type\":\"ListItem\",\"position\":1,\"name\":\"Baile\",\"item\":\"https:\/\/www.colaiste.ie\/ga\/\"},{\"@type\":\"ListItem\",\"position\":2,\"name\":\"Eolas do Thuismitheoir\u00ed\"}]},{\"@type\":\"WebSite\",\"@id\":\"https:\/\/www.colaiste.ie\/#website\",\"url\":\"https:\/\/www.colaiste.ie\/\",\"name\":\"Col\u00e1iste Gaeilge Chol\u00e1ist\u00ed Chorca Dhuibhne\",\"description\":\"C\u00farsa\u00ed Gaeilge i gCorca Dhuibhne\",\"publisher\":{\"@id\":\"https:\/\/www.colaiste.ie\/#organization\"},\"potentialAction\":[{\"@type\":\"SearchAction\",\"target\":{\"@type\":\"EntryPoint\",\"urlTemplate\":\"https:\/\/www.colaiste.ie\/?s={search_term_string}\"},\"query-input\":\"required name=search_term_string\"}],\"inLanguage\":\"ga\"},{\"@type\":\"Organization\",\"@id\":\"https:\/\/www.colaiste.ie\/#organization\",\"name\":\"Col\u00e1iste Gaeilge Chol\u00e1ist\u00ed Chorca Dhuibhne\",\"url\":\"https:\/\/www.colaiste.ie\/\",\"logo\":{\"@type\":\"ImageObject\",\"inLanguage\":\"ga\",\"@id\":\"https:\/\/www.colaiste.ie\/#\/schema\/logo\/image\/\",\"url\":\"https:\/\/www.colaiste.ie\/wp-content\/uploads\/2020\/08\/Logo-Transparent-With-Shadow_1000-X-1000px.png\",\"contentUrl\":\"https:\/\/www.colaiste.ie\/wp-content\/uploads\/2020\/08\/Logo-Transparent-With-Shadow_1000-X-1000px.png\",\"width\":1000,\"height\":1000,\"caption\":\"Col\u00e1iste Gaeilge Chol\u00e1ist\u00ed Chorca Dhuibhne\"},\"image\":{\"@id\":\"https:\/\/www.colaiste.ie\/#\/schema\/logo\/image\/\"},\"sameAs\":[\"https:\/\/www.facebook.com\/colaisteCD\/\",\"https:\/\/www.instagram.com\/colaistecd\/?hl=en\"]}]}<\/script>\n<!-- \/ Yoast SEO plugin. -->","yoast_head_json":{"title":"Eolas do Thuismitheoir\u00ed - Col\u00e1iste Gaeilge Chol\u00e1ist\u00ed Chorca Dhuibhne","robots":{"index":"index","follow":"follow","max-snippet":"max-snippet:-1","max-image-preview":"max-image-preview:large","max-video-preview":"max-video-preview:-1"},"canonical":"https:\/\/www.colaiste.ie\/ga\/parents-list\/","og_locale":"en_US","og_type":"article","og_title":"Eolas do Thuismitheoir\u00ed - Col\u00e1iste Gaeilge Chol\u00e1ist\u00ed Chorca Dhuibhne","og_url":"https:\/\/www.colaiste.ie\/ga\/parents-list\/","og_site_name":"Col\u00e1iste Gaeilge Chol\u00e1ist\u00ed Chorca Dhuibhne","article_publisher":"https:\/\/www.facebook.com\/colaisteCD\/","article_modified_time":"2021-09-22T11:38:19+00:00","twitter_misc":{"Est. reading time":"5 minutes"},"schema":{"@context":"https:\/\/schema.org","@graph":[{"@type":"WebPage","@id":"https:\/\/www.colaiste.ie\/ga\/parents-list\/","url":"https:\/\/www.colaiste.ie\/ga\/parents-list\/","name":"Eolas do Thuismitheoir\u00ed - Col\u00e1iste Gaeilge Chol\u00e1ist\u00ed Chorca Dhuibhne","isPartOf":{"@id":"https:\/\/www.colaiste.ie\/#website"},"datePublished":"2014-10-06T20:06:44+00:00","dateModified":"2021-09-22T11:38:19+00:00","breadcrumb":{"@id":"https:\/\/www.colaiste.ie\/ga\/parents-list\/#breadcrumb"},"inLanguage":"ga","potentialAction":[{"@type":"ReadAction","target":["https:\/\/www.colaiste.ie\/ga\/parents-list\/"]}]},{"@type":"BreadcrumbList","@id":"https:\/\/www.colaiste.ie\/ga\/parents-list\/#breadcrumb","itemListElement":[{"@type":"ListItem","position":1,"name":"Baile","item":"https:\/\/www.colaiste.ie\/ga\/"},{"@type":"ListItem","position":2,"name":"Eolas do Thuismitheoir\u00ed"}]},{"@type":"WebSite","@id":"https:\/\/www.colaiste.ie\/#website","url":"https:\/\/www.colaiste.ie\/","name":"Col\u00e1iste Gaeilge Chol\u00e1ist\u00ed Chorca Dhuibhne","description":"C\u00farsa\u00ed Gaeilge i gCorca Dhuibhne","publisher":{"@id":"https:\/\/www.colaiste.ie\/#organization"},"potentialAction":[{"@type":"SearchAction","target":{"@type":"EntryPoint","urlTemplate":"https:\/\/www.colaiste.ie\/?s={search_term_string}"},"query-input":"required name=search_term_string"}],"inLanguage":"ga"},{"@type":"Organization","@id":"https:\/\/www.colaiste.ie\/#organization","name":"Col\u00e1iste Gaeilge Chol\u00e1ist\u00ed Chorca Dhuibhne","url":"https:\/\/www.colaiste.ie\/","logo":{"@type":"ImageObject","inLanguage":"ga","@id":"https:\/\/www.colaiste.ie\/#\/schema\/logo\/image\/","url":"https:\/\/www.colaiste.ie\/wp-content\/uploads\/2020\/08\/Logo-Transparent-With-Shadow_1000-X-1000px.png","contentUrl":"https:\/\/www.colaiste.ie\/wp-content\/uploads\/2020\/08\/Logo-Transparent-With-Shadow_1000-X-1000px.png","width":1000,"height":1000,"caption":"Col\u00e1iste Gaeilge Chol\u00e1ist\u00ed Chorca Dhuibhne"},"image":{"@id":"https:\/\/www.colaiste.ie\/#\/schema\/logo\/image\/"},"sameAs":["https:\/\/www.facebook.com\/colaisteCD\/","https:\/\/www.instagram.com\/colaistecd\/?hl=en"]}]}},"_links":{"self":[{"href":"https:\/\/www.colaiste.ie\/ga\/wp-json\/wp\/v2\/pages\/1651"}],"collection":[{"href":"https:\/\/www.colaiste.ie\/ga\/wp-json\/wp\/v2\/pages"}],"about":[{"href":"https:\/\/www.colaiste.ie\/ga\/wp-json\/wp\/v2\/types\/page"}],"author":[{"embeddable":true,"href":"https:\/\/www.colaiste.ie\/ga\/wp-json\/wp\/v2\/users\/3"}],"replies":[{"embeddable":true,"href":"https:\/\/www.colaiste.ie\/ga\/wp-json\/wp\/v2\/comments?post=1651"}],"version-history":[{"count":5,"href":"https:\/\/www.colaiste.ie\/ga\/wp-json\/wp\/v2\/pages\/1651\/revisions"}],"predecessor-version":[{"id":2646,"href":"https:\/\/www.colaiste.ie\/ga\/wp-json\/wp\/v2\/pages\/1651\/revisions\/2646"}],"wp:attachment":[{"href":"https:\/\/www.colaiste.ie\/ga\/wp-json\/wp\/v2\/media?parent=1651"}],"curies":[{"name":"wp","href":"https:\/\/api.w.org\/{rel}","templated":true}]}}