{"id":1648,"date":"2015-10-12T19:49:32","date_gmt":"2015-10-12T19:49:32","guid":{"rendered":"https:\/\/www.www.colaiste.ie\/college-location\/"},"modified":"2022-10-05T09:30:37","modified_gmt":"2022-10-05T09:30:37","slug":"college-location","status":"publish","type":"page","link":"https:\/\/www.colaiste.ie\/ga\/college-location\/","title":{"rendered":"Su\u00edomh an Chol\u00e1iste"},"content":{"rendered":"<div class=\"wpb-content-wrapper\"><div class=\"fullwidth\" ><div class=\"wpb_row vc_row-fluid\">[vc_column width=&#8221;1\/3&#8243;][vc_column_text]<\/p>\n<h2>Col\u00e1ist\u00ed Chorca Dhuibhne<\/h2>\n<p>Baile an Fheirt\u00e9araigh<br \/>\nTr\u00e1 L\u00ed<br \/>\nCo. Chiarra\u00ed<\/p>\n<p><strong>Eircode:\u00a0V92 K5WT<\/strong><\/p>\n<p><strong>GPS:\u00a052.166146 N,\u00a0-10.410829 W<\/strong>[\/vc_column_text][\/vc_column][vc_column width=&#8221;1\/3&#8243;][vc_column_text]<\/p>\n<h2>Col\u00e1iste \u00cdde<\/h2>\n<p>Baile an Gh\u00f3il\u00edn<br \/>\nDaingean U\u00ed Ch\u00fais<br \/>\nCo. Chiarra\u00ed<br \/>\n\u00c9ire<\/p>\n<p><strong>Eircode:\u00a0V92 E432<\/strong><\/p>\n<p><strong>GPS: Lat: 52\u00b0 7&#8242; 38.4738&#8243; \u00a0Long: -10\u00b0 18&#8242; 19.767&#8243;<\/strong>[\/vc_column_text][\/vc_column][vc_column width=&#8221;1\/3&#8243;][vc_column_text]<\/p>\n<h2>Ceann Tr\u00e1<\/h2>\n<p>Halla Cheann Tr\u00e1<br \/>\nCo. Chiarra\u00ed<br \/>\n\u00c9ire<\/p>\n<p><strong>Eircode:\u00a0V92 H4Ca<\/strong><\/p>\n<p><strong>GPS: Lat: 52\u00b0 8&#8242; 2.9214&#8243;\u00a0Long: -10\u00b0 21&#8242; 51.6168&#8243;<\/strong>[\/vc_column_text][\/vc_column]<\/div><\/div><div class=\"fullwidth\" ><div class=\"wpb_row vc_row-fluid\">[vc_column width=&#8221;1\/3&#8243;][vc_column_text]<\/p>\n<h2>Feothanach<\/h2>\n<p>Tr\u00e1 L\u00ed<br \/>\nCo. Chiarra\u00ed<\/p>\n<p><strong>Eircode:\u00a0V92 W592<\/strong><\/p>\n<p><strong>GPS: Lat: 52\u00b0 12&#8242; 59.8356&#8243;\u00a0Long: -10\u00b0 21&#8242; 8.0418&#8243;<\/strong>[\/vc_column_text][\/vc_column][vc_column width=&#8221;1\/3&#8243;][vc_column_text]<\/p>\n<h2>Muir\u00edoch<\/h2>\n<p>An Muir\u00edoch<br \/>\nCo. Chiarra\u00ed<br \/>\n\u00c9ire<\/p>\n<p><strong>Eircode:\u00a0V92 VY15<\/strong><\/p>\n<p><strong>GPS: Lat: 52\u00b0 11&#8242; 8.34&#8243;\u00a0Long: -10\u00b0 21&#8242; 45.4284&#8243;<\/strong>[\/vc_column_text][\/vc_column][vc_column width=&#8221;1\/3&#8243;][vc_column_text]<\/p>\n<h2>Lios P\u00f3il<\/h2>\n<p>Garra\u00ed na dTor<br \/>\nLios P\u00f3il<\/p>\n<p>Co. Chiarra\u00ed<\/p>\n<p><strong>Eircode: V92 E8YV<\/strong><\/p>\n<p><strong>GPS: Lat: 52\u00b0 8&#8242; 38.004&#8243;\u00a0Long: -10\u00b0 8&#8242; 38.076&#8243;<\/strong>[\/vc_column_text][\/vc_column]<\/div><\/div>\n<\/div>","protected":false},"excerpt":{"rendered":"[vc_column width=\"1\/3\"][vc_column_text] Col\u00e1ist\u00ed Chorca Dhuibhne Baile an Fheirt\u00e9araigh Tr\u00e1 L\u00ed Co. Chiarra\u00ed Eircode:\u00a0V92 K5WT GPS:\u00a052.166146 N,\u00a0-10.410829 W[\/vc_column_text][\/vc_column][vc_column width=\"1\/3\"][vc_column_text] Col\u00e1iste \u00cdde Baile an Gh\u00f3il\u00edn Daingean U\u00ed Ch\u00fais Co. Chiarra\u00ed \u00c9ire Eircode:\u00a0V92 E432 GPS: Lat: 52\u00b0 7' 38.4738\" \u00a0Long: -10\u00b0 18' 19.767\"[\/vc_column_text][\/vc_column][vc_column width=\"1\/3\"][vc_column_text] Ceann Tr\u00e1 Halla Cheann Tr\u00e1 Co. Chiarra\u00ed \u00c9ire Eircode:\u00a0V92 H4Ca GPS: Lat: 52\u00b0 8' [...]","protected":false},"author":1,"featured_media":0,"parent":0,"menu_order":0,"comment_status":"open","ping_status":"open","template":"","meta":[],"acf":[],"yoast_head":"<!-- This site is optimized with the Yoast SEO plugin v21.0 - https:\/\/yoast.com\/wordpress\/plugins\/seo\/ -->\n<title>Su\u00edomh an Chol\u00e1iste - Col\u00e1iste Gaeilge Chol\u00e1ist\u00ed Chorca Dhuibhne<\/title>\n<meta name=\"robots\" content=\"index, follow, max-snippet:-1, max-image-preview:large, max-video-preview:-1\" \/>\n<link rel=\"canonical\" href=\"https:\/\/www.colaiste.ie\/college-location\/\" \/>\n<meta property=\"og:locale\" content=\"en_US\" \/>\n<meta property=\"og:type\" content=\"article\" \/>\n<meta property=\"og:title\" content=\"Su\u00edomh an Chol\u00e1iste - Col\u00e1iste Gaeilge Chol\u00e1ist\u00ed Chorca Dhuibhne\" \/>\n<meta property=\"og:url\" content=\"https:\/\/www.colaiste.ie\/college-location\/\" \/>\n<meta property=\"og:site_name\" content=\"Col\u00e1iste Gaeilge Chol\u00e1ist\u00ed Chorca Dhuibhne\" \/>\n<meta property=\"article:publisher\" content=\"https:\/\/www.facebook.com\/colaisteCD\/\" \/>\n<meta property=\"article:modified_time\" content=\"2022-10-05T09:30:37+00:00\" \/>\n<meta name=\"twitter:label1\" content=\"Est. reading time\" \/>\n\t<meta name=\"twitter:data1\" content=\"1 minute\" \/>\n<script type=\"application\/ld+json\" class=\"yoast-schema-graph\">{\"@context\":\"https:\/\/schema.org\",\"@graph\":[{\"@type\":\"WebPage\",\"@id\":\"https:\/\/www.colaiste.ie\/college-location\/\",\"url\":\"https:\/\/www.colaiste.ie\/college-location\/\",\"name\":\"Su\u00edomh an Chol\u00e1iste - Col\u00e1iste Gaeilge Chol\u00e1ist\u00ed Chorca Dhuibhne\",\"isPartOf\":{\"@id\":\"https:\/\/www.colaiste.ie\/#website\"},\"datePublished\":\"2015-10-12T19:49:32+00:00\",\"dateModified\":\"2022-10-05T09:30:37+00:00\",\"breadcrumb\":{\"@id\":\"https:\/\/www.colaiste.ie\/college-location\/#breadcrumb\"},\"inLanguage\":\"ga\",\"potentialAction\":[{\"@type\":\"ReadAction\",\"target\":[\"https:\/\/www.colaiste.ie\/college-location\/\"]}]},{\"@type\":\"BreadcrumbList\",\"@id\":\"https:\/\/www.colaiste.ie\/college-location\/#breadcrumb\",\"itemListElement\":[{\"@type\":\"ListItem\",\"position\":1,\"name\":\"Baile\",\"item\":\"https:\/\/www.colaiste.ie\/ga\/\"},{\"@type\":\"ListItem\",\"position\":2,\"name\":\"Su\u00edomh an Chol\u00e1iste\"}]},{\"@type\":\"WebSite\",\"@id\":\"https:\/\/www.colaiste.ie\/#website\",\"url\":\"https:\/\/www.colaiste.ie\/\",\"name\":\"Col\u00e1iste Gaeilge Chol\u00e1ist\u00ed Chorca Dhuibhne\",\"description\":\"C\u00farsa\u00ed Gaeilge i gCorca Dhuibhne\",\"publisher\":{\"@id\":\"https:\/\/www.colaiste.ie\/#organization\"},\"potentialAction\":[{\"@type\":\"SearchAction\",\"target\":{\"@type\":\"EntryPoint\",\"urlTemplate\":\"https:\/\/www.colaiste.ie\/?s={search_term_string}\"},\"query-input\":\"required name=search_term_string\"}],\"inLanguage\":\"ga\"},{\"@type\":\"Organization\",\"@id\":\"https:\/\/www.colaiste.ie\/#organization\",\"name\":\"Col\u00e1iste Gaeilge Chol\u00e1ist\u00ed Chorca Dhuibhne\",\"url\":\"https:\/\/www.colaiste.ie\/\",\"logo\":{\"@type\":\"ImageObject\",\"inLanguage\":\"ga\",\"@id\":\"https:\/\/www.colaiste.ie\/#\/schema\/logo\/image\/\",\"url\":\"https:\/\/www.colaiste.ie\/wp-content\/uploads\/2020\/08\/Logo-Transparent-With-Shadow_1000-X-1000px.png\",\"contentUrl\":\"https:\/\/www.colaiste.ie\/wp-content\/uploads\/2020\/08\/Logo-Transparent-With-Shadow_1000-X-1000px.png\",\"width\":1000,\"height\":1000,\"caption\":\"Col\u00e1iste Gaeilge Chol\u00e1ist\u00ed Chorca Dhuibhne\"},\"image\":{\"@id\":\"https:\/\/www.colaiste.ie\/#\/schema\/logo\/image\/\"},\"sameAs\":[\"https:\/\/www.facebook.com\/colaisteCD\/\",\"https:\/\/www.instagram.com\/colaistecd\/?hl=en\"]}]}<\/script>\n<!-- \/ Yoast SEO plugin. -->","yoast_head_json":{"title":"Su\u00edomh an Chol\u00e1iste - Col\u00e1iste Gaeilge Chol\u00e1ist\u00ed Chorca Dhuibhne","robots":{"index":"index","follow":"follow","max-snippet":"max-snippet:-1","max-image-preview":"max-image-preview:large","max-video-preview":"max-video-preview:-1"},"canonical":"https:\/\/www.colaiste.ie\/college-location\/","og_locale":"en_US","og_type":"article","og_title":"Su\u00edomh an Chol\u00e1iste - Col\u00e1iste Gaeilge Chol\u00e1ist\u00ed Chorca Dhuibhne","og_url":"https:\/\/www.colaiste.ie\/college-location\/","og_site_name":"Col\u00e1iste Gaeilge Chol\u00e1ist\u00ed Chorca Dhuibhne","article_publisher":"https:\/\/www.facebook.com\/colaisteCD\/","article_modified_time":"2022-10-05T09:30:37+00:00","twitter_misc":{"Est. reading time":"1 minute"},"schema":{"@context":"https:\/\/schema.org","@graph":[{"@type":"WebPage","@id":"https:\/\/www.colaiste.ie\/college-location\/","url":"https:\/\/www.colaiste.ie\/college-location\/","name":"Su\u00edomh an Chol\u00e1iste - Col\u00e1iste Gaeilge Chol\u00e1ist\u00ed Chorca Dhuibhne","isPartOf":{"@id":"https:\/\/www.colaiste.ie\/#website"},"datePublished":"2015-10-12T19:49:32+00:00","dateModified":"2022-10-05T09:30:37+00:00","breadcrumb":{"@id":"https:\/\/www.colaiste.ie\/college-location\/#breadcrumb"},"inLanguage":"ga","potentialAction":[{"@type":"ReadAction","target":["https:\/\/www.colaiste.ie\/college-location\/"]}]},{"@type":"BreadcrumbList","@id":"https:\/\/www.colaiste.ie\/college-location\/#breadcrumb","itemListElement":[{"@type":"ListItem","position":1,"name":"Baile","item":"https:\/\/www.colaiste.ie\/ga\/"},{"@type":"ListItem","position":2,"name":"Su\u00edomh an Chol\u00e1iste"}]},{"@type":"WebSite","@id":"https:\/\/www.colaiste.ie\/#website","url":"https:\/\/www.colaiste.ie\/","name":"Col\u00e1iste Gaeilge Chol\u00e1ist\u00ed Chorca Dhuibhne","description":"C\u00farsa\u00ed Gaeilge i gCorca Dhuibhne","publisher":{"@id":"https:\/\/www.colaiste.ie\/#organization"},"potentialAction":[{"@type":"SearchAction","target":{"@type":"EntryPoint","urlTemplate":"https:\/\/www.colaiste.ie\/?s={search_term_string}"},"query-input":"required name=search_term_string"}],"inLanguage":"ga"},{"@type":"Organization","@id":"https:\/\/www.colaiste.ie\/#organization","name":"Col\u00e1iste Gaeilge Chol\u00e1ist\u00ed Chorca Dhuibhne","url":"https:\/\/www.colaiste.ie\/","logo":{"@type":"ImageObject","inLanguage":"ga","@id":"https:\/\/www.colaiste.ie\/#\/schema\/logo\/image\/","url":"https:\/\/www.colaiste.ie\/wp-content\/uploads\/2020\/08\/Logo-Transparent-With-Shadow_1000-X-1000px.png","contentUrl":"https:\/\/www.colaiste.ie\/wp-content\/uploads\/2020\/08\/Logo-Transparent-With-Shadow_1000-X-1000px.png","width":1000,"height":1000,"caption":"Col\u00e1iste Gaeilge Chol\u00e1ist\u00ed Chorca Dhuibhne"},"image":{"@id":"https:\/\/www.colaiste.ie\/#\/schema\/logo\/image\/"},"sameAs":["https:\/\/www.facebook.com\/colaisteCD\/","https:\/\/www.instagram.com\/colaistecd\/?hl=en"]}]}},"_links":{"self":[{"href":"https:\/\/www.colaiste.ie\/ga\/wp-json\/wp\/v2\/pages\/1648"}],"collection":[{"href":"https:\/\/www.colaiste.ie\/ga\/wp-json\/wp\/v2\/pages"}],"about":[{"href":"https:\/\/www.colaiste.ie\/ga\/wp-json\/wp\/v2\/types\/page"}],"author":[{"embeddable":true,"href":"https:\/\/www.colaiste.ie\/ga\/wp-json\/wp\/v2\/users\/1"}],"replies":[{"embeddable":true,"href":"https:\/\/www.colaiste.ie\/ga\/wp-json\/wp\/v2\/comments?post=1648"}],"version-history":[{"count":5,"href":"https:\/\/www.colaiste.ie\/ga\/wp-json\/wp\/v2\/pages\/1648\/revisions"}],"predecessor-version":[{"id":3018,"href":"https:\/\/www.colaiste.ie\/ga\/wp-json\/wp\/v2\/pages\/1648\/revisions\/3018"}],"wp:attachment":[{"href":"https:\/\/www.colaiste.ie\/ga\/wp-json\/wp\/v2\/media?parent=1648"}],"curies":[{"name":"wp","href":"https:\/\/api.w.org\/{rel}","templated":true}]}}