{"id":1647,"date":"2018-05-16T12:58:55","date_gmt":"2018-05-16T12:58:55","guid":{"rendered":"https:\/\/www.www.colaiste.ie\/privacy-policy\/"},"modified":"2022-10-04T12:33:06","modified_gmt":"2022-10-04T12:33:06","slug":"privacy-policy","status":"publish","type":"page","link":"https:\/\/www.colaiste.ie\/ga\/privacy-policy\/","title":{"rendered":"F\u00f3gra Pr\u00edobh\u00e1ideachais"},"content":{"rendered":"<p><strong>F\u00f3gra Pr\u00edobh\u00e1ideachais<\/strong><\/p>\n<p>Nochtann an f\u00f3gra pr\u00edobh\u00e1ideachais seo na cleachtais phr\u00edobh\u00e1ideachais ag <a href=\"http:\/\/www.colaiste.ie\/\">www.colaiste.ie<\/a> Baineann an f\u00f3gra pr\u00edobh\u00e1ideachais seo le heolas at\u00e1 bailithe ag an su\u00edomh seo amh\u00e1in. Cuirfidh s\u00e9 t\u00fa ar an eolas maidir leis seo a leanas:<\/p>\n<ol>\n<li>C\u00e9n t-eolas inaitheanta a bhail\u00edtear uait tr\u00edd an su\u00edomh idirl\u00edn, conas a \u00fas\u00e1idtear \u00e9 agus c\u00e9 leis a roinntear \u00e9.<\/li>\n<li>Na roghanna at\u00e1 ar f\u00e1il duit maidir le h\u00fas\u00e1id do chuid sonra\u00ed.<\/li>\n<li>Na n\u00f3sanna imeachta at\u00e1 i bhfeidhm chun m\u00ed-\u00fas\u00e1id do chuid sonra\u00ed a chosaint.<\/li>\n<li>Conas gur f\u00e9idir leat aon eolas m\u00edchruinn a cheart\u00fa.<\/li>\n<\/ol>\n<p><strong>Baili\u00fa, \u00das\u00e1id &amp; Roinnt Eolais<\/strong><\/p>\n<p>Is linne amh\u00e1in an t-eolas a bhail\u00edtear ar an su\u00edomh seo. N\u00edl teacht againn ach ar eolas a thugann t\u00fa cead d\u00fainn a bhaili\u00fa tr\u00edd r\u00edomhphost n\u00f3 teagmh\u00e1il eile d\u00edreach uaitse. N\u00ed dh\u00edolfaimid n\u00f3 n\u00ed ligfimid amach an t-eolas seo le h\u00e9inne.<\/p>\n<p>\u00das\u00e1idfimid do chuid eolais chun dul i dteagmh\u00e1il leat maidir leis an gc\u00fais gur chuaigh t\u00fa i dteagmh\u00e1il linne. N\u00ed roinnfimid do chuid eolais le h\u00e9inne taobh amuigh d\u2019\u00e1r n-eagra\u00edocht , ach amh\u00e1in mar is g\u00e1 chun d\u2019iarratas a chomhl\u00edonadh, mar shampla chun ord\u00fa a sheoladh sa phost chugat.<\/p>\n<p>Muna gcuireann t\u00fa ceist orainn, d\u2019fh\u00e9adfaim\u00eds dul i dteagmh\u00e1il leat tr\u00edd r\u00edomhphost amach anseo maidir le seirbh\u00eds\u00ed n\u00f3 t\u00e1irg\u00ed nua, n\u00f3 maidir le hathruithe sa pholasa\u00ed pr\u00edobh\u00e1ideachais.<\/p>\n<p><strong>Do rochtain agus do smacht ar an eolas:<\/strong><\/p>\n<p>Beidh rogha an di\u00faltaithe ar f\u00e1il duit i gc\u00f3na\u00ed maidir le teagmh\u00e1il uainn aon am. Is f\u00e9idir leat \u00e9 seo a leanas a dh\u00e9anamh aon am tr\u00edd teagmh\u00e1il a dh\u00e9anamh linn tr\u00edd r\u00edomhphost n\u00f3 glaoch ar an uimhir at\u00e1 ar an su\u00edomh idirl\u00edn:<\/p>\n<ul>\n<li>F\u00e9achaint c\u00e9n t-eolas at\u00e1 againn ort, m\u00e1s amhlaidh.<\/li>\n<li>Athraigh \/ ceartaigh aon eolas at\u00e1 againn ort.<\/li>\n<li>Go nd\u00e9anfa\u00ed scrios ar aon eolas at\u00e1 againn ort.<\/li>\n<li>Aon imn\u00ed at\u00e1 agat maidir le h\u00fas\u00e1id do chuid sonra\u00ed.<\/li>\n<\/ul>\n<p><strong>Sl\u00e1nd\u00e1il:<\/strong><\/p>\n<p>T\u00f3gaimid r\u00e9amhch\u00faraim\u00ed chun do chuid sonra\u00ed a chosaint. Nuair a chuireann t\u00fa eolas r\u00fanda chugainn tr\u00edd an su\u00edomh idirl\u00edn, tugtar cosaint don eolas sin ar-l\u00edne agus as-l\u00edne.<\/p>\n<p>C\u00e9 go n-\u00fas\u00e1idimid cript\u00fach\u00e1n chun eolas r\u00fanda a chosaint at\u00e1 \u00e1 aistri\u00fa ar-l\u00edne, tugaimid cosaint do d\u2019eolas as-l\u00edne. N\u00ed fhaigheann ach fostaithe go bhfuil g\u00e1 acu leis an t-eolas chun dualgas ar leith a chur i gcr\u00edch (mar shampla, bill\u00ed n\u00f3 seirbh\u00eds chustaim\u00e9ara) cead chun teacht ar eolas inaitheanta. Coime\u00e1dtar na r\u00edomhair\u00ed \/ freastalaithe ina bhfuil eolas inaitheanta iontu i dtimpeallacht sh\u00e1bh\u00e1ilte.<\/p>\n<p><strong>\u00c1irithint\u00ed do<\/strong> <strong>Ch\u00farsa\u00ed<\/strong><\/p>\n<p>Lorga\u00edmid eolas uait ar \u00e1r bhfoirm \u00e1irithint\u00ed do ch\u00farsa\u00ed. Chun c\u00farsa a chur in \u00e1irithe linn, caithfidh t\u00fa eolas teagmh\u00e1la a shol\u00e1thar agus eolas airgeadais (ar n\u00f3s uimhir ch\u00e1rta creidmheasa, d\u00e1ta as feidhm). Is chun cr\u00edocha bille\u00e1la an t-eolas seo agus chun d&#8217;\u00e1irithint a chur\u00a0i gcr\u00edch. M\u00e1 bh\u00edonn fadhb againn \u00e1irithint a phr\u00f3ise\u00e1il, \u00fasaidfimid an t-eolas seo chun dul\u00a0i dteagmh\u00e1il leat.<\/p>\n<p>Tabhair faoi ndeara: is ag \u00e1r bp\u00e1irtn\u00e9ir\u00ed sl\u00e1nd\u00e1la Realex agus n\u00ed againne\u00a0a\u00a0coime\u00e1dtar aon eolas maidir le c\u00e1rta\u00ed creidmheasa.<\/p>\n<p><strong>Cuacha<\/strong><\/p>\n<p>\u00das\u00e1ideann an su\u00edomh seo cuacha. Cuach is ea p\u00edosa eolais a st\u00f3r\u00e1ltar ar thiom\u00e1nt\u00e1n crua an chuairteora go dt\u00ed an su\u00edomh chun cabhr\u00fa linn feabhas a chur ar do chuairt go dt\u00ed \u00e1r su\u00edomh idirl\u00edn agus chun daoine a thugann cuairt ann go minic a aithint. Mar shampla, nuair a \u00fas\u00e1idimd cuach chun t\u00fa a aithint, n\u00ed bheadh ort pasfhocal a chur isteach ach aon uair amh\u00e1in, ag s\u00e1bh\u00e1ilte ama duit agus t\u00fa ar an su\u00edomh. Tugann cuacha leis an deis d\u00fainn rianaireacht agus d\u00edri\u00fa a dh\u00e9anamh ar shuimeanna \u00e1r n-\u00fas\u00e1ideoir\u00ed agus chun feabhas a chur ar an eisp\u00e9ireas ar \u00e1r su\u00edomh. N\u00ed bhaineann \u00fas\u00e1id cuacha in aon tsl\u00ed le haon eolas pearsanta aitheanta an duine ar \u00e1r su\u00edomh.<\/p>\n<p><strong>M\u00e1 bhraitheann t\u00fa nach bhfuilmid ag clo\u00ed leis an bpolasa\u00ed pr\u00edobh\u00e1ideachais seo, ba cheart duit dul i dteagmh\u00e1il linn l\u00e1ithreach bonn.<\/strong><\/p>\n<p>&nbsp;<\/p>\n","protected":false},"excerpt":{"rendered":"<p>F\u00f3gra Pr\u00edobh\u00e1ideachais Nochtann an f\u00f3gra pr\u00edobh\u00e1ideachais seo na cleachtais phr\u00edobh\u00e1ideachais ag www.colaiste.ie Baineann an f\u00f3gra pr\u00edobh\u00e1ideachais seo le heolas at\u00e1 bailithe ag an su\u00edomh seo amh\u00e1in. Cuirfidh s\u00e9 t\u00fa ar an eolas maidir leis seo a leanas: C\u00e9n t-eolas inaitheanta a bhail\u00edtear uait tr\u00edd an su\u00edomh idirl\u00edn, conas a \u00fas\u00e1idtear \u00e9 agus c\u00e9 leis a [&hellip;]<\/p>\n","protected":false},"author":1,"featured_media":0,"parent":0,"menu_order":0,"comment_status":"closed","ping_status":"closed","template":"","meta":[],"acf":[],"yoast_head":"<!-- This site is optimized with the Yoast SEO plugin v21.0 - https:\/\/yoast.com\/wordpress\/plugins\/seo\/ -->\n<title>F\u00f3gra Pr\u00edobh\u00e1ideachais - Col\u00e1iste Gaeilge Chol\u00e1ist\u00ed Chorca Dhuibhne<\/title>\n<meta name=\"robots\" content=\"index, follow, max-snippet:-1, max-image-preview:large, max-video-preview:-1\" \/>\n<link rel=\"canonical\" href=\"https:\/\/www.colaiste.ie\/ga\/privacy-policy\/\" \/>\n<meta property=\"og:locale\" content=\"en_US\" \/>\n<meta property=\"og:type\" content=\"article\" \/>\n<meta property=\"og:title\" content=\"F\u00f3gra Pr\u00edobh\u00e1ideachais - Col\u00e1iste Gaeilge Chol\u00e1ist\u00ed Chorca Dhuibhne\" \/>\n<meta property=\"og:description\" content=\"F\u00f3gra Pr\u00edobh\u00e1ideachais Nochtann an f\u00f3gra pr\u00edobh\u00e1ideachais seo na cleachtais phr\u00edobh\u00e1ideachais ag www.colaiste.ie Baineann an f\u00f3gra pr\u00edobh\u00e1ideachais seo le heolas at\u00e1 bailithe ag an su\u00edomh seo amh\u00e1in. Cuirfidh s\u00e9 t\u00fa ar an eolas maidir leis seo a leanas: C\u00e9n t-eolas inaitheanta a bhail\u00edtear uait tr\u00edd an su\u00edomh idirl\u00edn, conas a \u00fas\u00e1idtear \u00e9 agus c\u00e9 leis a [&hellip;]\" \/>\n<meta property=\"og:url\" content=\"https:\/\/www.colaiste.ie\/ga\/privacy-policy\/\" \/>\n<meta property=\"og:site_name\" content=\"Col\u00e1iste Gaeilge Chol\u00e1ist\u00ed Chorca Dhuibhne\" \/>\n<meta property=\"article:publisher\" content=\"https:\/\/www.facebook.com\/colaisteCD\/\" \/>\n<meta property=\"article:modified_time\" content=\"2022-10-04T12:33:06+00:00\" \/>\n<meta name=\"twitter:label1\" content=\"Est. reading time\" \/>\n\t<meta name=\"twitter:data1\" content=\"4 minutes\" \/>\n<script type=\"application\/ld+json\" class=\"yoast-schema-graph\">{\"@context\":\"https:\/\/schema.org\",\"@graph\":[{\"@type\":\"WebPage\",\"@id\":\"https:\/\/www.colaiste.ie\/ga\/privacy-policy\/\",\"url\":\"https:\/\/www.colaiste.ie\/ga\/privacy-policy\/\",\"name\":\"F\u00f3gra Pr\u00edobh\u00e1ideachais - Col\u00e1iste Gaeilge Chol\u00e1ist\u00ed Chorca Dhuibhne\",\"isPartOf\":{\"@id\":\"https:\/\/www.colaiste.ie\/#website\"},\"datePublished\":\"2018-05-16T12:58:55+00:00\",\"dateModified\":\"2022-10-04T12:33:06+00:00\",\"breadcrumb\":{\"@id\":\"https:\/\/www.colaiste.ie\/ga\/privacy-policy\/#breadcrumb\"},\"inLanguage\":\"ga\",\"potentialAction\":[{\"@type\":\"ReadAction\",\"target\":[\"https:\/\/www.colaiste.ie\/ga\/privacy-policy\/\"]}]},{\"@type\":\"BreadcrumbList\",\"@id\":\"https:\/\/www.colaiste.ie\/ga\/privacy-policy\/#breadcrumb\",\"itemListElement\":[{\"@type\":\"ListItem\",\"position\":1,\"name\":\"Baile\",\"item\":\"https:\/\/www.colaiste.ie\/ga\/\"},{\"@type\":\"ListItem\",\"position\":2,\"name\":\"F\u00f3gra Pr\u00edobh\u00e1ideachais\"}]},{\"@type\":\"WebSite\",\"@id\":\"https:\/\/www.colaiste.ie\/#website\",\"url\":\"https:\/\/www.colaiste.ie\/\",\"name\":\"Col\u00e1iste Gaeilge Chol\u00e1ist\u00ed Chorca Dhuibhne\",\"description\":\"C\u00farsa\u00ed Gaeilge i gCorca Dhuibhne\",\"publisher\":{\"@id\":\"https:\/\/www.colaiste.ie\/#organization\"},\"potentialAction\":[{\"@type\":\"SearchAction\",\"target\":{\"@type\":\"EntryPoint\",\"urlTemplate\":\"https:\/\/www.colaiste.ie\/?s={search_term_string}\"},\"query-input\":\"required name=search_term_string\"}],\"inLanguage\":\"ga\"},{\"@type\":\"Organization\",\"@id\":\"https:\/\/www.colaiste.ie\/#organization\",\"name\":\"Col\u00e1iste Gaeilge Chol\u00e1ist\u00ed Chorca Dhuibhne\",\"url\":\"https:\/\/www.colaiste.ie\/\",\"logo\":{\"@type\":\"ImageObject\",\"inLanguage\":\"ga\",\"@id\":\"https:\/\/www.colaiste.ie\/#\/schema\/logo\/image\/\",\"url\":\"https:\/\/www.colaiste.ie\/wp-content\/uploads\/2020\/08\/Logo-Transparent-With-Shadow_1000-X-1000px.png\",\"contentUrl\":\"https:\/\/www.colaiste.ie\/wp-content\/uploads\/2020\/08\/Logo-Transparent-With-Shadow_1000-X-1000px.png\",\"width\":1000,\"height\":1000,\"caption\":\"Col\u00e1iste Gaeilge Chol\u00e1ist\u00ed Chorca Dhuibhne\"},\"image\":{\"@id\":\"https:\/\/www.colaiste.ie\/#\/schema\/logo\/image\/\"},\"sameAs\":[\"https:\/\/www.facebook.com\/colaisteCD\/\",\"https:\/\/www.instagram.com\/colaistecd\/?hl=en\"]}]}<\/script>\n<!-- \/ Yoast SEO plugin. -->","yoast_head_json":{"title":"F\u00f3gra Pr\u00edobh\u00e1ideachais - Col\u00e1iste Gaeilge Chol\u00e1ist\u00ed Chorca Dhuibhne","robots":{"index":"index","follow":"follow","max-snippet":"max-snippet:-1","max-image-preview":"max-image-preview:large","max-video-preview":"max-video-preview:-1"},"canonical":"https:\/\/www.colaiste.ie\/ga\/privacy-policy\/","og_locale":"en_US","og_type":"article","og_title":"F\u00f3gra Pr\u00edobh\u00e1ideachais - Col\u00e1iste Gaeilge Chol\u00e1ist\u00ed Chorca Dhuibhne","og_description":"F\u00f3gra Pr\u00edobh\u00e1ideachais Nochtann an f\u00f3gra pr\u00edobh\u00e1ideachais seo na cleachtais phr\u00edobh\u00e1ideachais ag www.colaiste.ie Baineann an f\u00f3gra pr\u00edobh\u00e1ideachais seo le heolas at\u00e1 bailithe ag an su\u00edomh seo amh\u00e1in. Cuirfidh s\u00e9 t\u00fa ar an eolas maidir leis seo a leanas: C\u00e9n t-eolas inaitheanta a bhail\u00edtear uait tr\u00edd an su\u00edomh idirl\u00edn, conas a \u00fas\u00e1idtear \u00e9 agus c\u00e9 leis a [&hellip;]","og_url":"https:\/\/www.colaiste.ie\/ga\/privacy-policy\/","og_site_name":"Col\u00e1iste Gaeilge Chol\u00e1ist\u00ed Chorca Dhuibhne","article_publisher":"https:\/\/www.facebook.com\/colaisteCD\/","article_modified_time":"2022-10-04T12:33:06+00:00","twitter_misc":{"Est. reading time":"4 minutes"},"schema":{"@context":"https:\/\/schema.org","@graph":[{"@type":"WebPage","@id":"https:\/\/www.colaiste.ie\/ga\/privacy-policy\/","url":"https:\/\/www.colaiste.ie\/ga\/privacy-policy\/","name":"F\u00f3gra Pr\u00edobh\u00e1ideachais - Col\u00e1iste Gaeilge Chol\u00e1ist\u00ed Chorca Dhuibhne","isPartOf":{"@id":"https:\/\/www.colaiste.ie\/#website"},"datePublished":"2018-05-16T12:58:55+00:00","dateModified":"2022-10-04T12:33:06+00:00","breadcrumb":{"@id":"https:\/\/www.colaiste.ie\/ga\/privacy-policy\/#breadcrumb"},"inLanguage":"ga","potentialAction":[{"@type":"ReadAction","target":["https:\/\/www.colaiste.ie\/ga\/privacy-policy\/"]}]},{"@type":"BreadcrumbList","@id":"https:\/\/www.colaiste.ie\/ga\/privacy-policy\/#breadcrumb","itemListElement":[{"@type":"ListItem","position":1,"name":"Baile","item":"https:\/\/www.colaiste.ie\/ga\/"},{"@type":"ListItem","position":2,"name":"F\u00f3gra Pr\u00edobh\u00e1ideachais"}]},{"@type":"WebSite","@id":"https:\/\/www.colaiste.ie\/#website","url":"https:\/\/www.colaiste.ie\/","name":"Col\u00e1iste Gaeilge Chol\u00e1ist\u00ed Chorca Dhuibhne","description":"C\u00farsa\u00ed Gaeilge i gCorca Dhuibhne","publisher":{"@id":"https:\/\/www.colaiste.ie\/#organization"},"potentialAction":[{"@type":"SearchAction","target":{"@type":"EntryPoint","urlTemplate":"https:\/\/www.colaiste.ie\/?s={search_term_string}"},"query-input":"required name=search_term_string"}],"inLanguage":"ga"},{"@type":"Organization","@id":"https:\/\/www.colaiste.ie\/#organization","name":"Col\u00e1iste Gaeilge Chol\u00e1ist\u00ed Chorca Dhuibhne","url":"https:\/\/www.colaiste.ie\/","logo":{"@type":"ImageObject","inLanguage":"ga","@id":"https:\/\/www.colaiste.ie\/#\/schema\/logo\/image\/","url":"https:\/\/www.colaiste.ie\/wp-content\/uploads\/2020\/08\/Logo-Transparent-With-Shadow_1000-X-1000px.png","contentUrl":"https:\/\/www.colaiste.ie\/wp-content\/uploads\/2020\/08\/Logo-Transparent-With-Shadow_1000-X-1000px.png","width":1000,"height":1000,"caption":"Col\u00e1iste Gaeilge Chol\u00e1ist\u00ed Chorca Dhuibhne"},"image":{"@id":"https:\/\/www.colaiste.ie\/#\/schema\/logo\/image\/"},"sameAs":["https:\/\/www.facebook.com\/colaisteCD\/","https:\/\/www.instagram.com\/colaistecd\/?hl=en"]}]}},"_links":{"self":[{"href":"https:\/\/www.colaiste.ie\/ga\/wp-json\/wp\/v2\/pages\/1647"}],"collection":[{"href":"https:\/\/www.colaiste.ie\/ga\/wp-json\/wp\/v2\/pages"}],"about":[{"href":"https:\/\/www.colaiste.ie\/ga\/wp-json\/wp\/v2\/types\/page"}],"author":[{"embeddable":true,"href":"https:\/\/www.colaiste.ie\/ga\/wp-json\/wp\/v2\/users\/1"}],"replies":[{"embeddable":true,"href":"https:\/\/www.colaiste.ie\/ga\/wp-json\/wp\/v2\/comments?post=1647"}],"version-history":[{"count":2,"href":"https:\/\/www.colaiste.ie\/ga\/wp-json\/wp\/v2\/pages\/1647\/revisions"}],"predecessor-version":[{"id":3001,"href":"https:\/\/www.colaiste.ie\/ga\/wp-json\/wp\/v2\/pages\/1647\/revisions\/3001"}],"wp:attachment":[{"href":"https:\/\/www.colaiste.ie\/ga\/wp-json\/wp\/v2\/media?parent=1647"}],"curies":[{"name":"wp","href":"https:\/\/api.w.org\/{rel}","templated":true}]}}