{"id":1646,"date":"2018-08-21T14:33:27","date_gmt":"2018-08-21T14:33:27","guid":{"rendered":"https:\/\/www.www.colaiste.ie\/cookie-policy\/"},"modified":"2022-10-05T09:31:13","modified_gmt":"2022-10-05T09:31:13","slug":"cookie-policy","status":"publish","type":"page","link":"https:\/\/www.colaiste.ie\/ga\/cookie-policy\/","title":{"rendered":"Polasa\u00ed Cuacha"},"content":{"rendered":"<p>\u00das\u00e1ideann an su\u00edomh seo cuacha &#8211; comhaid bheaga t\u00e9acs a chuirtear ar\u00a0do r\u00edomhaire chun cabhr\u00fa leis an su\u00edomh\u00a0eisp\u00e9ireas \u00fas\u00e1ideora n\u00edos fearr a shol\u00e1thar\u00a0duit.\u00a0Go ginear\u00e1lta, \u00fas\u00e1idtear cuacha chun roghanna an \u00fas\u00e1ideora a choime\u00e1d, eolas a st\u00f3r\u00e1il do nithe\u00a0ar n\u00f3s tralaithe siopad\u00f3ireachta, agus chun sonra\u00ed rianaireachta gan ainm a shol\u00e1thar d&#8217;fheidhmchl\u00e1ir do thr\u00ed\u00fa p\u00e1irtithe ar n\u00f3s\u00a0Google Analytics. De ghn\u00e1th, cuirifdh cuacha go m\u00f3r le d&#8217;eisp\u00e9ireas brabhs\u00e1la. Ach b&#8217;fh\u00e9idir go mb&#8217;fhearr leat na cuacha a dh\u00edchumas\u00fa ar an su\u00edomh seo agus ar shu\u00edomhann eile. An tsl\u00ed is fearr chun\u00a0\u00e9 seo a dh\u00e9anamh n\u00e1 cuacha a dh\u00edchumas\u00fa i do bhrabhsala\u00ed. Molaimid duit dul i gcomhairle leis an m\u00edr Cabhair ar do bhrabhs\u00e1la\u00ed n\u00f3 f\u00e9ach ar an su\u00edomh idirl\u00edn <a href=\"http:\/\/www.aboutcookies.org\/\">About Cookies\u00a0<\/a> a thugann treoir do bhrabhs\u00e1laithe nua-aimseartha.<\/p>\n<p>&nbsp;<\/p>\n<p><a href=\"http:\/\/www.colaiste.ie\/privacy-policy\/\"><span style=\"font-weight: 400;\">Clice\u00e1il anseo chun f\u00e9achaint ar \u00e1r\u00a0bPolasa\u00ed Pr\u00edobh\u00e1ideachais\u00a0<\/span><\/a><\/p>\n","protected":false},"excerpt":{"rendered":"<p>\u00das\u00e1ideann an su\u00edomh seo cuacha &#8211; comhaid bheaga t\u00e9acs a chuirtear ar\u00a0do r\u00edomhaire chun cabhr\u00fa leis an su\u00edomh\u00a0eisp\u00e9ireas \u00fas\u00e1ideora n\u00edos fearr a shol\u00e1thar\u00a0duit.\u00a0Go ginear\u00e1lta, \u00fas\u00e1idtear cuacha chun roghanna an \u00fas\u00e1ideora a choime\u00e1d, eolas a st\u00f3r\u00e1il do nithe\u00a0ar n\u00f3s tralaithe siopad\u00f3ireachta, agus chun sonra\u00ed rianaireachta gan ainm a shol\u00e1thar d&#8217;fheidhmchl\u00e1ir do thr\u00ed\u00fa p\u00e1irtithe ar n\u00f3s\u00a0Google Analytics. [&hellip;]<\/p>\n","protected":false},"author":6,"featured_media":0,"parent":0,"menu_order":0,"comment_status":"closed","ping_status":"closed","template":"","meta":[],"acf":[],"yoast_head":"<!-- This site is optimized with the Yoast SEO plugin v21.0 - https:\/\/yoast.com\/wordpress\/plugins\/seo\/ -->\n<title>Polasa\u00ed Cuacha - Col\u00e1iste Gaeilge Chol\u00e1ist\u00ed Chorca Dhuibhne<\/title>\n<meta name=\"robots\" content=\"index, follow, max-snippet:-1, max-image-preview:large, max-video-preview:-1\" \/>\n<link rel=\"canonical\" href=\"https:\/\/www.colaiste.ie\/ga\/cookie-policy\/\" \/>\n<meta property=\"og:locale\" content=\"en_US\" \/>\n<meta property=\"og:type\" content=\"article\" \/>\n<meta property=\"og:title\" content=\"Polasa\u00ed Cuacha - Col\u00e1iste Gaeilge Chol\u00e1ist\u00ed Chorca Dhuibhne\" \/>\n<meta property=\"og:description\" content=\"\u00das\u00e1ideann an su\u00edomh seo cuacha &#8211; comhaid bheaga t\u00e9acs a chuirtear ar\u00a0do r\u00edomhaire chun cabhr\u00fa leis an su\u00edomh\u00a0eisp\u00e9ireas \u00fas\u00e1ideora n\u00edos fearr a shol\u00e1thar\u00a0duit.\u00a0Go ginear\u00e1lta, \u00fas\u00e1idtear cuacha chun roghanna an \u00fas\u00e1ideora a choime\u00e1d, eolas a st\u00f3r\u00e1il do nithe\u00a0ar n\u00f3s tralaithe siopad\u00f3ireachta, agus chun sonra\u00ed rianaireachta gan ainm a shol\u00e1thar d&#8217;fheidhmchl\u00e1ir do thr\u00ed\u00fa p\u00e1irtithe ar n\u00f3s\u00a0Google Analytics. [&hellip;]\" \/>\n<meta property=\"og:url\" content=\"https:\/\/www.colaiste.ie\/ga\/cookie-policy\/\" \/>\n<meta property=\"og:site_name\" content=\"Col\u00e1iste Gaeilge Chol\u00e1ist\u00ed Chorca Dhuibhne\" \/>\n<meta property=\"article:publisher\" content=\"https:\/\/www.facebook.com\/colaisteCD\/\" \/>\n<meta property=\"article:modified_time\" content=\"2022-10-05T09:31:13+00:00\" \/>\n<meta name=\"twitter:label1\" content=\"Est. reading time\" \/>\n\t<meta name=\"twitter:data1\" content=\"1 minute\" \/>\n<script type=\"application\/ld+json\" class=\"yoast-schema-graph\">{\"@context\":\"https:\/\/schema.org\",\"@graph\":[{\"@type\":\"WebPage\",\"@id\":\"https:\/\/www.colaiste.ie\/ga\/cookie-policy\/\",\"url\":\"https:\/\/www.colaiste.ie\/ga\/cookie-policy\/\",\"name\":\"Polasa\u00ed Cuacha - Col\u00e1iste Gaeilge Chol\u00e1ist\u00ed Chorca Dhuibhne\",\"isPartOf\":{\"@id\":\"https:\/\/www.colaiste.ie\/#website\"},\"datePublished\":\"2018-08-21T14:33:27+00:00\",\"dateModified\":\"2022-10-05T09:31:13+00:00\",\"breadcrumb\":{\"@id\":\"https:\/\/www.colaiste.ie\/ga\/cookie-policy\/#breadcrumb\"},\"inLanguage\":\"ga\",\"potentialAction\":[{\"@type\":\"ReadAction\",\"target\":[\"https:\/\/www.colaiste.ie\/ga\/cookie-policy\/\"]}]},{\"@type\":\"BreadcrumbList\",\"@id\":\"https:\/\/www.colaiste.ie\/ga\/cookie-policy\/#breadcrumb\",\"itemListElement\":[{\"@type\":\"ListItem\",\"position\":1,\"name\":\"Baile\",\"item\":\"https:\/\/www.colaiste.ie\/ga\/\"},{\"@type\":\"ListItem\",\"position\":2,\"name\":\"Polasa\u00ed Cuacha\"}]},{\"@type\":\"WebSite\",\"@id\":\"https:\/\/www.colaiste.ie\/#website\",\"url\":\"https:\/\/www.colaiste.ie\/\",\"name\":\"Col\u00e1iste Gaeilge Chol\u00e1ist\u00ed Chorca Dhuibhne\",\"description\":\"C\u00farsa\u00ed Gaeilge i gCorca Dhuibhne\",\"publisher\":{\"@id\":\"https:\/\/www.colaiste.ie\/#organization\"},\"potentialAction\":[{\"@type\":\"SearchAction\",\"target\":{\"@type\":\"EntryPoint\",\"urlTemplate\":\"https:\/\/www.colaiste.ie\/?s={search_term_string}\"},\"query-input\":\"required name=search_term_string\"}],\"inLanguage\":\"ga\"},{\"@type\":\"Organization\",\"@id\":\"https:\/\/www.colaiste.ie\/#organization\",\"name\":\"Col\u00e1iste Gaeilge Chol\u00e1ist\u00ed Chorca Dhuibhne\",\"url\":\"https:\/\/www.colaiste.ie\/\",\"logo\":{\"@type\":\"ImageObject\",\"inLanguage\":\"ga\",\"@id\":\"https:\/\/www.colaiste.ie\/#\/schema\/logo\/image\/\",\"url\":\"https:\/\/www.colaiste.ie\/wp-content\/uploads\/2020\/08\/Logo-Transparent-With-Shadow_1000-X-1000px.png\",\"contentUrl\":\"https:\/\/www.colaiste.ie\/wp-content\/uploads\/2020\/08\/Logo-Transparent-With-Shadow_1000-X-1000px.png\",\"width\":1000,\"height\":1000,\"caption\":\"Col\u00e1iste Gaeilge Chol\u00e1ist\u00ed Chorca Dhuibhne\"},\"image\":{\"@id\":\"https:\/\/www.colaiste.ie\/#\/schema\/logo\/image\/\"},\"sameAs\":[\"https:\/\/www.facebook.com\/colaisteCD\/\",\"https:\/\/www.instagram.com\/colaistecd\/?hl=en\"]}]}<\/script>\n<!-- \/ Yoast SEO plugin. -->","yoast_head_json":{"title":"Polasa\u00ed Cuacha - Col\u00e1iste Gaeilge Chol\u00e1ist\u00ed Chorca Dhuibhne","robots":{"index":"index","follow":"follow","max-snippet":"max-snippet:-1","max-image-preview":"max-image-preview:large","max-video-preview":"max-video-preview:-1"},"canonical":"https:\/\/www.colaiste.ie\/ga\/cookie-policy\/","og_locale":"en_US","og_type":"article","og_title":"Polasa\u00ed Cuacha - Col\u00e1iste Gaeilge Chol\u00e1ist\u00ed Chorca Dhuibhne","og_description":"\u00das\u00e1ideann an su\u00edomh seo cuacha &#8211; comhaid bheaga t\u00e9acs a chuirtear ar\u00a0do r\u00edomhaire chun cabhr\u00fa leis an su\u00edomh\u00a0eisp\u00e9ireas \u00fas\u00e1ideora n\u00edos fearr a shol\u00e1thar\u00a0duit.\u00a0Go ginear\u00e1lta, \u00fas\u00e1idtear cuacha chun roghanna an \u00fas\u00e1ideora a choime\u00e1d, eolas a st\u00f3r\u00e1il do nithe\u00a0ar n\u00f3s tralaithe siopad\u00f3ireachta, agus chun sonra\u00ed rianaireachta gan ainm a shol\u00e1thar d&#8217;fheidhmchl\u00e1ir do thr\u00ed\u00fa p\u00e1irtithe ar n\u00f3s\u00a0Google Analytics. [&hellip;]","og_url":"https:\/\/www.colaiste.ie\/ga\/cookie-policy\/","og_site_name":"Col\u00e1iste Gaeilge Chol\u00e1ist\u00ed Chorca Dhuibhne","article_publisher":"https:\/\/www.facebook.com\/colaisteCD\/","article_modified_time":"2022-10-05T09:31:13+00:00","twitter_misc":{"Est. reading time":"1 minute"},"schema":{"@context":"https:\/\/schema.org","@graph":[{"@type":"WebPage","@id":"https:\/\/www.colaiste.ie\/ga\/cookie-policy\/","url":"https:\/\/www.colaiste.ie\/ga\/cookie-policy\/","name":"Polasa\u00ed Cuacha - Col\u00e1iste Gaeilge Chol\u00e1ist\u00ed Chorca Dhuibhne","isPartOf":{"@id":"https:\/\/www.colaiste.ie\/#website"},"datePublished":"2018-08-21T14:33:27+00:00","dateModified":"2022-10-05T09:31:13+00:00","breadcrumb":{"@id":"https:\/\/www.colaiste.ie\/ga\/cookie-policy\/#breadcrumb"},"inLanguage":"ga","potentialAction":[{"@type":"ReadAction","target":["https:\/\/www.colaiste.ie\/ga\/cookie-policy\/"]}]},{"@type":"BreadcrumbList","@id":"https:\/\/www.colaiste.ie\/ga\/cookie-policy\/#breadcrumb","itemListElement":[{"@type":"ListItem","position":1,"name":"Baile","item":"https:\/\/www.colaiste.ie\/ga\/"},{"@type":"ListItem","position":2,"name":"Polasa\u00ed Cuacha"}]},{"@type":"WebSite","@id":"https:\/\/www.colaiste.ie\/#website","url":"https:\/\/www.colaiste.ie\/","name":"Col\u00e1iste Gaeilge Chol\u00e1ist\u00ed Chorca Dhuibhne","description":"C\u00farsa\u00ed Gaeilge i gCorca Dhuibhne","publisher":{"@id":"https:\/\/www.colaiste.ie\/#organization"},"potentialAction":[{"@type":"SearchAction","target":{"@type":"EntryPoint","urlTemplate":"https:\/\/www.colaiste.ie\/?s={search_term_string}"},"query-input":"required name=search_term_string"}],"inLanguage":"ga"},{"@type":"Organization","@id":"https:\/\/www.colaiste.ie\/#organization","name":"Col\u00e1iste Gaeilge Chol\u00e1ist\u00ed Chorca Dhuibhne","url":"https:\/\/www.colaiste.ie\/","logo":{"@type":"ImageObject","inLanguage":"ga","@id":"https:\/\/www.colaiste.ie\/#\/schema\/logo\/image\/","url":"https:\/\/www.colaiste.ie\/wp-content\/uploads\/2020\/08\/Logo-Transparent-With-Shadow_1000-X-1000px.png","contentUrl":"https:\/\/www.colaiste.ie\/wp-content\/uploads\/2020\/08\/Logo-Transparent-With-Shadow_1000-X-1000px.png","width":1000,"height":1000,"caption":"Col\u00e1iste Gaeilge Chol\u00e1ist\u00ed Chorca Dhuibhne"},"image":{"@id":"https:\/\/www.colaiste.ie\/#\/schema\/logo\/image\/"},"sameAs":["https:\/\/www.facebook.com\/colaisteCD\/","https:\/\/www.instagram.com\/colaistecd\/?hl=en"]}]}},"_links":{"self":[{"href":"https:\/\/www.colaiste.ie\/ga\/wp-json\/wp\/v2\/pages\/1646"}],"collection":[{"href":"https:\/\/www.colaiste.ie\/ga\/wp-json\/wp\/v2\/pages"}],"about":[{"href":"https:\/\/www.colaiste.ie\/ga\/wp-json\/wp\/v2\/types\/page"}],"author":[{"embeddable":true,"href":"https:\/\/www.colaiste.ie\/ga\/wp-json\/wp\/v2\/users\/6"}],"replies":[{"embeddable":true,"href":"https:\/\/www.colaiste.ie\/ga\/wp-json\/wp\/v2\/comments?post=1646"}],"version-history":[{"count":2,"href":"https:\/\/www.colaiste.ie\/ga\/wp-json\/wp\/v2\/pages\/1646\/revisions"}],"predecessor-version":[{"id":3019,"href":"https:\/\/www.colaiste.ie\/ga\/wp-json\/wp\/v2\/pages\/1646\/revisions\/3019"}],"wp:attachment":[{"href":"https:\/\/www.colaiste.ie\/ga\/wp-json\/wp\/v2\/media?parent=1646"}],"curies":[{"name":"wp","href":"https:\/\/api.w.org\/{rel}","templated":true}]}}